{"id":12670,"date":"2023-09-08T10:06:57","date_gmt":"2023-09-08T15:06:57","guid":{"rendered":"https:\/\/www.kpnsafety.com\/colombia\/?post_type=product&#038;p=12670"},"modified":"2025-10-23T11:09:59","modified_gmt":"2025-10-23T16:09:59","slug":"traje-quimico-para-proteccion-hermetica-al-gas","status":"publish","type":"product","link":"https:\/\/www.kpnsafety.com\/colombia\/product\/traje-quimico-para-proteccion-hermetica-al-gas\/","title":{"rendered":"TRAJE QU\u00cdMICO PARA PROTECCI\u00d3N HERM\u00c9TICA AL GAS"},"content":{"rendered":"<p><strong>MATERIALES DEL PRODUCTO<\/strong><\/p>\n<p>Tela laminada de barrera no tejida multicapa<\/p>\n<p><strong>TIPO DE COSTURA<\/strong><\/p>\n<p>Costuras soldadas y selladas por ultrasonidos<\/p>\n<p><strong>RESUMEN DE NORMAS<\/strong><\/p>\n<p>CATEGOR\u00cdA CE III (Tipo 1a-B, Tipo 1a-ET-B, EN 14126)<\/p>\n<p><strong>REFERENCIA DEL PRODUCTO<\/strong><\/p>\n<p>6000 Gas &#8211; Herm\u00e9tico &#8211; Modelo 808- GA1<\/p>\n<p><strong>TAMA\u00d1OS<\/strong><\/p>\n<p>S-3XL (02-07)<\/p>\n<p><strong>PESO<\/strong><\/p>\n<p>2\u00a030gsm<\/p>\n","protected":false},"excerpt":{"rendered":"<p><strong>Tecnolog\u00eda de barrera qu\u00edmica multicapa para protecci\u00f3n herm\u00e9tica al gas tipo 1\/nivel A.<\/strong><\/p>\n<p>TRAJE QU\u00cdMICO PARA PROTECCI\u00d3N HERM\u00c9TICA AL GAS<\/p>\n<p>El traje herm\u00e9tico a gases tipo 1 est\u00e1 totalmente encapsulado con calcetines integrales y pernera exterior recta. Cuenta con una entrada lateral y Cremallera estanca al gas DYNAT\/YKK con solapa de cierre de velcro. El traje incluye rodillas reforzadas, manga \u00fanica, pu\u00f1o con bloqueo externo y juego de guantes GA1 (barrera + exterior de neopreno) adem\u00e1s de un excelente respaldo ampliado para uso interno de aparatos de respiraci\u00f3n aut\u00f3noma y v\u00e1lvulas de exhalaci\u00f3n ubicadas en la parte trasera.<\/p>\n<p><strong>1 a\u00f1o de Garant\u00eda con KPN\u00a0<\/strong><\/p>\n<p><a href=\"https:\/\/api.whatsapp.com\/send?phone=573147862881\" target=\"_blank\" rel=\"noopener\"><button class=\"boton\">Contactar un asesor<\/button><\/a><\/p>\n<p><a href=\"https:\/\/www.kpnsafety.com\/colombia\/contactanos\/\" target=\"_blank\" rel=\"noopener\"><button class=\"boton\">Solicitar presupuesto<\/button><\/a><\/p>\n","protected":false},"featured_media":12671,"comment_status":"closed","ping_status":"closed","template":"","meta":[],"product_brand":[],"product_cat":[127,188],"product_tag":[235,538],"class_list":{"0":"post-12670","1":"product","2":"type-product","3":"status-publish","4":"has-post-thumbnail","6":"product_cat-proteccion-corporal","7":"product_cat-proteccion-quimica-proteccion-corporal","8":"product_tag-proteccion-quimica","9":"product_tag-traje-quimico-para-proteccion-hermetica-al-gas","11":"first","12":"instock","13":"taxable","14":"shipping-taxable","15":"product-type-simple"},"_links":{"self":[{"href":"https:\/\/www.kpnsafety.com\/colombia\/wp-json\/wp\/v2\/product\/12670","targetHints":{"allow":["GET"]}}],"collection":[{"href":"https:\/\/www.kpnsafety.com\/colombia\/wp-json\/wp\/v2\/product"}],"about":[{"href":"https:\/\/www.kpnsafety.com\/colombia\/wp-json\/wp\/v2\/types\/product"}],"replies":[{"embeddable":true,"href":"https:\/\/www.kpnsafety.com\/colombia\/wp-json\/wp\/v2\/comments?post=12670"}],"wp:featuredmedia":[{"embeddable":true,"href":"https:\/\/www.kpnsafety.com\/colombia\/wp-json\/wp\/v2\/media\/12671"}],"wp:attachment":[{"href":"https:\/\/www.kpnsafety.com\/colombia\/wp-json\/wp\/v2\/media?parent=12670"}],"wp:term":[{"taxonomy":"product_brand","embeddable":true,"href":"https:\/\/www.kpnsafety.com\/colombia\/wp-json\/wp\/v2\/product_brand?post=12670"},{"taxonomy":"product_cat","embeddable":true,"href":"https:\/\/www.kpnsafety.com\/colombia\/wp-json\/wp\/v2\/product_cat?post=12670"},{"taxonomy":"product_tag","embeddable":true,"href":"https:\/\/www.kpnsafety.com\/colombia\/wp-json\/wp\/v2\/product_tag?post=12670"}],"curies":[{"name":"wp","href":"https:\/\/api.w.org\/{rel}","templated":true}]}}