{"id":12724,"date":"2023-10-03T15:52:04","date_gmt":"2023-10-03T20:52:04","guid":{"rendered":"https:\/\/www.kpnsafety.com\/colombia\/?post_type=product&#038;p=12724"},"modified":"2025-12-09T14:16:21","modified_gmt":"2025-12-09T19:16:21","slug":"guantes-cr5","status":"publish","type":"product","link":"https:\/\/www.kpnsafety.com\/colombia\/product\/guantes-cr5\/","title":{"rendered":"Guantes CR5"},"content":{"rendered":"<h2>Guantes CR5 &#8211; protecci\u00f3n industrial manual<\/h2>\n<p>Los <em data-start=\"36\" data-end=\"49\">Guantes CR5<\/em> son la opci\u00f3n ideal para garantizar la <strong data-start=\"89\" data-end=\"110\">m\u00e1xima protecci\u00f3n<\/strong> en trabajos de <strong data-start=\"126\" data-end=\"141\">alto riesgo<\/strong>. Dise\u00f1ados con materiales <strong data-start=\"168\" data-end=\"192\">resistentes al fuego<\/strong>, estos guantes ofrecen <strong data-start=\"216\" data-end=\"244\">alta resistencia t\u00e9rmica<\/strong> y <strong data-start=\"247\" data-end=\"270\">protecci\u00f3n mec\u00e1nica<\/strong>, lo que los hace perfectos para <strong data-start=\"303\" data-end=\"348\">intervenciones estructurales y forestales<\/strong>. Su <strong data-start=\"353\" data-end=\"374\">dise\u00f1o ergon\u00f3mico<\/strong> proporciona un ajuste c\u00f3modo y un <strong data-start=\"409\" data-end=\"424\">gran agarre<\/strong>, permitiendo a los bomberos trabajar con precisi\u00f3n y seguridad. Adem\u00e1s, est\u00e1n equipados con <strong data-start=\"517\" data-end=\"545\">refuerzos en zonas clave<\/strong> para asegurar una mayor durabilidad y resistencia en condiciones extremas. <strong data-start=\"621\" data-end=\"720\" data-is-last-node=\"\">Compra tus Guantes CR5 hoy mismo y protege a tu equipo con los mejores est\u00e1ndares de seguridad.<\/strong><\/p>\n<h2><strong data-start=\"0\" data-end=\"29\" data-is-only-node=\"\">Caracter\u00edsticas Guantes CR5 para Bomberos<\/strong><\/h2>\n<ul>\n<li>Resistencia a cortes ANSI A9<\/li>\n<li>Material exclusivo de la palma que proporciona un 25% m\u00e1s resistencia a la abrasi\u00f3n que el cuero sint\u00e9tico;<\/li>\n<li>Palma punteada pen material sint\u00e9tico para un mejor agarre.<\/li>\n<li>Fabricado con fibras sint\u00e9ticas compuestas por Poliamida, Poli\u00e9ster, Elastano y Poliuretano extremadamente maleables, confortables y con resistencia mec\u00e1nica.<\/li>\n<li>Tratamiento Hidrofugado que repele grasas, polvo y sustancias y facilita su limpieza.<\/li>\n<li>Resistencia al calor por contacto.<\/li>\n<\/ul>\n<div class=\"elementor-element elementor-element-4fbc322 elementor-widget elementor-widget-heading\" data-id=\"4fbc322\" data-element_type=\"widget\" data-widget_type=\"heading.default\">\n<div class=\"elementor-widget-container\">\n<h2 class=\"elementor-heading-title elementor-size-default\"><strong>\u00bfC\u00f3mo te protegen las normas EN-388 y EN 407 en los guantes KPN?<\/strong><\/h2>\n<\/div>\n<\/div>\n<div class=\"elementor-element elementor-element-0741ac9 elementor-widget elementor-widget-text-editor\" data-id=\"0741ac9\" data-element_type=\"widget\" data-widget_type=\"text-editor.default\">\n<div class=\"elementor-widget-container\">\n<p>KPN FORCE of<img fetchpriority=\"high\" decoding=\"async\" class=\"alignleft wp-image-1938 \" src=\"https:\/\/www.kpnsafety.com\/ec\/wp-content\/uploads\/2023\/07\/norma-en-388-guantes-kpn-force.jpg\" alt=\"\" width=\"374\" height=\"327\">rece m\u00e1s protecci\u00f3n y rendimiento que sus competidores.<\/p>\n<p><a href=\"https:\/\/www.kpnsafety.com\/uy\/wp-content\/uploads\/2023\/07\/pictograma-EN-388-guantes-KPN-CR5-nuevo.jpg\"><img decoding=\"async\" class=\"alignnone size-full wp-image-2069\" src=\"https:\/\/www.kpnsafety.com\/uy\/wp-content\/uploads\/2023\/07\/pictograma-EN-388-guantes-KPN-CR5-nuevo.jpg\" alt=\"\" width=\"282\" height=\"241\"><\/a><a href=\"https:\/\/www.kpnsafety.com\/uy\/wp-content\/uploads\/2023\/07\/calor-por-contacto-1.jpg\"><img decoding=\"async\" class=\"alignnone size-full wp-image-2067\" src=\"https:\/\/www.kpnsafety.com\/uy\/wp-content\/uploads\/2023\/07\/calor-por-contacto-1.jpg\" alt=\"\" width=\"282\" height=\"241\"><\/a><\/p>\n<\/div>\n<\/div>\n","protected":false},"excerpt":{"rendered":"<p>Guantes de la l\u00ednea FORCE\u00a0 <strong>KPN CR5<\/strong> de protecci\u00f3n desarrollado para la protecci\u00f3n contra agentes mec\u00e1nicos y t\u00e9rmicos.<\/p>\n<p><strong>\u00c1rea de aplicaci\u00f3n:<\/strong><\/p>\n<ul>\n<li>Petr\u00f3leo y gas<\/li>\n<li>Miner\u00eda<\/li>\n<li>Construcci\u00f3n civil<\/li>\n<li>Mantenimiento<\/li>\n<li>Servicios generales<\/li>\n<li>Emergencias y rescate<\/li>\n<\/ul>\n<p>Industrias y procesos productivos con riesgos mec\u00e1nicos y t\u00e9rmicos identificados.<\/p>\n<p><strong>1 A\u00f1o de Garant\u00eda con KPN<\/strong><\/p>\n<p><a href=\"https:\/\/api.whatsapp.com\/send?phone=573147862881\" target=\"_blank\" rel=\"noopener\"><button class=\"boton\">Contactar un asesor<\/button><\/a><\/p>\n<p><a href=\"https:\/\/www.kpnsafety.com\/colombia\/contactanos\/\" target=\"_blank\" rel=\"noopener\"><button class=\"boton\">Solicitar presupuesto<\/button><\/a><\/p>\n<p><a href=\"https:\/\/www.kpnsafety.com\/colombia\/wp-content\/uploads\/2025\/10\/FT_Guantes-KPN-CR5-ES-Nueva.pdf\" rel=\"noopener noreferrer\"><button class=\"boton\">FICHA T\u00c9CNICA<\/button><\/a><\/p>\n","protected":false},"featured_media":12727,"comment_status":"closed","ping_status":"closed","template":"","meta":[],"product_brand":[],"product_cat":[539,131,117,116,334,115],"product_tag":[345,541,542,543,552,540,532,545,550,546,544,548,549,551,547],"class_list":{"0":"post-12724","1":"product","2":"type-product","3":"status-publish","4":"has-post-thumbnail","6":"product_cat-guantes-kpn-force","7":"product_cat-bomberos-y-emergencias","8":"product_cat-guantes-anti-corte","9":"product_cat-guantes-anti-impacto","10":"product_cat-guantes-para-bomberos","11":"product_cat-proteccion-manual","12":"product_tag-bomberos","13":"product_tag-busqueda-y-rescate","14":"product_tag-equipos-de-proteccion","15":"product_tag-guantes-impacto","16":"product_tag-industria-minera","17":"product_tag-kpn-force","18":"product_tag-mineria","19":"product_tag-normativa-bomberos","20":"product_tag-objetos-afilados","21":"product_tag-proteccion","22":"product_tag-rescate","23":"product_tag-seguridad-de-los-trabajadores","24":"product_tag-sustancias-quimicas","25":"product_tag-temperaturas-extremas","26":"product_tag-trabajos-especializados","28":"first","29":"instock","30":"taxable","31":"shipping-taxable","32":"purchasable","33":"product-type-variable","34":"has-default-attributes"},"_links":{"self":[{"href":"https:\/\/www.kpnsafety.com\/colombia\/wp-json\/wp\/v2\/product\/12724","targetHints":{"allow":["GET"]}}],"collection":[{"href":"https:\/\/www.kpnsafety.com\/colombia\/wp-json\/wp\/v2\/product"}],"about":[{"href":"https:\/\/www.kpnsafety.com\/colombia\/wp-json\/wp\/v2\/types\/product"}],"replies":[{"embeddable":true,"href":"https:\/\/www.kpnsafety.com\/colombia\/wp-json\/wp\/v2\/comments?post=12724"}],"wp:featuredmedia":[{"embeddable":true,"href":"https:\/\/www.kpnsafety.com\/colombia\/wp-json\/wp\/v2\/media\/12727"}],"wp:attachment":[{"href":"https:\/\/www.kpnsafety.com\/colombia\/wp-json\/wp\/v2\/media?parent=12724"}],"wp:term":[{"taxonomy":"product_brand","embeddable":true,"href":"https:\/\/www.kpnsafety.com\/colombia\/wp-json\/wp\/v2\/product_brand?post=12724"},{"taxonomy":"product_cat","embeddable":true,"href":"https:\/\/www.kpnsafety.com\/colombia\/wp-json\/wp\/v2\/product_cat?post=12724"},{"taxonomy":"product_tag","embeddable":true,"href":"https:\/\/www.kpnsafety.com\/colombia\/wp-json\/wp\/v2\/product_tag?post=12724"}],"curies":[{"name":"wp","href":"https:\/\/api.w.org\/{rel}","templated":true}]}}