{"id":13498,"date":"2024-05-06T15:38:57","date_gmt":"2024-05-06T20:38:57","guid":{"rendered":"https:\/\/www.kpnsafety.com\/colombia\/?post_type=product&#038;p=13498"},"modified":"2026-04-01T09:34:24","modified_gmt":"2026-04-01T14:34:24","slug":"motobomba-portatil-bp4","status":"publish","type":"product","link":"https:\/\/www.kpnsafety.com\/colombia\/product\/motobomba-portatil-bp4\/","title":{"rendered":"Motobomba port\u00e1til BP4"},"content":{"rendered":"<h2>Descripci\u00f3n<\/h2>\n<div class=\"titles3 titles--black\">\n<div class=\"title\">Bomba Centr\u00edfuga de 4 etapas<\/div>\n<div class=\"subtitle\"><\/div>\n<\/div>\n<ul>\n<li>Compacta, eficiente y fiable.<\/li>\n<li>Cuerpo e impelers fabricados en aluminio con tratamiento anticorrosivo.<\/li>\n<li>Eje y resto de componentes est\u00e1n fabricados en acero inoxidable.<\/li>\n<li>Compatible con espum\u00f3geno.<\/li>\n<\/ul>\n<p>&nbsp;<\/p>\n<div class=\"titles3 titles--black\">\n<div class=\"title\">Motor Polini Thor 130 Evo<\/div>\n<div class=\"subtitle\"><\/div>\n<\/div>\n<ul>\n<li>Motor de altas prestaciones, en formato compacto y ligero.<\/li>\n<li>2 tiempos gasolina.<\/li>\n<li>Peso en seco: 12,5 kg.<\/li>\n<\/ul>\n<div class=\"titles3 titles--black\">\n<div class=\"title\">Interfaz de uso intuitiva<\/div>\n<div class=\"subtitle\">Panel LED de indicadores y tac\u00f3metro integrado para horas\/rpm.<\/div>\n<div><\/div>\n<\/div>\n<div><\/div>\n<div>\n<div class=\"titles3 titles--black\">\n<div class=\"title\">F\u00e1cil de transportar<\/div>\n<div class=\"subtitle\">Gracias a su peso de solo 22kg en seco, puede ser f\u00e1cilmente transportada en una mochila de carga, o mediante su asa ergon\u00f3mica.<\/div>\n<\/div>\n<\/div>\n<div><\/div>\n<div><\/div>\n<div>\n<div class=\"titles3 titles--black\">\n<div class=\"title\">El arranque m\u00e1s f\u00e1cil<\/div>\n<div class=\"subtitle\">Las caracter\u00edsticas \u00fanicas del motor de 2 tiempos de la BP4, 125cc \/ 10 HP, permiten un arranque suave y sin esfuerzo, minimizando roturas en el tirador de arranque, y ofreciendo un rendimiento caudal \/ presi\u00f3n \u00fanico. Poner en marcha una motobomba nunca fue tan f\u00e1cil.<\/div>\n<\/div>\n<\/div>\n","protected":false},"excerpt":{"rendered":"<p>Presentamos la nueva\u00a0<strong>motobomba port\u00e1til BP4<\/strong>. Una motobomba robusta y potente, equipada con una bomba centr\u00edfuga de 4 etapas y un motor de 2 tiempos. Esta poderosa combinaci\u00f3n permite trabajar con gran caudal y presi\u00f3n en grandes distancias y elevaciones.<\/p>\n<p><strong>1 A\u00f1o de Garant\u00eda con KPN<\/strong><\/p>\n<p><a href=\"https:\/\/api.whatsapp.com\/send?phone=573147862881\" target=\"_blank\" rel=\"noopener\"><button class=\"boton\">Contactar un asesor<\/button><\/a><\/p>\n<p><a href=\"https:\/\/www.kpnsafety.com\/colombia\/contactanos\/\" target=\"_blank\" rel=\"noopener\"><button class=\"boton\">Solicitar presupuesto<\/button><\/a><\/p>\n","protected":false},"featured_media":16591,"comment_status":"closed","ping_status":"closed","template":"","meta":[],"product_brand":[],"product_cat":[174,355,131,558,171],"product_tag":[556],"class_list":{"0":"post-13498","1":"product","2":"type-product","3":"status-publish","4":"has-post-thumbnail","6":"product_cat-kits-de-extincion-y-bombas","7":"product_cat-bomberos-forestales","8":"product_cat-bomberos-y-emergencias","9":"product_cat-equipos-para-incendios-forestales","10":"product_cat-herramientas-forestales","11":"product_tag-motobomba-bp4","13":"first","14":"instock","15":"taxable","16":"shipping-taxable","17":"purchasable","18":"product-type-simple"},"_links":{"self":[{"href":"https:\/\/www.kpnsafety.com\/colombia\/wp-json\/wp\/v2\/product\/13498","targetHints":{"allow":["GET"]}}],"collection":[{"href":"https:\/\/www.kpnsafety.com\/colombia\/wp-json\/wp\/v2\/product"}],"about":[{"href":"https:\/\/www.kpnsafety.com\/colombia\/wp-json\/wp\/v2\/types\/product"}],"replies":[{"embeddable":true,"href":"https:\/\/www.kpnsafety.com\/colombia\/wp-json\/wp\/v2\/comments?post=13498"}],"wp:featuredmedia":[{"embeddable":true,"href":"https:\/\/www.kpnsafety.com\/colombia\/wp-json\/wp\/v2\/media\/16591"}],"wp:attachment":[{"href":"https:\/\/www.kpnsafety.com\/colombia\/wp-json\/wp\/v2\/media?parent=13498"}],"wp:term":[{"taxonomy":"product_brand","embeddable":true,"href":"https:\/\/www.kpnsafety.com\/colombia\/wp-json\/wp\/v2\/product_brand?post=13498"},{"taxonomy":"product_cat","embeddable":true,"href":"https:\/\/www.kpnsafety.com\/colombia\/wp-json\/wp\/v2\/product_cat?post=13498"},{"taxonomy":"product_tag","embeddable":true,"href":"https:\/\/www.kpnsafety.com\/colombia\/wp-json\/wp\/v2\/product_tag?post=13498"}],"curies":[{"name":"wp","href":"https:\/\/api.w.org\/{rel}","templated":true}]}}