{"id":13506,"date":"2024-05-06T15:50:52","date_gmt":"2024-05-06T20:50:52","guid":{"rendered":"https:\/\/www.kpnsafety.com\/colombia\/?post_type=product&#038;p=13506"},"modified":"2025-10-23T09:11:53","modified_gmt":"2025-10-23T14:11:53","slug":"herramienta-multifuncional-gorgui","status":"publish","type":"product","link":"https:\/\/www.kpnsafety.com\/colombia\/product\/herramienta-multifuncional-gorgui\/","title":{"rendered":"HERRAMIENTA MULTIFUNCIONAL GORGUI"},"content":{"rendered":"<div class=\"wpb-content-wrapper\"><h2>Descripci\u00f3n<\/h2>\n<div class=\"vc_row wpb_row vc_row-fluid\">\n<div class=\"wpb_column vc_column_container vc_col-sm-12\">\n<div class=\"vc_column-inner\">\n<div class=\"wpb_wrapper\">\n<div class=\"wpb_text_column wpb_content_element \">\n<div class=\"wpb_wrapper\">\n<p><strong>Material de las cuchillas de corte<\/strong><br \/>\nAcero anti-desgaste, dureza 500.<\/p>\n<p><strong>Material de cabeza<\/strong><br \/>\nAluminio y titanio.<\/p>\n<p><strong>Resistencia de la hoja<\/strong><br \/>\n1.400 \/ 1.800 N\/ mm2.<\/p>\n<p><strong>L\u00edmite el\u00e1stico<\/strong><br \/>\n1400 N \/mm.<\/p>\n<p><strong>Dureza<\/strong><br \/>\n440\/520 Hb.<\/p>\n<p><strong>Dimensiones<\/strong><br \/>\n185 x 335 mm.<\/p>\n<p><strong>Peso<\/strong><br \/>\n2,80 kilos.<\/p>\n<p><strong>Material de manipulaci\u00f3n<\/strong><br \/>\nMadera de eucalipto.<\/p>\n<p><strong>Longitud del cable<\/strong><br \/>\n1,25 m.<\/p>\n<p><strong>Di\u00e1metro medio<\/strong><br \/>\n31 mm.<\/p>\n<p><strong>Sistema de acoplamiento<\/strong><br \/>\nPor presi\u00f3n y fijada con un alfiler.<\/p>\n<\/div>\n<\/div>\n<\/div>\n<\/div>\n<\/div>\n<\/div>\n<\/div>","protected":false},"excerpt":{"rendered":"<p>La herramienta multifunci\u00f3n Gorgui est\u00e1 dise\u00f1ada exclusivamente para combatir incendios forestales. Nace de la experiencia y de las necesidades de las m\u00e1s avanzadas brigadas de bomberos en el uso de Herramientas para incendios Forestales manuales. Su principal caracter\u00edstica es la versatilidad en todos los tipos de terrenos, gracias a la combinaci\u00f3n de las Herramientas para incendios Forestales m\u00e1s utilizadas en la extinci\u00f3n de incendios forestales en una sola.<\/p>\n<p><strong>1 A\u00f1o de Garant\u00eda con KPN<\/strong><\/p>\n<p><a href=\"https:\/\/api.whatsapp.com\/send?phone=573147862881\" target=\"_blank\" rel=\"noopener\"><button class=\"boton\">Contactar un asesor<\/button><\/a><\/p>\n<p><a href=\"https:\/\/www.kpnsafety.com\/colombia\/contactanos\/\" target=\"_blank\" rel=\"noopener\"><button class=\"boton\">Solicitar presupuesto<\/button><\/a><\/p>\n","protected":false},"featured_media":15378,"comment_status":"closed","ping_status":"closed","template":"","meta":[],"product_brand":[],"product_cat":[131,171],"product_tag":[557],"class_list":{"0":"post-13506","1":"product","2":"type-product","3":"status-publish","4":"has-post-thumbnail","6":"product_cat-bomberos-y-emergencias","7":"product_cat-herramientas-forestales","8":"product_tag-herramienta-multifuncional-gorgui","10":"first","11":"onbackorder","12":"taxable","13":"shipping-taxable","14":"product-type-simple"},"_links":{"self":[{"href":"https:\/\/www.kpnsafety.com\/colombia\/wp-json\/wp\/v2\/product\/13506","targetHints":{"allow":["GET"]}}],"collection":[{"href":"https:\/\/www.kpnsafety.com\/colombia\/wp-json\/wp\/v2\/product"}],"about":[{"href":"https:\/\/www.kpnsafety.com\/colombia\/wp-json\/wp\/v2\/types\/product"}],"replies":[{"embeddable":true,"href":"https:\/\/www.kpnsafety.com\/colombia\/wp-json\/wp\/v2\/comments?post=13506"}],"wp:featuredmedia":[{"embeddable":true,"href":"https:\/\/www.kpnsafety.com\/colombia\/wp-json\/wp\/v2\/media\/15378"}],"wp:attachment":[{"href":"https:\/\/www.kpnsafety.com\/colombia\/wp-json\/wp\/v2\/media?parent=13506"}],"wp:term":[{"taxonomy":"product_brand","embeddable":true,"href":"https:\/\/www.kpnsafety.com\/colombia\/wp-json\/wp\/v2\/product_brand?post=13506"},{"taxonomy":"product_cat","embeddable":true,"href":"https:\/\/www.kpnsafety.com\/colombia\/wp-json\/wp\/v2\/product_cat?post=13506"},{"taxonomy":"product_tag","embeddable":true,"href":"https:\/\/www.kpnsafety.com\/colombia\/wp-json\/wp\/v2\/product_tag?post=13506"}],"curies":[{"name":"wp","href":"https:\/\/api.w.org\/{rel}","templated":true}]}}