{"id":14240,"date":"2024-08-22T15:33:57","date_gmt":"2024-08-22T20:33:57","guid":{"rendered":"https:\/\/www.kpnsafety.com\/colombia\/?post_type=product&#038;p=14240"},"modified":"2025-10-23T09:05:38","modified_gmt":"2025-10-23T14:05:38","slug":"botas-para-bombero-volcano-fal","status":"publish","type":"product","link":"https:\/\/www.kpnsafety.com\/colombia\/product\/botas-para-bombero-volcano-fal\/","title":{"rendered":"Botas para bombero Torch Boa"},"content":{"rendered":"<div class=\"title\">Bota de seguridad para Bomberos lavable.<\/div>\n<ul>\n<li><strong>Corte:<\/strong> confeccionado en\u00a0piel flor negra, resistente al agua y transpirable\u00a0(Coeficiente de vapor de agua &gt; 40 mg\/cm2). Adem\u00e1s cuenta con gran\u00a0resistencia a la abrasi\u00f3n.<\/li>\n<li><strong>Membrana interior con Gore \u2013 Tex \u00ae<\/strong>: Membrana de 4 capas, impermeable a la vez que transpiraba con alta resistencia a la abrasi\u00f3n (&gt;500.000 ciclos).\u00a0Opci\u00f3n anti sangre: Crosstech\u00ae (by Gore-Tex).<\/li>\n<li><strong>Plantilla: <\/strong>en 2 capas\u00a0(PES y open-cell foam).\u00a0Preformada\u00a0anat\u00f3micamente,\u00a0antibacteriana\u00a0(carb\u00f3n activo), gran absorci\u00f3n de energ\u00eda y recuperaci\u00f3n.<\/li>\n<li><strong>Plantilla de protecci\u00f3n: <\/strong>con sistema anti perforaci\u00f3n de Polyester de alta tenacidad (resistencia &gt;1300N).\u00a0Similar al Kevlar\u00ae.<\/li>\n<li><strong>Suela:<\/strong>\u00a0antiest\u00e1tica y resistente al fuego\u00a0hecha de poliuretano y caucho nitrilo bicolor para mejorar la visibilidad, con resaltes antideslizamiento y\u00a0resistente a hidrocarburos.<\/li>\n<li><strong>Puntera:<\/strong> Composite VINCAP\u00ae con protecci\u00f3n exterior de caucho.<\/li>\n<li><strong>Hilos:<\/strong>\u00a0con doble cosido\u00a0de Kevlar e hidrofugado y resistente al fuego.<\/li>\n<li><strong>Zonas reflectantes:<\/strong> 3M\u00ae resistentes al fuego\u00a0en los laterales y parte trasera para mejorar la visibilidad en condiciones de poca visibilidad.<\/li>\n<li><strong>Sistema de cierre: <\/strong>con ruleta BOA\u00ae resistente al agua, hielo barro y fuego. Cordones de acero trenzado. Recambiable.<\/li>\n<li>Tallas: 35 \u2013 50 (EU).<\/li>\n<li>Altura: 24 \u2013 26 cm (\u00b15% int \u2013 ext. Talla 42) Peso : 2,30 Kg (\u00b15% Talla 42)<\/li>\n<\/ul>\n","protected":false},"excerpt":{"rendered":"<p>Botas para Bombero de protecci\u00f3n multiprop\u00f3sito. Flexible y confortable.<\/p>\n<p>Bota de seguridad para Bomberos (Polivalente: Incendios, Rescate, Estructural, Tr\u00e1fico, Forestal)<\/p>\n<p>Protecci\u00f3n incendios &#8211; propiedades antiest\u00e1ticas<\/p>\n<ul>\n<li><em><strong>Normativa:<\/strong><\/em> F2A+SRC +HI3+CI+AN- EN 15090: 2012<\/li>\n<li><strong>Sistema de cierre con ruleta BOA\u00ae resistente al agua, hielo barro y fuego<\/strong>.<\/li>\n<\/ul>\n<div class=\"item-esp\">\n<div class=\"description-esp\">\n<p><strong>1 A\u00f1o de Garant\u00eda con KPN<\/strong><\/p>\n<p><a href=\"https:\/\/api.whatsapp.com\/send?phone=573147862881\" target=\"_blank\" rel=\"noopener\"><button class=\"boton\">Contactar un asesor<\/button><\/a><\/p>\n<p><a href=\"https:\/\/www.kpnsafety.com\/colombia\/contactanos\/\" target=\"_blank\" rel=\"noopener\"><button class=\"boton\">Solicitar presupuesto<\/button><\/a><\/p>\n<\/div>\n<\/div>\n","protected":false},"featured_media":15375,"comment_status":"closed","ping_status":"closed","template":"","meta":[],"product_brand":[],"product_cat":[131,368],"product_tag":[351,559,560,346,561,500],"class_list":{"0":"post-14240","1":"product","2":"type-product","3":"status-publish","4":"has-post-thumbnail","6":"product_cat-bomberos-y-emergencias","7":"product_cat-calzado-para-bomberos","8":"product_tag-bomberos-y-emergencias","9":"product_tag-botas-para-bombero","10":"product_tag-botas-vulcano-fal","11":"product_tag-equipos-bomberos-forestales","12":"product_tag-equipos-para-bomberos","13":"product_tag-extincion-de-incendios","15":"first","16":"onbackorder","17":"taxable","18":"shipping-taxable","19":"product-type-simple"},"_links":{"self":[{"href":"https:\/\/www.kpnsafety.com\/colombia\/wp-json\/wp\/v2\/product\/14240","targetHints":{"allow":["GET"]}}],"collection":[{"href":"https:\/\/www.kpnsafety.com\/colombia\/wp-json\/wp\/v2\/product"}],"about":[{"href":"https:\/\/www.kpnsafety.com\/colombia\/wp-json\/wp\/v2\/types\/product"}],"replies":[{"embeddable":true,"href":"https:\/\/www.kpnsafety.com\/colombia\/wp-json\/wp\/v2\/comments?post=14240"}],"wp:featuredmedia":[{"embeddable":true,"href":"https:\/\/www.kpnsafety.com\/colombia\/wp-json\/wp\/v2\/media\/15375"}],"wp:attachment":[{"href":"https:\/\/www.kpnsafety.com\/colombia\/wp-json\/wp\/v2\/media?parent=14240"}],"wp:term":[{"taxonomy":"product_brand","embeddable":true,"href":"https:\/\/www.kpnsafety.com\/colombia\/wp-json\/wp\/v2\/product_brand?post=14240"},{"taxonomy":"product_cat","embeddable":true,"href":"https:\/\/www.kpnsafety.com\/colombia\/wp-json\/wp\/v2\/product_cat?post=14240"},{"taxonomy":"product_tag","embeddable":true,"href":"https:\/\/www.kpnsafety.com\/colombia\/wp-json\/wp\/v2\/product_tag?post=14240"}],"curies":[{"name":"wp","href":"https:\/\/api.w.org\/{rel}","templated":true}]}}