{"id":14295,"date":"2024-09-09T17:26:20","date_gmt":"2024-09-09T22:26:20","guid":{"rendered":"https:\/\/www.kpnsafety.com\/colombia\/?post_type=product&#038;p=14295"},"modified":"2025-10-23T08:57:15","modified_gmt":"2025-10-23T13:57:15","slug":"casco-de-bombero-estructural-vfr-evo","status":"publish","type":"product","link":"https:\/\/www.kpnsafety.com\/colombia\/product\/casco-de-bombero-estructural-vfr-evo\/","title":{"rendered":"Casco de Bombero estructural VFR EVO"},"content":{"rendered":"<h4><strong>Principales usos del casco Sicor VFR-EVO:<\/strong><\/h4>\n<ul>\n<li><strong>En accidentes de tr\u00e1fico<\/strong>: Protecci\u00f3n ante diversos riesgos durante el rescate, como explosiones, derrumbes, escombros y contacto con productos qu\u00edmicos.<\/li>\n<li><strong>En incendios estructurales<\/strong>: Resistencia a temperaturas extremadamente altas, ca\u00edda de escombros, fen\u00f3menos de flashover y visibilidad limitada.<\/li>\n<li><strong>En incendios al aire libre<\/strong>: Protecci\u00f3n frente a temperaturas extremas, fen\u00f3menos de calor radiante y materiales potencialmente explosivos o c\u00e1usticos.<\/li>\n<\/ul>\n<p>El casco VFR-EVO cuenta con un sistema universal de conexi\u00f3n ajustable para m\u00e1scaras de gas de dos puntos en los laterales de la carcasa, lo que lo hace compatible con todas las m\u00e1scaras disponibles en el mercado y garantiza una combinaci\u00f3n eficiente y segura entre casco y m\u00e1scara.<\/p>\n<p>Las viseras facial y ocular, certificadas seg\u00fan EN 14458 y EN 166, tienen la m\u00e1s alta calidad \u00f3ptica (Clase \u00d3ptica 1), son resistentes a altas temperaturas y protegen de forma segura los ojos y el rostro frente a calor extremo, electricidad, part\u00edculas l\u00edquidas y productos qu\u00edmicos. Adem\u00e1s, las dos palancas externas facilitan el manejo de la visera ocular incluso con guantes de intervenci\u00f3n, evitando que entren en contacto con la visera, el rostro y los ojos del operador.<\/p>\n<p>&nbsp;<\/p>\n<h4><strong>Caracter\u00edsticas<\/strong><\/h4>\n<ul>\n<li><strong>Casco:<\/strong> 1.220 gr.<\/li>\n<li><strong>Casco con visera y protector facial:<\/strong> 1.540 gr \u00b1 10 gr<\/li>\n<li><strong>Carcasa:<\/strong> Material termopl\u00e1stico, moldeado por inyecci\u00f3n, extremadamente resistente a altas temperaturas y tensiones mec\u00e1nicas<\/li>\n<li><strong>Carcasa interior:<\/strong> espuma de poliuretano con refuerzo moldeado en forma de panal + aramida para absorber golpes y perforaciones<\/li>\n<li><strong>Barbijo:<\/strong> Correa de barbilla de 4 puntos, ajustable con hebilla de liberaci\u00f3n<\/li>\n<li><strong>Interior:<\/strong> Cubiertas para la correa de la barbilla y la diadema acolchadas y resistentes al fuego, hechas de cuero o material de aramida<\/li>\n<\/ul>\n<h4>Certificaci\u00f3n<br \/>\nEl casco VFR-EVO es un EPI certificado CE de categor\u00eda III seg\u00fan las siguientes normativas:<\/h4>\n<ul>\n<li>EN 443:2008 (Cascos para la lucha contra incendios en edificios y otras estructuras)<\/li>\n<li>EN 16471:2014 (Cascos para la lucha contra incendios forestales)<\/li>\n<li>EN 16473:2014 (Cascos para rescate t\u00e9cnico)<br \/>\nMED<\/li>\n<\/ul>\n","protected":false},"excerpt":{"rendered":"<p>El Casco de Bombero estructural VFR EVO es robusto y extremadamente c\u00f3modo, el dispositivo ideal para la extinci\u00f3n de incendios estructurales. Uno de los cascos m\u00e1s ligeros y seguros para bomberos Tipo B (protecci\u00f3n completa).<\/p>\n<p><strong>Disponible en color Negro<\/strong><\/p>\n<p><strong>1 a\u00f1o de Garant\u00eda con KPN<\/strong><\/p>\n<p><a href=\"https:\/\/api.whatsapp.com\/send?phone=573147862881\" target=\"_blank\" rel=\"noopener\"><button class=\"boton\">Contactar un asesor<\/button><\/a><\/p>\n<p><a href=\"https:\/\/www.kpnsafety.com\/colombia\/contactanos\/\" target=\"_blank\" rel=\"noopener\"><button class=\"boton\">Solicitar presupuesto<\/button><\/a><\/p>\n","protected":false},"featured_media":15371,"comment_status":"closed","ping_status":"closed","template":"","meta":[],"product_brand":[],"product_cat":[131,215,533],"product_tag":[562,563],"class_list":{"0":"post-14295","1":"product","2":"type-product","3":"status-publish","4":"has-post-thumbnail","6":"product_cat-bomberos-y-emergencias","7":"product_cat-cascos-para-bombero","8":"product_cat-stock-entrega-inmediata","9":"product_tag-casco-estructural","10":"product_tag-e-casco-vfr-evo-negro","12":"first","13":"instock","14":"taxable","15":"shipping-taxable","16":"purchasable","17":"product-type-simple"},"_links":{"self":[{"href":"https:\/\/www.kpnsafety.com\/colombia\/wp-json\/wp\/v2\/product\/14295","targetHints":{"allow":["GET"]}}],"collection":[{"href":"https:\/\/www.kpnsafety.com\/colombia\/wp-json\/wp\/v2\/product"}],"about":[{"href":"https:\/\/www.kpnsafety.com\/colombia\/wp-json\/wp\/v2\/types\/product"}],"replies":[{"embeddable":true,"href":"https:\/\/www.kpnsafety.com\/colombia\/wp-json\/wp\/v2\/comments?post=14295"}],"wp:featuredmedia":[{"embeddable":true,"href":"https:\/\/www.kpnsafety.com\/colombia\/wp-json\/wp\/v2\/media\/15371"}],"wp:attachment":[{"href":"https:\/\/www.kpnsafety.com\/colombia\/wp-json\/wp\/v2\/media?parent=14295"}],"wp:term":[{"taxonomy":"product_brand","embeddable":true,"href":"https:\/\/www.kpnsafety.com\/colombia\/wp-json\/wp\/v2\/product_brand?post=14295"},{"taxonomy":"product_cat","embeddable":true,"href":"https:\/\/www.kpnsafety.com\/colombia\/wp-json\/wp\/v2\/product_cat?post=14295"},{"taxonomy":"product_tag","embeddable":true,"href":"https:\/\/www.kpnsafety.com\/colombia\/wp-json\/wp\/v2\/product_tag?post=14295"}],"curies":[{"name":"wp","href":"https:\/\/api.w.org\/{rel}","templated":true}]}}