{"id":15830,"date":"2025-05-06T12:42:40","date_gmt":"2025-05-06T17:42:40","guid":{"rendered":"https:\/\/www.kpnsafety.com\/colombia\/?post_type=product&#038;p=15830"},"modified":"2025-10-21T16:54:46","modified_gmt":"2025-10-21T21:54:46","slug":"casco-contra-incendios-compuesto-tradicional-1836","status":"publish","type":"product","link":"https:\/\/www.kpnsafety.com\/colombia\/product\/casco-contra-incendios-compuesto-tradicional-1836\/","title":{"rendered":"Casco contra Incendios Compuesto Tradicional 1836"},"content":{"rendered":"<ul>\n<li>Dise\u00f1ado para una f\u00e1cil limpieza, se puede desmontar en minutos para una f\u00e1cil inspecci\u00f3n y limpieza.<\/li>\n<li>Ligero y de montura de baja altura , uno de los cascos m\u00e1s ligeros del mercado con una montura de baja elevaci\u00f3n que ayuda a proporcionar un excelente equilibrio y confort.<\/li>\n<li>El sistema Slid-Lok, pendiente de patente, significa que no se necesita ninguna herramienta espec\u00edfica para ensamblar y desensamblar el casco.<\/li>\n<li>El visor articulado Defender\u00ae se articula hacia delante y hacia atr\u00e1s hasta 14 grados, est\u00e1 dise\u00f1ado para guardarse en el casco de bomberos y se despliega f\u00e1cilmente con una mano con guante.<\/li>\n<li>Anillo en &#8220;D&#8221; y abrazadera grande, el dise\u00f1o facilita el almacenamiento y colgado de los elementos de responsabilidad, la abrazadera sujeta firmemente el ribete del borde a la cubierta del casco.<\/li>\n<li>Nuevos dise\u00f1os de frentes de cuero y soportes, nueva opci\u00f3n de dise\u00f1o del frente y del soporte de 5,5&#8243; con cinco nuevos estilos de frente personalizables con la identificaci\u00f3n del departamento.<\/li>\n<li>Las orejeras y partes blandas de conexi\u00f3n r\u00e1pida, con pocos cierres de gancho y trabilla ofrecen una excelente durabilidad, mientras que el sistema de conexi\u00f3n r\u00e1pida mejora la facilidad de colocaci\u00f3n o desenganche para su limpieza.<\/li>\n<li>Las partes blandas redise\u00f1adas utilizan un material llamado Tecasafe\u00ae Plus TechT4\u2122 de TenCate, &#8220;TechT4\u2122 se siente como una capa que ofrece una protecci\u00f3n Resitente a la Flama (FR) ligera y c\u00f3moda donde m\u00e1s se necesita, que es junto a la piel. La TECNOLOG\u00cdA COOLDERM de transpiraci\u00f3n integrada ofrece una mejor gesti\u00f3n de la humedad para favorecer la regulaci\u00f3n de la temperatura corporal y la transpirabilidad. El componente base del sistema FR multicapa, Tech T4\u2122 da comodidad con una protecci\u00f3n junto a la piel sin fugas ni goteos.\u201c\u00a0<i>Fuente: Sitio web de TenCate.<\/i><\/li>\n<li>El etiquetado grabado con l\u00e1ser y la etiqueta RFID, la durabilidad mejorada de la etiqueta del casco y la del RFID incorporada permiten la integraci\u00f3n con FireGrid\u2122, simplificando la gesti\u00f3n de activos.<\/li>\n<\/ul>\n<p>&nbsp;<\/p>\n<div class=\"pdp-redesign-table-column\">\n<div class=\"pdp-redesign-table-row\">\n<div><strong>Altura del art\u00edculo (mm)<\/strong><\/div>\n<div>\n<div>203.2<\/div>\n<\/div>\n<\/div>\n<div class=\"pdp-redesign-table-row\">\n<div><strong>Ancho del art\u00edculo (mm)<\/strong><\/div>\n<div>\n<div>304.8<\/div>\n<\/div>\n<\/div>\n<div class=\"pdp-redesign-table-row\">\n<div><strong>Aplicaciones<\/strong><\/div>\n<div>\n<div>Respuesta a Emergencias<\/div>\n<div>Bomberos<\/div>\n<\/div>\n<\/div>\n<div class=\"pdp-redesign-table-row\">\n<div><strong>Empaquetado<\/strong><\/div>\n<div>\n<div>Caja<\/div>\n<\/div>\n<\/div>\n<div class=\"pdp-redesign-table-row\">\n<div><strong>Item Weight (kg)<\/strong><\/div>\n<div>\n<div>1.52<\/div>\n<\/div>\n<\/div>\n<\/div>\n<div class=\"pdp-redesign-table-column\">\n<div class=\"pdp-redesign-table-row\">\n<div><strong>Longitud del art\u00edculo (mm)<\/strong><\/div>\n<div>\n<div>387.35<\/div>\n<\/div>\n<\/div>\n<div class=\"pdp-redesign-table-row\">\n<div><strong>Material<\/strong><\/div>\n<div>\n<div>Fibra de vidrio<\/div>\n<\/div>\n<\/div>\n<div class=\"pdp-redesign-table-row\">\n<div><strong>Mercados<\/strong><\/div>\n<div>\n<div>Lucha contra incendios<\/div>\n<\/div>\n<\/div>\n<div class=\"pdp-redesign-table-row\">\n<div><strong>Tama\u00f1o<\/strong><\/div>\n<div>\n<div>Est\u00e1ndar<\/div>\n<\/div>\n<\/div>\n<div class=\"pdp-redesign-table-row\">\n<div><strong>Vida \u00fatil<\/strong><\/div>\n<div>\n<div>10 a\u00f1os<\/div>\n<\/div>\n<\/div>\n<\/div>\n","protected":false},"excerpt":{"rendered":"<p>El nuevo casco contra incendios tradicional 1836 Cairns ofrece comodidad, facilidad de ajuste, poco peso, montura de baja altura y es f\u00e1cil de limpiar, este casco marca el comienzo de una nueva era de rendimiento con caracter\u00edsticas innovadoras, sin comprometer la calidad, durabilidad y seguridad que se espera de Cairns.<\/p>\n<p><strong>1 A\u00f1o de Garant\u00eda con KPN<\/strong><\/p>\n<p><a href=\"https:\/\/api.whatsapp.com\/send?phone=573147862881\" target=\"_blank\" rel=\"noopener\"><button class=\"boton\">Contactar un asesor<\/button><\/a><\/p>\n<p><a href=\"https:\/\/www.kpnsafety.com\/colombia\/contactanos\/\" target=\"_blank\" rel=\"noopener\"><button class=\"boton\">Solicitar presupuesto<\/button><\/a><\/p>\n","protected":false},"featured_media":15840,"comment_status":"closed","ping_status":"closed","template":"","meta":[],"product_brand":[],"product_cat":[131,215,533],"product_tag":[562,563],"class_list":{"0":"post-15830","1":"product","2":"type-product","3":"status-publish","4":"has-post-thumbnail","6":"product_cat-bomberos-y-emergencias","7":"product_cat-cascos-para-bombero","8":"product_cat-stock-entrega-inmediata","9":"product_tag-casco-estructural","10":"product_tag-e-casco-vfr-evo-negro","12":"first","13":"instock","14":"taxable","15":"shipping-taxable","16":"purchasable","17":"product-type-simple"},"_links":{"self":[{"href":"https:\/\/www.kpnsafety.com\/colombia\/wp-json\/wp\/v2\/product\/15830","targetHints":{"allow":["GET"]}}],"collection":[{"href":"https:\/\/www.kpnsafety.com\/colombia\/wp-json\/wp\/v2\/product"}],"about":[{"href":"https:\/\/www.kpnsafety.com\/colombia\/wp-json\/wp\/v2\/types\/product"}],"replies":[{"embeddable":true,"href":"https:\/\/www.kpnsafety.com\/colombia\/wp-json\/wp\/v2\/comments?post=15830"}],"wp:featuredmedia":[{"embeddable":true,"href":"https:\/\/www.kpnsafety.com\/colombia\/wp-json\/wp\/v2\/media\/15840"}],"wp:attachment":[{"href":"https:\/\/www.kpnsafety.com\/colombia\/wp-json\/wp\/v2\/media?parent=15830"}],"wp:term":[{"taxonomy":"product_brand","embeddable":true,"href":"https:\/\/www.kpnsafety.com\/colombia\/wp-json\/wp\/v2\/product_brand?post=15830"},{"taxonomy":"product_cat","embeddable":true,"href":"https:\/\/www.kpnsafety.com\/colombia\/wp-json\/wp\/v2\/product_cat?post=15830"},{"taxonomy":"product_tag","embeddable":true,"href":"https:\/\/www.kpnsafety.com\/colombia\/wp-json\/wp\/v2\/product_tag?post=15830"}],"curies":[{"name":"wp","href":"https:\/\/api.w.org\/{rel}","templated":true}]}}