{"id":15833,"date":"2025-05-06T12:52:27","date_gmt":"2025-05-06T17:52:27","guid":{"rendered":"https:\/\/www.kpnsafety.com\/colombia\/?post_type=product&#038;p=15833"},"modified":"2026-02-18T17:33:41","modified_gmt":"2026-02-18T22:33:41","slug":"traje-para-bomberos-forestales-wildland","status":"publish","type":"product","link":"https:\/\/www.kpnsafety.com\/colombia\/product\/traje-para-bomberos-forestales-wildland\/","title":{"rendered":"Traje para bomberos forestales &#8211; Wildland"},"content":{"rendered":"<h2>Informaci\u00f3n sobre traje para bomberos forestales Wildland<\/h2>\n<h3><strong>Caracter\u00edsticas t\u00e9cnicas Camisa:<\/strong><\/h3>\n<ul>\n<li>Cierre: Central con botones ocultos, ofreciendo protecci\u00f3n y facilidad de uso.<\/li>\n<li>Bolsillos: Un bolsillo porta-bol\u00edgrafos y dos bolsillos con tapeta en el frente, cada uno con velcro para identificaci\u00f3n.<\/li>\n<li>Confort: Mangas preformadas en los codos para mayor comodidad y libertad de movimiento, con ajuste en los pu\u00f1os para un mejor ajuste.<\/li>\n<li>Reflectividad: Banda reflectante termofijada segmentada que mejora la transpirabilidad y flexibilidad.<\/li>\n<li>Tejido: Meta-Aramida, Para-Aramida, Viscosa FR y fibra antiest\u00e1tica.<\/li>\n<\/ul>\n<h3><strong>Caracter\u00edsticas t\u00e9cnicas Pantal\u00f3n:<\/strong><\/h3>\n<ul>\n<li>Cierre: Cremallera central y bot\u00f3n oculto, ofreciendo un ajuste seguro.<\/li>\n<li>Bolsillos: Bolsillos verticales laterales, adem\u00e1s de bolsillos de parche con tapeta en las perneras y la parte trasera, para mayor funcionalidad.<\/li>\n<li>Refuerzos: Doble tejido en rodilleras y parte trasera para mayor resistencia al desgaste.<\/li>\n<li>Confort adicional: Rodillas preformadas para adaptarse mejor al movimiento y opci\u00f3n de tirantes desmontables.<\/li>\n<li>Resistencia t\u00e9rmica: Interior reforzado con doble tejido desde la cintura hasta el bajo, aportando mayor protecci\u00f3n contra el calor.<\/li>\n<li>Reflectividad: Banda reflectante segmentada termofijada para mejorar la ligereza, transpirabilidad y flexibilidad.<\/li>\n<li>Tejido: Compuesto de Meta-Aramida, Para-Aramida, Viscosa FR y fibra antiest\u00e1tica, garantizando alta durabilidad y protecci\u00f3n ign\u00edfuga.<\/li>\n<\/ul>\n<p>&nbsp;<\/p>\n<p>&nbsp;<\/p>\n","protected":false},"excerpt":{"rendered":"<p>Traje para bombero forestal ligero, transpirable e ign\u00edfuga, ideal para bomberos forestales.<\/p>\n<p><strong>Marca:<\/strong> Iturri<\/p>\n<p><strong>Certificada bajo normativas:<\/strong>\u00a0 EN 13688, EN ISO 11612, EN 1149, EN ISO 15384, y EN 20471.<\/p>\n<p><a href=\"https:\/\/api.whatsapp.com\/send?phone=573147862881\" target=\"_blank\" rel=\"noopener\"><button class=\"boton\">Contactar un asesor<\/button><\/a><\/p>\n<p><a href=\"https:\/\/www.kpnsafety.com\/colombia\/contactanos\/\" target=\"_blank\" rel=\"noopener\"><button class=\"boton\">Solicitar presupuesto<\/button><\/a><\/p>\n","protected":false},"featured_media":15839,"comment_status":"closed","ping_status":"closed","template":"","meta":[],"product_brand":[],"product_cat":[355,131,558,533],"product_tag":[342,339,566,353,565],"class_list":{"0":"post-15833","1":"product","2":"type-product","3":"status-publish","4":"has-post-thumbnail","6":"product_cat-bomberos-forestales","7":"product_cat-bomberos-y-emergencias","8":"product_cat-equipos-para-incendios-forestales","9":"product_cat-stock-entrega-inmediata","10":"product_tag-iturri","11":"product_tag-proteccion-corporal","12":"product_tag-traje-forestal","13":"product_tag-traje-para-bombero","14":"product_tag-traje-wildland","16":"first","17":"instock","18":"taxable","19":"shipping-taxable","20":"purchasable","21":"product-type-simple"},"_links":{"self":[{"href":"https:\/\/www.kpnsafety.com\/colombia\/wp-json\/wp\/v2\/product\/15833","targetHints":{"allow":["GET"]}}],"collection":[{"href":"https:\/\/www.kpnsafety.com\/colombia\/wp-json\/wp\/v2\/product"}],"about":[{"href":"https:\/\/www.kpnsafety.com\/colombia\/wp-json\/wp\/v2\/types\/product"}],"replies":[{"embeddable":true,"href":"https:\/\/www.kpnsafety.com\/colombia\/wp-json\/wp\/v2\/comments?post=15833"}],"wp:featuredmedia":[{"embeddable":true,"href":"https:\/\/www.kpnsafety.com\/colombia\/wp-json\/wp\/v2\/media\/15839"}],"wp:attachment":[{"href":"https:\/\/www.kpnsafety.com\/colombia\/wp-json\/wp\/v2\/media?parent=15833"}],"wp:term":[{"taxonomy":"product_brand","embeddable":true,"href":"https:\/\/www.kpnsafety.com\/colombia\/wp-json\/wp\/v2\/product_brand?post=15833"},{"taxonomy":"product_cat","embeddable":true,"href":"https:\/\/www.kpnsafety.com\/colombia\/wp-json\/wp\/v2\/product_cat?post=15833"},{"taxonomy":"product_tag","embeddable":true,"href":"https:\/\/www.kpnsafety.com\/colombia\/wp-json\/wp\/v2\/product_tag?post=15833"}],"curies":[{"name":"wp","href":"https:\/\/api.w.org\/{rel}","templated":true}]}}