{"id":16017,"date":"2025-07-15T09:30:22","date_gmt":"2025-07-15T14:30:22","guid":{"rendered":"https:\/\/www.kpnsafety.com\/colombia\/?post_type=product&#038;p=16017"},"modified":"2025-12-23T11:28:43","modified_gmt":"2025-12-23T16:28:43","slug":"botas-para-bomberos-fire-a-nomex","status":"publish","type":"product","link":"https:\/\/www.kpnsafety.com\/colombia\/product\/botas-para-bomberos-fire-a-nomex\/","title":{"rendered":"Botas para bomberos Fire A Nomex"},"content":{"rendered":"<p>La entresuela de acero resiste una fuerza de punci\u00f3n m\u00ednima de 1.200N o 270lbf, seg\u00fan norma ASTM F2413-18. Estas botas para bomberos est\u00e1n certificadas por Underwriter Laboratories (UL) bajo los requerimientos de las normas NFPA 1971-18, NFPA 1992-18, ASTM F2413-18 y CSA Z195-14. Su suela de caucho vulcanizado es retardante de flama, resiste la abrasi\u00f3n y tiene labrado profundo para mejor agarre y facilidad en remoci\u00f3n de residuos. Tiene forro interno en Nomex\/Kevlar resistente a la flama hasta la altura de 13&#8243;&#8221; y dependiendo de la referencia. Adem\u00e1s, esta bota de bombero cuenta con espuma interna de poliuretano recubierta de caucho resistente a la flama y un cambri\u00f3n de acero que da mayor estabilidad para ascenso y descenso de escaleras. Trae agarraderas de caucho vulcanizado para agilizar la postura de la bota de bombero y cinta reflectiva en el contorno de la suela para incrementar visibilidad en espacios de baja luminosidad.<\/p>\n<p><strong>COLOR:<\/strong>\u00a0Ca\u00f1a negra con suela negra y distintivos amarillos.<br \/>\n<strong>CAPELLADA:<\/strong>\u00a0Resistente a la flama con espuma interna de poliuretano (PU).<br \/>\n<strong>FORRO INTERNO:<\/strong>\u00a0En Nomex\/Kevlar (material antiflama).<br \/>\n<strong>PLANTILLA CONFORT:<\/strong>\u00a0Fabricada en poliuretano (PU). Extra\u00edble para facilitar su limpieza con surcos de ventilaci\u00f3n que ayudan a mantener el pie fresco. REFLECTIVO: Cinta en el contorno de la suela para incrementar la visibilidad en espacios de baja luminosidad.<br \/>\n<strong>PUNTERA:<\/strong>\u00a0La puntera de acero cumple con la resistencia al impacto de 101,7 J y resiste a una fuerza de compresi\u00f3n de 11,121N o 2500lbf seg\u00fan la norma ASTM F2413-18.<br \/>\n<strong>CAMBRI\u00d3N INTERNO<\/strong>: De acero, ofrece mayor estabilidad y soporte durante el ascenso y descenso en escaleras.<br \/>\n<strong>SUELA:<\/strong>\u00a0De caucho vulcanizado retardante a la flama, resiste a la abrasi\u00f3n y tiene un labrado profundo que proporciona un mayor agarre en las diferentes zonas de trabajo a las que est\u00e1 expuesta y su dise\u00f1o facilita la remoci\u00f3n de residuos.<br \/>\n<strong>ENTRESUELA:<\/strong>\u00a0La entresuela de acero cumple con la norma ISO 22568-3.<br \/>\n<strong>AGARRADERAS<\/strong>: En caucho vulcanizado para facilitar la postura y r\u00e1pida colocaci\u00f3n de las botas.<br \/>\n<strong>REFERENCIAL T\u00c9CNICO:<\/strong>\u00a0ASTM F2413-18.<br \/>\n<strong>PESO \/ TALLA PROMEDIO:<\/strong>\u00a03.664 gr \/ 10.<br \/>\n<strong>ALTURA INTERNA:<\/strong>\u00a014&#8243;&#8221; \/ 35,5 cm.<br \/>\n<strong>TALLA USA:<\/strong>\u00a04 &#8211; 16<\/p>\n","protected":false},"excerpt":{"rendered":"<p>Botas de bombero de seguridad fabricadas en caucho vulcanizado. Tienen puntera de acero que cumple con la resistencia al impacto de 101,7J y resiste una fuerza de compresi\u00f3n de 11.121N o 2.500lbf seg\u00fan la norma ASTM F2413-18.<\/p>\n<p><strong>1 A\u00f1o de Garant\u00eda con KPN<\/strong><\/p>\n<p><a href=\"https:\/\/api.whatsapp.com\/send?phone=573147862881\" target=\"_blank\" rel=\"noopener\"><button class=\"boton\">Contactar un asesor<\/button><\/a><\/p>\n<p><a href=\"https:\/\/www.kpnsafety.com\/colombia\/contactanos\/\" target=\"_blank\" rel=\"noopener\"><button class=\"boton\">Solicitar presupuesto<\/button><\/a><\/p>\n","protected":false},"featured_media":9407,"comment_status":"closed","ping_status":"closed","template":"","meta":[],"product_brand":[],"product_cat":[131,368],"product_tag":[559,568,569],"class_list":{"0":"post-16017","1":"product","2":"type-product","3":"status-publish","4":"has-post-thumbnail","6":"product_cat-bomberos-y-emergencias","7":"product_cat-calzado-para-bomberos","8":"product_tag-botas-para-bombero","9":"product_tag-croydon","10":"product_tag-fire-nomex","12":"first","13":"instock","14":"taxable","15":"shipping-taxable","16":"product-type-simple"},"_links":{"self":[{"href":"https:\/\/www.kpnsafety.com\/colombia\/wp-json\/wp\/v2\/product\/16017","targetHints":{"allow":["GET"]}}],"collection":[{"href":"https:\/\/www.kpnsafety.com\/colombia\/wp-json\/wp\/v2\/product"}],"about":[{"href":"https:\/\/www.kpnsafety.com\/colombia\/wp-json\/wp\/v2\/types\/product"}],"replies":[{"embeddable":true,"href":"https:\/\/www.kpnsafety.com\/colombia\/wp-json\/wp\/v2\/comments?post=16017"}],"wp:featuredmedia":[{"embeddable":true,"href":"https:\/\/www.kpnsafety.com\/colombia\/wp-json\/wp\/v2\/media\/9407"}],"wp:attachment":[{"href":"https:\/\/www.kpnsafety.com\/colombia\/wp-json\/wp\/v2\/media?parent=16017"}],"wp:term":[{"taxonomy":"product_brand","embeddable":true,"href":"https:\/\/www.kpnsafety.com\/colombia\/wp-json\/wp\/v2\/product_brand?post=16017"},{"taxonomy":"product_cat","embeddable":true,"href":"https:\/\/www.kpnsafety.com\/colombia\/wp-json\/wp\/v2\/product_cat?post=16017"},{"taxonomy":"product_tag","embeddable":true,"href":"https:\/\/www.kpnsafety.com\/colombia\/wp-json\/wp\/v2\/product_tag?post=16017"}],"curies":[{"name":"wp","href":"https:\/\/api.w.org\/{rel}","templated":true}]}}