{"id":16068,"date":"2025-08-25T15:50:57","date_gmt":"2025-08-25T20:50:57","guid":{"rendered":"https:\/\/www.kpnsafety.com\/colombia\/?post_type=product&#038;p=16068"},"modified":"2025-08-25T15:54:43","modified_gmt":"2025-08-25T20:54:43","slug":"casco-estructural-ust-lw","status":"publish","type":"product","link":"https:\/\/www.kpnsafety.com\/colombia\/product\/casco-estructural-ust-lw\/","title":{"rendered":"Casco Estructural UST\u2122-LW"},"content":{"rendered":"<p data-start=\"292\" data-end=\"1042\">Est\u00e1 construido en fibra de vidrio compuesta con resina termoendurecible y retardante de llamas, disponible en acabados mate (blanco, amarillo, rojo, negro) y brillantes (negro, amarillo, blanco, naranja, azul y verde). Su borde cuenta con un reborde elastom\u00e9rico reforzado con aluminio que soporta las exigentes pruebas de resistencia al calor de la NFPA 1971<\/p>\n<p data-start=\"1044\" data-end=\"1300\">Su forro interior combina espuma de uretano con una carcasa de nylon resistente al calor (&gt; 180 \u00b0C), dise\u00f1ado sin CFC. Incluye \u00e1rea inferior de gancho y bucle para colocar los protectores de cuello y orejas opcionales<\/p>\n<p data-start=\"1302\" data-end=\"1700\">El sistema de suspensi\u00f3n mediante correas de nylon y rieles permite hasta <strong data-start=\"1376\" data-end=\"1400\">36 ajustes distintos<\/strong> frontales y traseros (6 combinaciones de inclinaci\u00f3n y altura), garantizando confort personalizado La banda frontal incluye almohadilla de algod\u00f3n ign\u00edfugo con espuma, f\u00e1cilmente removible y lavable, sin costuras directas<\/p>\n<p data-start=\"1702\" data-end=\"1996\">La <strong data-start=\"1705\" data-end=\"1727\">correa de barbilla<\/strong> en Nomex\u00ae negro con hebilla r\u00e1pida y deslizador Postman, est\u00e1 dise\u00f1ada para liberaci\u00f3n instant\u00e1nea, con componentes seguros y resistentes fijados con tornillos industriales; cuando est\u00e1 completamente extendida, mide hasta 60,9 cm.<\/p>\n<p data-start=\"1998\" data-end=\"2236\">Para mayor protecci\u00f3n, incorpora un <strong data-start=\"2034\" data-end=\"2082\">protector de cuello\/orejas en Nomex rip-stop<\/strong> reforzado con franela retardante, que cubre al menos 15,2 cm en costados y 16,5 cm en la parte posterior del casco.<\/p>\n<p data-start=\"2238\" data-end=\"2503\">Adem\u00e1s, el casco cuenta con un <strong data-start=\"2269\" data-end=\"2327\">protector facial de poliarilato con revestimiento duro<\/strong>, de 4&#8243; \u00d7 15&#8243;, dise\u00f1ado para encajar perfectamente con el ala y cumplir con los requisitos ANSI\/ISEA Z87.1 para protecci\u00f3n de cara y ojo<\/p>\n","protected":false},"excerpt":{"rendered":"<p>El <strong data-start=\"295\" data-end=\"323\">casco estructural UST-LW<\/strong> est\u00e1 dise\u00f1ado para proteger al bombero en entornos de altas temperaturas, impactos y exposici\u00f3n prolongada, sin sacrificar comodidad ni durabilidad. Cumple (o supera) la norma <strong data-start=\"500\" data-end=\"513\">NFPA 1971<\/strong>, respaldado por certificaci\u00f3n de laboratorio independiente, y es fabricado por una empresa con est\u00e1ndares de calidad ISO 9001.<\/p>\n<p><a href=\"https:\/\/api.whatsapp.com\/send?phone=573147862881\" target=\"_blank\" rel=\"noopener\"><button class=\"boton\">Contactar un asesor<\/button><\/a><\/p>\n<p><a href=\"https:\/\/www.kpnsafety.com\/colombia\/contactanos\/\" target=\"_blank\" rel=\"noopener\"><button class=\"boton\">Solicitar presupuesto<\/button><\/a><\/p>\n","protected":false},"featured_media":16070,"comment_status":"closed","ping_status":"closed","template":"","meta":[],"product_brand":[],"product_cat":[131,352],"product_tag":[],"class_list":{"0":"post-16068","1":"product","2":"type-product","3":"status-publish","4":"has-post-thumbnail","6":"product_cat-bomberos-y-emergencias","7":"product_cat-trajes-estructurales-para-bomberos","9":"first","10":"instock","11":"taxable","12":"shipping-taxable","13":"product-type-simple"},"_links":{"self":[{"href":"https:\/\/www.kpnsafety.com\/colombia\/wp-json\/wp\/v2\/product\/16068","targetHints":{"allow":["GET"]}}],"collection":[{"href":"https:\/\/www.kpnsafety.com\/colombia\/wp-json\/wp\/v2\/product"}],"about":[{"href":"https:\/\/www.kpnsafety.com\/colombia\/wp-json\/wp\/v2\/types\/product"}],"replies":[{"embeddable":true,"href":"https:\/\/www.kpnsafety.com\/colombia\/wp-json\/wp\/v2\/comments?post=16068"}],"wp:featuredmedia":[{"embeddable":true,"href":"https:\/\/www.kpnsafety.com\/colombia\/wp-json\/wp\/v2\/media\/16070"}],"wp:attachment":[{"href":"https:\/\/www.kpnsafety.com\/colombia\/wp-json\/wp\/v2\/media?parent=16068"}],"wp:term":[{"taxonomy":"product_brand","embeddable":true,"href":"https:\/\/www.kpnsafety.com\/colombia\/wp-json\/wp\/v2\/product_brand?post=16068"},{"taxonomy":"product_cat","embeddable":true,"href":"https:\/\/www.kpnsafety.com\/colombia\/wp-json\/wp\/v2\/product_cat?post=16068"},{"taxonomy":"product_tag","embeddable":true,"href":"https:\/\/www.kpnsafety.com\/colombia\/wp-json\/wp\/v2\/product_tag?post=16068"}],"curies":[{"name":"wp","href":"https:\/\/api.w.org\/{rel}","templated":true}]}}