{"id":16074,"date":"2025-08-27T12:08:19","date_gmt":"2025-08-27T17:08:19","guid":{"rendered":"https:\/\/www.kpnsafety.com\/colombia\/?post_type=product&#038;p=16074"},"modified":"2025-12-09T15:04:02","modified_gmt":"2025-12-09T20:04:02","slug":"guantes-kpn-kcr5h","status":"publish","type":"product","link":"https:\/\/www.kpnsafety.com\/colombia\/product\/guantes-kpn-kcr5h\/","title":{"rendered":"Guantes KPN KCR5H"},"content":{"rendered":"<ul>\n<li>Resistencia a cortes ANSI A9<\/li>\n<li>Alto contraste en la palma y dorso que proporciona mayor visibilidad.<\/li>\n<li>Primera capa resistente al aceite y la segunda, arenosa para mejor adherencia.<\/li>\n<li>Palma especial con ba\u00f1o de espuma de nitrilo, proporcionando mejor agarre y mejorando la adherencia en contacto con piezas h\u00famedas y con resistencia al calor por contacto.<\/li>\n<li>Manga confeccionada en malla de polietileno de alto rendimiento (HPPE), alambre de acero, nylon y spandex (poliuretano).<\/li>\n<li>Tratamiento Hidrofugado que repele grasas, polvo y sustancias y facilita su limpieza.<\/li>\n<li>Refuerzos con innovadora tecnolog\u00eda en el exterior de los dedos, pulgar, nudillos y puntas de los dedos y regi\u00f3n metacarpiana (dorso) en Caucho termopl\u00e1stico (TPR). ANSI 138 &#8211; Nivel 3.<\/li>\n<\/ul>\n<p>&nbsp;<\/p>\n<p>Los Guantes KPN, fabricados con material ultrafino de 18 gauge, ofrecen mayor sensibilidad t\u00e1ctil y precisi\u00f3n, ideales para manipulaci\u00f3n de instrumentos peque\u00f1os. Su dise\u00f1o mejora la adherencia, reduce la fatiga en usos prolongados y permite mayor destreza manual. Adem\u00e1s, son m\u00e1s c\u00f3modos para pieles sensibles y generan menos residuos.<\/p>\n<p>&nbsp;<\/p>\n<div class=\"elementor-element elementor-element-4fbc322 elementor-widget elementor-widget-heading\" data-id=\"4fbc322\" data-element_type=\"widget\" data-widget_type=\"heading.default\">\n<div class=\"elementor-widget-container\">\n<div class=\"elementor-element elementor-element-4fbc322 elementor-widget elementor-widget-heading\" data-id=\"4fbc322\" data-element_type=\"widget\" data-widget_type=\"heading.default\">\n<div class=\"elementor-widget-container\">\n<h2 class=\"elementor-heading-title elementor-size-default\">\u00bfC\u00f3mo te protegen las normas EN-388 y EN 407 en los guantes KPN?<\/h2>\n<\/div>\n<\/div>\n<div class=\"elementor-element elementor-element-0741ac9 elementor-widget elementor-widget-text-editor\" data-id=\"0741ac9\" data-element_type=\"widget\" data-widget_type=\"text-editor.default\">\n<div class=\"elementor-widget-container\">\n<p>KPN FORCE of<img fetchpriority=\"high\" decoding=\"async\" class=\"alignleft wp-image-1938 \" src=\"https:\/\/www.kpnsafety.com\/ec\/wp-content\/uploads\/2023\/07\/norma-en-388-guantes-kpn-force.jpg\" alt=\"\" width=\"374\" height=\"327\">rece m\u00e1s protecci\u00f3n y rendimiento que sus competidores.<\/p>\n<p><a href=\"https:\/\/www.kpnsafety.com\/uy\/wp-content\/uploads\/2023\/07\/pictograma-EN-388-guantes-KPN-KCR5H-nuevo.jpg\"><img decoding=\"async\" class=\"alignnone size-full wp-image-2070\" src=\"https:\/\/www.kpnsafety.com\/uy\/wp-content\/uploads\/2023\/07\/pictograma-EN-388-guantes-KPN-KCR5H-nuevo.jpg\" alt=\"\" width=\"282\" height=\"241\"><\/a><a href=\"https:\/\/www.kpnsafety.com\/uy\/wp-content\/uploads\/2023\/07\/calor-por-contacto-2.jpg\"><img decoding=\"async\" class=\"alignnone size-full wp-image-2068\" src=\"https:\/\/www.kpnsafety.com\/uy\/wp-content\/uploads\/2023\/07\/calor-por-contacto-2.jpg\" alt=\"\" width=\"282\" height=\"241\"><\/a><\/p>\n<\/div>\n<\/div>\n<\/div>\n<\/div>\n","protected":false},"excerpt":{"rendered":"<p>Guante KPN de la l\u00ednea FORCE desarrollado para la protecci\u00f3n contra agentes mec\u00e1nicos y t\u00e9rmicos.<\/p>\n<p>El guante <strong>KCR5H KPN<\/strong> fue dise\u00f1ado anat\u00f3micamente con tela especial desarrollada por KPN para brindar mayor toque en actividades donde el usuario requiere mayor sensibilidad en los dedos manteniendo los factores de protecci\u00f3n m\u00e1s altos del mercado.<\/p>\n<p><strong>\u00c1rea de aplicaci\u00f3n:<\/strong><\/p>\n<ul>\n<li>Petr\u00f3leo y gas<\/li>\n<li>Miner\u00eda<\/li>\n<li>Construcci\u00f3n civil<\/li>\n<li>Mantenimiento<\/li>\n<li>Servicios generales<\/li>\n<li>Emergencias y rescate<\/li>\n<\/ul>\n<p>Industrias y procesos productivos con riesgos mec\u00e1nicos y t\u00e9rmicos identificados.<\/p>\n<p><img loading=\"lazy\" decoding=\"async\" class=\"alignnone wp-image-16152\" src=\"https:\/\/www.kpnsafety.com\/colombia\/wp-content\/uploads\/2025\/08\/KCR5H-normas.png\" alt=\"\" width=\"584\" height=\"114\" srcset=\"https:\/\/www.kpnsafety.com\/colombia\/wp-content\/uploads\/2025\/08\/KCR5H-normas.png 1024w, https:\/\/www.kpnsafety.com\/colombia\/wp-content\/uploads\/2025\/08\/KCR5H-normas-300x59.png 300w, https:\/\/www.kpnsafety.com\/colombia\/wp-content\/uploads\/2025\/08\/KCR5H-normas-768x150.png 768w, https:\/\/www.kpnsafety.com\/colombia\/wp-content\/uploads\/2025\/08\/KCR5H-normas-550x107.png 550w, https:\/\/www.kpnsafety.com\/colombia\/wp-content\/uploads\/2025\/08\/KCR5H-normas-380x74.png 380w\" sizes=\"(max-width: 584px) 100vw, 584px\" \/><\/p>\n<p><strong>1 A\u00f1o de Garant\u00eda con KPN<\/strong><\/p>\n<p><a href=\"https:\/\/api.whatsapp.com\/send?phone=573147862881\" target=\"_blank\" rel=\"noopener\"><button class=\"boton\">Contactar un asesor<\/button><\/a><\/p>\n<p><a href=\"https:\/\/www.kpnsafety.com\/colombia\/contactanos\/\" target=\"_blank\" rel=\"noopener\"><button class=\"boton\">Solicitar presupuesto<\/button><\/a><\/p>\n<p><a href=\"https:\/\/www.kpnsafety.com\/colombia\/wp-content\/uploads\/2025\/10\/FT_Guantes-KPN-KCR5H-ES-Nueva.pdf\" rel=\"noopener noreferrer\"><button class=\"boton\">FICHA T\u00c9CNICA<\/button><\/a><\/p>\n","protected":false},"featured_media":16153,"comment_status":"closed","ping_status":"closed","template":"","meta":[],"product_brand":[],"product_cat":[131,539,334],"product_tag":[],"class_list":{"0":"post-16074","1":"product","2":"type-product","3":"status-publish","4":"has-post-thumbnail","6":"product_cat-bomberos-y-emergencias","7":"product_cat-guantes-kpn-force","8":"product_cat-guantes-para-bomberos","10":"first","11":"instock","12":"taxable","13":"shipping-taxable","14":"purchasable","15":"product-type-variable","16":"has-default-attributes"},"_links":{"self":[{"href":"https:\/\/www.kpnsafety.com\/colombia\/wp-json\/wp\/v2\/product\/16074","targetHints":{"allow":["GET"]}}],"collection":[{"href":"https:\/\/www.kpnsafety.com\/colombia\/wp-json\/wp\/v2\/product"}],"about":[{"href":"https:\/\/www.kpnsafety.com\/colombia\/wp-json\/wp\/v2\/types\/product"}],"replies":[{"embeddable":true,"href":"https:\/\/www.kpnsafety.com\/colombia\/wp-json\/wp\/v2\/comments?post=16074"}],"wp:featuredmedia":[{"embeddable":true,"href":"https:\/\/www.kpnsafety.com\/colombia\/wp-json\/wp\/v2\/media\/16153"}],"wp:attachment":[{"href":"https:\/\/www.kpnsafety.com\/colombia\/wp-json\/wp\/v2\/media?parent=16074"}],"wp:term":[{"taxonomy":"product_brand","embeddable":true,"href":"https:\/\/www.kpnsafety.com\/colombia\/wp-json\/wp\/v2\/product_brand?post=16074"},{"taxonomy":"product_cat","embeddable":true,"href":"https:\/\/www.kpnsafety.com\/colombia\/wp-json\/wp\/v2\/product_cat?post=16074"},{"taxonomy":"product_tag","embeddable":true,"href":"https:\/\/www.kpnsafety.com\/colombia\/wp-json\/wp\/v2\/product_tag?post=16074"}],"curies":[{"name":"wp","href":"https:\/\/api.w.org\/{rel}","templated":true}]}}