{"id":8408,"date":"2020-08-23T22:18:10","date_gmt":"2020-08-24T03:18:10","guid":{"rendered":"https:\/\/www.kpnsafety.com\/colombia\/?post_type=product&#038;p=8408"},"modified":"2025-12-23T10:20:32","modified_gmt":"2025-12-23T15:20:32","slug":"traje-de-apicultura-talla-42","status":"publish","type":"product","link":"https:\/\/www.kpnsafety.com\/colombia\/product\/traje-de-apicultura-talla-42\/","title":{"rendered":"TRAJE DE APICULTURA  EN POLIESTER  COLOR  CAQUI"},"content":{"rendered":"<div class=\"wpb-content-wrapper\"><p>[vc_row][vc_column][vc_column_text]<\/p>\n<h2>Para qu\u00e9 sirve un traje de ap\u00edcola<\/h2>\n<p>El traje ap\u00edcola debe ser de un tono claro, el cual puede ser blanco o beige. El gramaje o grosor de la tela es determinante para evitar que la picadura de la abeja llegue a la piel y cause lesiones cut\u00e1neas o infecciones.\u00a0Deber ser enterizo y tener pu\u00f1os y botas resortadas\u00a0para evitar el ingreso de las abejas.<\/p>\n<p>El material del overol debe ser algod\u00f3n, de lana o de cuero, materiales que no son molestos para las abejas.<\/p>\n<p>Para conservar el overol, se debe lavar frecuentemente dependiendo del uso que se le d\u00e9. \u00a0Cuando se lave, debe guardarse ya seco,\u00a0y de preferencia colgado en un armario; que permanezca en un sitio libre de polvo y de olores. Tambi\u00e9n se puede guardar doblado cuidadosamente, ya que as\u00ed se conservar\u00e1 mejor y por m\u00e1s tiempo.<\/p>\n<p>&nbsp;<\/p>\n<h2>Descripci\u00f3n de la confecci\u00f3n &#8211; Traje de Colombia<\/h2>\n<ul>\n<li>Cuello: Tipo militar.<\/li>\n<li>Manga: Larga.<\/li>\n<li>Pu\u00f1o: Resortado.<\/li>\n<li>Bolsillos: Seis (6) tipo parche.<\/li>\n<li>Camisa: dos en el pecho.<\/li>\n<li>Pantal\u00f3n: dos frontales y dos traseros.<\/li>\n<li>Tipo de cierre: Seis (6) cremalleras pl\u00e1sticas: cierre en bolsillos frontales, una central de doble deslizador y una en el angeo.<\/li>\n<li>Tipo de costura: Doble.<\/li>\n<li>Tipo de bota: Resortado.<\/li>\n<li>Adicional: Angeo de protecci\u00f3n. Ajuste en velcro y cremallera.<\/li>\n<\/ul>\n<p>&nbsp;<\/p>\n<h2>Usos<\/h2>\n<p>Protecci\u00e9n contra picaduras de abejas. Para uso en el sector El\u00e9crico, Granjas Apicolas, Bomberos,<br \/>\nEmpresas de poda, entre otras.[\/vc_column_text][\/vc_column][\/vc_row]<\/p>\n<\/div>","protected":false},"excerpt":{"rendered":"<p>Referencia: 10101130<br \/>\nMarca: Tiendas EPP<\/p>\n<h2><strong>Traje de apicultor <\/strong><\/h2>\n<p>Overol enterizo en dril s\u00faper ocho 100% algod\u00f3n de color caqui.<br \/>\nOfrece protecci\u00f3n contra picaduras de abejas, incluye m\u00e1scara de protecci\u00f3n facial.<\/p>\n<p>Disponible en talla 38 hasta talla 46.<\/p>\n<p>&nbsp;<\/p>\n<p><strong>Tiempo de entrega de 8 d\u00edas si no se cuenta con stock<\/strong><\/p>\n<p><strong>Consulte disponibilidad con nuestros asesores especializados<\/strong><\/p>\n<p><strong>1 A\u00f1o de Garant\u00eda con KPN<\/strong><\/p>\n<p><a href=\"https:\/\/api.whatsapp.com\/send?phone=573147862881\" target=\"_blank\" rel=\"noopener\"><button class=\"boton\">Contactar un asesor<\/button><\/a><\/p>\n<p><a href=\"https:\/\/www.kpnsafety.com\/colombia\/contactanos\/\" target=\"_blank\" rel=\"noopener\"><button class=\"boton\">Solicitar presupuesto<\/button><\/a><\/p>\n","protected":false},"featured_media":8409,"comment_status":"closed","ping_status":"closed","template":"","meta":[],"product_brand":[],"product_cat":[127,129],"product_tag":[],"class_list":{"0":"post-8408","1":"product","2":"type-product","3":"status-publish","4":"has-post-thumbnail","6":"product_cat-proteccion-corporal","7":"product_cat-seguridad-industrial","8":"vtmin_rule_category-minimum-purchase-category","10":"first","11":"instock","12":"taxable","13":"shipping-taxable","14":"purchasable","15":"product-type-variable"},"_links":{"self":[{"href":"https:\/\/www.kpnsafety.com\/colombia\/wp-json\/wp\/v2\/product\/8408","targetHints":{"allow":["GET"]}}],"collection":[{"href":"https:\/\/www.kpnsafety.com\/colombia\/wp-json\/wp\/v2\/product"}],"about":[{"href":"https:\/\/www.kpnsafety.com\/colombia\/wp-json\/wp\/v2\/types\/product"}],"replies":[{"embeddable":true,"href":"https:\/\/www.kpnsafety.com\/colombia\/wp-json\/wp\/v2\/comments?post=8408"}],"wp:featuredmedia":[{"embeddable":true,"href":"https:\/\/www.kpnsafety.com\/colombia\/wp-json\/wp\/v2\/media\/8409"}],"wp:attachment":[{"href":"https:\/\/www.kpnsafety.com\/colombia\/wp-json\/wp\/v2\/media?parent=8408"}],"wp:term":[{"taxonomy":"product_brand","embeddable":true,"href":"https:\/\/www.kpnsafety.com\/colombia\/wp-json\/wp\/v2\/product_brand?post=8408"},{"taxonomy":"product_cat","embeddable":true,"href":"https:\/\/www.kpnsafety.com\/colombia\/wp-json\/wp\/v2\/product_cat?post=8408"},{"taxonomy":"product_tag","embeddable":true,"href":"https:\/\/www.kpnsafety.com\/colombia\/wp-json\/wp\/v2\/product_tag?post=8408"}],"curies":[{"name":"wp","href":"https:\/\/api.w.org\/{rel}","templated":true}]}}