{"id":8576,"date":"2020-09-08T11:46:15","date_gmt":"2020-09-08T16:46:15","guid":{"rendered":"https:\/\/www.kpnsafety.com\/colombia\/?post_type=product&#038;p=8576"},"modified":"2025-01-15T12:48:16","modified_gmt":"2025-01-15T17:48:16","slug":"bolsas-para-guantes-dielectricos-color-negro","status":"publish","type":"product","link":"https:\/\/www.kpnsafety.com\/colombia\/product\/bolsas-para-guantes-dielectricos-color-negro\/","title":{"rendered":"BOLSAS PARA GUANTES DIEL\u00c9CTRICOS COLOR  VINOTINTO CLASE 00-0-1-2-3"},"content":{"rendered":"<p>Bolsa de tejido impermeable en PVC de alta resistencia mec\u00e1nica para almacenar los guantes diel\u00e9ctricos con protecci\u00f3n UV y cierre de velcro.<\/p>\n","protected":false},"excerpt":{"rendered":"<p>Referencia: KPN-V12<br \/>\nMarca: KPN<\/p>\n<p>Bolsas para guantes diel\u00e9ctricos color\u00a0 vinotinto de tejido impermeable en PVC de alta resistencia mec\u00e1nica para almacenar los guantes diel\u00e9ctricos con cierre de velcro.<br \/>\nDisponible en color Vinotinto<\/p>\n<p>&nbsp;<\/p>\n<p><strong>Tiempo de entrega de 15 d\u00edas si no se cuenta con stock<\/strong><\/p>\n<p><strong>Consulte disponibilidad con nuestros asesores especializados<\/strong><\/p>\n<p><a href=\"https:\/\/api.whatsapp.com\/send?phone=573147862881\" target=\"_blank\" rel=\"noopener\"><button class=\"boton\">Contactar un asesor<\/button><\/a><\/p>\n<p><a href=\"https:\/\/www.kpnsafety.com\/colombia\/contactanos\/\" target=\"_blank\" rel=\"noopener\"><button class=\"boton\">Solicitar presupuesto<\/button><\/a><\/p>\n","protected":false},"featured_media":9463,"comment_status":"closed","ping_status":"closed","template":"","meta":[],"product_brand":[],"product_cat":[196,167,130],"product_tag":[],"class_list":{"0":"post-8576","1":"product","2":"type-product","3":"status-publish","4":"has-post-thumbnail","6":"product_cat-accesorios-guantes","7":"product_cat-guantes-dielectricos","8":"product_cat-seguridad-electrica","9":"vtmin_rule_category-minimum-purchase-category","11":"first","12":"instock","13":"taxable","14":"shipping-taxable","15":"purchasable","16":"product-type-variable"},"_links":{"self":[{"href":"https:\/\/www.kpnsafety.com\/colombia\/wp-json\/wp\/v2\/product\/8576","targetHints":{"allow":["GET"]}}],"collection":[{"href":"https:\/\/www.kpnsafety.com\/colombia\/wp-json\/wp\/v2\/product"}],"about":[{"href":"https:\/\/www.kpnsafety.com\/colombia\/wp-json\/wp\/v2\/types\/product"}],"replies":[{"embeddable":true,"href":"https:\/\/www.kpnsafety.com\/colombia\/wp-json\/wp\/v2\/comments?post=8576"}],"wp:featuredmedia":[{"embeddable":true,"href":"https:\/\/www.kpnsafety.com\/colombia\/wp-json\/wp\/v2\/media\/9463"}],"wp:attachment":[{"href":"https:\/\/www.kpnsafety.com\/colombia\/wp-json\/wp\/v2\/media?parent=8576"}],"wp:term":[{"taxonomy":"product_brand","embeddable":true,"href":"https:\/\/www.kpnsafety.com\/colombia\/wp-json\/wp\/v2\/product_brand?post=8576"},{"taxonomy":"product_cat","embeddable":true,"href":"https:\/\/www.kpnsafety.com\/colombia\/wp-json\/wp\/v2\/product_cat?post=8576"},{"taxonomy":"product_tag","embeddable":true,"href":"https:\/\/www.kpnsafety.com\/colombia\/wp-json\/wp\/v2\/product_tag?post=8576"}],"curies":[{"name":"wp","href":"https:\/\/api.w.org\/{rel}","templated":true}]}}