{"id":8646,"date":"2020-09-08T16:50:27","date_gmt":"2020-09-08T21:50:27","guid":{"rendered":"https:\/\/www.kpnsafety.com\/colombia\/?post_type=product&#038;p=8646"},"modified":"2026-03-24T16:42:14","modified_gmt":"2026-03-24T21:42:14","slug":"kit-de-maniobra-y-rescate","status":"publish","type":"product","link":"https:\/\/www.kpnsafety.com\/colombia\/product\/kit-de-maniobra-y-rescate\/","title":{"rendered":"KIT DE MANIOBRA Y RESCATE"},"content":{"rendered":"<div class=\"wpb-content-wrapper\"><p>[vc_row][vc_column][vc_column_text]<\/p>\n<h2><strong>Kit rescate el\u00e9ctrico y maniobra port\u00e1til\u00a0<\/strong><\/h2>\n<p>El kit se entrega en caja especial de pl\u00e1stico color negro.<\/p>\n<h3><strong>Contenido:<\/strong><\/h3>\n<ul>\n<li>1 p\u00e9rtiga de tres secciones replegable de 1,5m<\/li>\n<li>1 detector \u00f3ptico y ac\u00fastico de 5 a 36 kV en bolsa de nylon<\/li>\n<li>1 gancho de salvamento con cabezal universal<\/li>\n<li>1 par de guantes aislantes SG-40 T10 almacenado en bolsa de nylon<\/li>\n<li>1 alfombra aislante de 60cm x 1m tensi\u00f3n de trabajo 36 kV<\/li>\n<li>1 pipeta de respiraci\u00f3n<\/li>\n<li>1 inmovilizador de cuello<\/li>\n<li>1 manta ignifuga de 1,2 x 1,8 m<\/li>\n<li>1 camilla<\/li>\n<\/ul>\n<p>[\/vc_column_text][\/vc_column][\/vc_row]<\/p>\n<\/div>","protected":false},"excerpt":{"rendered":"<p>Referencia: KRM-4001<br \/>\nMarca: SOFAMEL<\/p>\n<p>Kit de maniobra y rescate fundamental para una intervenci\u00f3n r\u00e1pida en caso de accidente el\u00e9ctrico. Se caracteriza por contener todos los elementos necesarios en un s\u00f3lo lugar, accesible a todos los usuarios y port\u00e1til para mayor rapidez.<\/p>\n<p>El kit se entrega en caja especial de pl\u00e1stico color negro.<\/p>\n<p>&nbsp;<\/p>\n<p><strong>Tiempo de entrega de 45 a 60 d\u00edas si no se cuenta con stock<\/strong><\/p>\n<p><strong>Consulte disponibilidad con nuestros asesores especializados<\/strong><\/p>\n<p><strong>1 A\u00f1o de Garant\u00eda con KPN<\/strong><\/p>\n<p><a href=\"https:\/\/api.whatsapp.com\/send?phone=573147862881\" target=\"_blank\" rel=\"noopener\"><button class=\"boton\">Contactar un asesor<\/button><\/a><\/p>\n<p><a href=\"https:\/\/www.kpnsafety.com\/colombia\/contactanos\/\" target=\"_blank\" rel=\"noopener\"><button class=\"boton\">Solicitar presupuesto<\/button><\/a><\/p>\n","protected":false},"featured_media":15403,"comment_status":"closed","ping_status":"closed","template":"","meta":[],"product_brand":[],"product_cat":[130,570],"product_tag":[296,253,291,292,293,295,294,251,252],"class_list":{"0":"post-8646","1":"product","2":"type-product","3":"status-publish","4":"has-post-thumbnail","6":"product_cat-seguridad-electrica","7":"product_cat-stock-disponible-electrico","8":"product_tag-accidente-electricos","9":"product_tag-arco-electrico","10":"product_tag-kit-de-rescate","11":"product_tag-kit-de-rescate-electrico","12":"product_tag-kit-salvamento-electrico","13":"product_tag-pertigas","14":"product_tag-riesgo-electrico","15":"product_tag-seguridad-electrica","16":"product_tag-sofamel","17":"vtmin_rule_category-minimum-purchase-category","19":"first","20":"instock","21":"taxable","22":"shipping-taxable","23":"purchasable","24":"product-type-simple"},"_links":{"self":[{"href":"https:\/\/www.kpnsafety.com\/colombia\/wp-json\/wp\/v2\/product\/8646","targetHints":{"allow":["GET"]}}],"collection":[{"href":"https:\/\/www.kpnsafety.com\/colombia\/wp-json\/wp\/v2\/product"}],"about":[{"href":"https:\/\/www.kpnsafety.com\/colombia\/wp-json\/wp\/v2\/types\/product"}],"replies":[{"embeddable":true,"href":"https:\/\/www.kpnsafety.com\/colombia\/wp-json\/wp\/v2\/comments?post=8646"}],"wp:featuredmedia":[{"embeddable":true,"href":"https:\/\/www.kpnsafety.com\/colombia\/wp-json\/wp\/v2\/media\/15403"}],"wp:attachment":[{"href":"https:\/\/www.kpnsafety.com\/colombia\/wp-json\/wp\/v2\/media?parent=8646"}],"wp:term":[{"taxonomy":"product_brand","embeddable":true,"href":"https:\/\/www.kpnsafety.com\/colombia\/wp-json\/wp\/v2\/product_brand?post=8646"},{"taxonomy":"product_cat","embeddable":true,"href":"https:\/\/www.kpnsafety.com\/colombia\/wp-json\/wp\/v2\/product_cat?post=8646"},{"taxonomy":"product_tag","embeddable":true,"href":"https:\/\/www.kpnsafety.com\/colombia\/wp-json\/wp\/v2\/product_tag?post=8646"}],"curies":[{"name":"wp","href":"https:\/\/api.w.org\/{rel}","templated":true}]}}