{"id":8655,"date":"2020-09-08T17:08:17","date_gmt":"2020-09-08T22:08:17","guid":{"rendered":"https:\/\/www.kpnsafety.com\/colombia\/?post_type=product&#038;p=8655"},"modified":"2026-03-27T10:56:46","modified_gmt":"2026-03-27T15:56:46","slug":"pertiga-de-salvamento-1-5m-45-kv-bs45","status":"publish","type":"product","link":"https:\/\/www.kpnsafety.com\/colombia\/product\/pertiga-de-salvamento-1-5m-45-kv-bs45\/","title":{"rendered":"PERTIGA DE SALVAMENTO 1.5M 45 KV (BS45)"},"content":{"rendered":"<div class=\"wpb-content-wrapper\"><p>[vc_row][vc_column][vc_column_text]<\/p>\n<h2>\u00bfPara qu\u00e9 sirve una p\u00e9rtiga de salvamento?<\/h2>\n<p>Es una herramienta que se utiliza cuando se debe retirar a una persona herida de un \u00e1rea de peligro despu\u00e9s de un accidente o riesgo el\u00e9ctrico.<\/p>\n<p>Es muy importante tener a mano un gancho de rescate cuando se realizan tareas en instalaciones de exterior o interior, como c\u00e1maras subterr\u00e1neas o salas de equipos de maniobra y tableros.<\/p>\n<p>Posee un mango aislante de poli\u00e9ster reforzado con fibra de vidrio y gancho para tomar al operario del cuerpo y alejarlo de la zona peligrosa.<\/p>\n<p>Estas p\u00e9rtigas aislantes, sirven para maniobra el\u00e9ctrica y colocaci\u00f3n de dispositivos de puesta a tierra en las instalaciones el\u00e9ctricas de media tensi\u00f3n.<\/p>\n<p>&nbsp;<\/p>\n<h2>Caracter\u00edsticas<\/h2>\n<p>P\u00e9rtigas de salvamento de un solo tramo fabricada en tubo de poli\u00e9ster y fibra de vidrio de \u00d8 32 mm dotada de obturaciones antihumedad en ambos extremos, guardamanos, empu\u00f1adura, contera, cabezal m\u00e9trico M-10 y gancho de salvamento.<\/p>\n<p>Mod. BS-45<br \/>\nLongitud: 1,79 metros<br \/>\nTensi\u00f3n de trabajo: 45 kV[\/vc_column_text][\/vc_column][\/vc_row]<\/p>\n<\/div>","protected":false},"excerpt":{"rendered":"<p>Referencia: BS-45<br \/>\nMarca: SOFAMEL<\/p>\n<h2>Herramienta P\u00e9rtiga aislante<\/h2>\n<p>P\u00e9rtiga de salvamento de un solo tramo fabricada en tubo de poli\u00e9ster y fibra de vidrio de \u00d8 32 mm dotada de obturaciones antihumedad en ambos extremos, guardamanos, empu\u00f1adura, contera, cabezal m\u00e9trico M-10 y gancho de salvamento.<\/p>\n<p>Se utiliza para rescatar la v\u00edctima de la zona de peligro.<\/p>\n<p>&nbsp;<\/p>\n<p><strong>Tiempo de entrega de 45 a 60 d\u00edas si no se cuenta con stock<\/strong><\/p>\n<p><strong>Consulte disponibilidad con nuestros asesores especializados<\/strong><\/p>\n<p><a href=\"https:\/\/api.whatsapp.com\/send?phone=573147862881\" target=\"_blank\" rel=\"noopener\"><button class=\"boton\">Contactar un asesor<\/button><\/a><\/p>\n<p><a href=\"https:\/\/www.kpnsafety.com\/colombia\/contactanos\/\" target=\"_blank\" rel=\"noopener\"><button class=\"boton\">Solicitar presupuesto<\/button><\/a><\/p>\n","protected":false},"featured_media":8656,"comment_status":"closed","ping_status":"closed","template":"","meta":[],"product_brand":[],"product_cat":[516,176,130],"product_tag":[],"class_list":{"0":"post-8655","1":"product","2":"type-product","3":"status-publish","4":"has-post-thumbnail","6":"product_cat-liquidacion","7":"product_cat-pertigas","8":"product_cat-seguridad-electrica","9":"vtmin_rule_category-minimum-purchase-category","11":"first","12":"instock","13":"taxable","14":"shipping-taxable","15":"purchasable","16":"product-type-simple"},"_links":{"self":[{"href":"https:\/\/www.kpnsafety.com\/colombia\/wp-json\/wp\/v2\/product\/8655","targetHints":{"allow":["GET"]}}],"collection":[{"href":"https:\/\/www.kpnsafety.com\/colombia\/wp-json\/wp\/v2\/product"}],"about":[{"href":"https:\/\/www.kpnsafety.com\/colombia\/wp-json\/wp\/v2\/types\/product"}],"replies":[{"embeddable":true,"href":"https:\/\/www.kpnsafety.com\/colombia\/wp-json\/wp\/v2\/comments?post=8655"}],"wp:featuredmedia":[{"embeddable":true,"href":"https:\/\/www.kpnsafety.com\/colombia\/wp-json\/wp\/v2\/media\/8656"}],"wp:attachment":[{"href":"https:\/\/www.kpnsafety.com\/colombia\/wp-json\/wp\/v2\/media?parent=8655"}],"wp:term":[{"taxonomy":"product_brand","embeddable":true,"href":"https:\/\/www.kpnsafety.com\/colombia\/wp-json\/wp\/v2\/product_brand?post=8655"},{"taxonomy":"product_cat","embeddable":true,"href":"https:\/\/www.kpnsafety.com\/colombia\/wp-json\/wp\/v2\/product_cat?post=8655"},{"taxonomy":"product_tag","embeddable":true,"href":"https:\/\/www.kpnsafety.com\/colombia\/wp-json\/wp\/v2\/product_tag?post=8655"}],"curies":[{"name":"wp","href":"https:\/\/api.w.org\/{rel}","templated":true}]}}