{"id":8659,"date":"2020-09-08T17:30:13","date_gmt":"2020-09-08T22:30:13","guid":{"rendered":"https:\/\/www.kpnsafety.com\/colombia\/?post_type=product&#038;p=8659"},"modified":"2025-12-23T10:16:57","modified_gmt":"2025-12-23T15:16:57","slug":"tapa-oidos-de-insercion-en-espuma-sin-cordon","status":"publish","type":"product","link":"https:\/\/www.kpnsafety.com\/colombia\/product\/tapa-oidos-de-insercion-en-espuma-sin-cordon\/","title":{"rendered":"TAPA OIDOS DE INSERCION EN ESPUMA SIN CORDON"},"content":{"rendered":"<div class=\"wpb-content-wrapper\"><p>[vc_row][vc_column][vc_column_text]<\/p>\n<h2>Conoce m\u00e1s sobre los tapa o\u00eddos de inserci\u00f3n<\/h2>\n<p>Tapones para los o\u00eddos desechables de un solo uso<br \/>\nEspuma de poliuretano 100% sin PVC<br \/>\nEspuma ligera y extra suave que sella el canal auditivo sin ejercer presi\u00f3n<br \/>\nLa forma de bala proporciona un ajuste perfecto mientras se adapta suavemente al canal auditivo<br \/>\nLa espuma extensible de rebote lento proporciona la mejor combinaci\u00f3n de comodidad y protecci\u00f3n para la mayor\u00eda de los usuarios<br \/>\nHecho de material suave no alerg\u00e9nico.<br \/>\nCada par est\u00e1 empaquetado individualmente en polietileno<\/p>\n<p>Talla: \u00fanica[\/vc_column_text][\/vc_column][\/vc_row]<\/p>\n<\/div>","protected":false},"excerpt":{"rendered":"<p>Referencia: HP-F1<\/p>\n<p>Estos tapones para los o\u00eddos de espuma de un solo uso brindan una protecci\u00f3n simple y efectiva contra da\u00f1os auditivos al reducir considerablemente el ruido ambiental. De color naranja muy visible y con forma que se adapta al canal auditivo, la espuma suave de recuperaci\u00f3n lenta est\u00e1 clasificada para un nivel de protecci\u00f3n de 33 dB NRR.<\/p>\n<p>&nbsp;<\/p>\n<p>&nbsp;<\/p>\n<p><strong>Tiempo de entrega de 8 d\u00edas si no se cuenta con stock<\/strong><\/p>\n<p><strong>Consulte disponibilidad con nuestros asesores especializados<\/strong><\/p>\n<p>&nbsp;<\/p>\n<p><a href=\"https:\/\/api.whatsapp.com\/send?phone=573147862881\" target=\"_blank\" rel=\"noopener\"><button class=\"boton\">Contactar un asesor<\/button><\/a><\/p>\n<p><a href=\"https:\/\/www.kpnsafety.com\/colombia\/contactanos\/\" target=\"_blank\" rel=\"noopener\"><button class=\"boton\">Solicitar presupuesto<\/button><\/a><\/p>\n","protected":false},"featured_media":8660,"comment_status":"closed","ping_status":"closed","template":"","meta":[],"product_brand":[],"product_cat":[129],"product_tag":[],"class_list":{"0":"post-8659","1":"product","2":"type-product","3":"status-publish","4":"has-post-thumbnail","6":"product_cat-seguridad-industrial","7":"vtmin_rule_category-minimum-purchase-category","9":"first","10":"instock","11":"taxable","12":"shipping-taxable","13":"product-type-simple"},"_links":{"self":[{"href":"https:\/\/www.kpnsafety.com\/colombia\/wp-json\/wp\/v2\/product\/8659","targetHints":{"allow":["GET"]}}],"collection":[{"href":"https:\/\/www.kpnsafety.com\/colombia\/wp-json\/wp\/v2\/product"}],"about":[{"href":"https:\/\/www.kpnsafety.com\/colombia\/wp-json\/wp\/v2\/types\/product"}],"replies":[{"embeddable":true,"href":"https:\/\/www.kpnsafety.com\/colombia\/wp-json\/wp\/v2\/comments?post=8659"}],"wp:featuredmedia":[{"embeddable":true,"href":"https:\/\/www.kpnsafety.com\/colombia\/wp-json\/wp\/v2\/media\/8660"}],"wp:attachment":[{"href":"https:\/\/www.kpnsafety.com\/colombia\/wp-json\/wp\/v2\/media?parent=8659"}],"wp:term":[{"taxonomy":"product_brand","embeddable":true,"href":"https:\/\/www.kpnsafety.com\/colombia\/wp-json\/wp\/v2\/product_brand?post=8659"},{"taxonomy":"product_cat","embeddable":true,"href":"https:\/\/www.kpnsafety.com\/colombia\/wp-json\/wp\/v2\/product_cat?post=8659"},{"taxonomy":"product_tag","embeddable":true,"href":"https:\/\/www.kpnsafety.com\/colombia\/wp-json\/wp\/v2\/product_tag?post=8659"}],"curies":[{"name":"wp","href":"https:\/\/api.w.org\/{rel}","templated":true}]}}