{"id":8697,"date":"2020-09-09T18:30:04","date_gmt":"2020-09-09T23:30:04","guid":{"rendered":"https:\/\/www.kpnsafety.com\/colombia\/?post_type=product&#038;p=8697"},"modified":"2025-01-13T17:13:01","modified_gmt":"2025-01-13T22:13:01","slug":"guantes-general-utility-blk-talla-xl-color-negro-con-gris-ironclad","status":"publish","type":"product","link":"https:\/\/www.kpnsafety.com\/colombia\/product\/guantes-general-utility-blk-talla-xl-color-negro-con-gris-ironclad\/","title":{"rendered":"&#8220;ULTIMAS UNIDADES&#8221; GUANTE GENERAL UTILITY BLK TALLA\/XL  COLOR NEGRO CON GRIS IRONCLAD"},"content":{"rendered":"<p><strong>REFUERZOS DE CUERO SINT\u00c9TICO<\/strong><br \/>\nReforzado en \u00e1reas cr\u00edticas para m\u00e1xima durabilidad<\/p>\n<p><strong>DISE\u00d1O DE PALMA PATENTADO<\/strong><br \/>\nExcelente destreza y durabilidad<\/p>\n<p><strong>SISTEMA DE MANGUITO H\u00cdBRIDO<\/strong><br \/>\nAjuste seguro con funci\u00f3n de seguridad de liberaci\u00f3n r\u00e1pida incorporada<\/p>\n<p><strong>EXTRACTOR DE MANGUITOS TPR<\/strong><br \/>\nColoque su guante en la posici\u00f3n adecuada m\u00e1s r\u00e1pido<\/p>\n<p><strong>TOALLITA PARA EL SUDOR DE FELPA<\/strong><br \/>\nConvenientemente ubicado en la parte posterior del pulgar<\/p>\n<p><strong>MEJORES USOS:<\/strong> Tienda, hogar, entrega, limpieza, construcci\u00f3n, operaci\u00f3n de equipos, aparejos, trabajos de jardiner\u00eda<\/p>\n","protected":false},"excerpt":{"rendered":"<p>Referencia: GUG-05<\/p>\n<p>Marca: IRONCLAD<\/p>\n<p>&nbsp;<\/p>\n<p>El guante utilitario original de alto rendimiento. Un guante c\u00f3modo y ajustado dise\u00f1ado para manejar todas sus tareas diarias. Sin mencionar que son completamente lavables, como cualquier otro guante Ironclad.<\/p>\n<p>EN 388: 2003<br \/>\nANSI 105<br \/>\nCE CATEGORIA 2<\/p>\n<p>&nbsp;<\/p>\n<p><strong>Tiempo de entrega de 45 a 60 d\u00edas si no se cuenta con stock<\/strong><\/p>\n<p>&nbsp;<\/p>\n<p><a href=\"https:\/\/api.whatsapp.com\/send?phone=573147862881\" target=\"_blank\" rel=\"noopener\"><button class=\"boton\">Contactar un asesor<\/button><\/a><\/p>\n<p><a href=\"https:\/\/www.kpnsafety.com\/colombia\/contactanos\/\" target=\"_blank\" rel=\"noopener\"><button class=\"boton\">Solicitar presupuesto<\/button><\/a><\/p>\n","protected":false},"featured_media":8698,"comment_status":"closed","ping_status":"closed","template":"","meta":[],"product_brand":[],"product_cat":[151,115,129],"product_tag":[],"class_list":{"0":"post-8697","1":"product","2":"type-product","3":"status-publish","4":"has-post-thumbnail","6":"product_cat-guantes-industriales","7":"product_cat-proteccion-manual","8":"product_cat-seguridad-industrial","9":"vtmin_rule_category-minimum-purchase-category","11":"first","12":"instock","13":"taxable","14":"shipping-taxable","15":"purchasable","16":"product-type-simple"},"_links":{"self":[{"href":"https:\/\/www.kpnsafety.com\/colombia\/wp-json\/wp\/v2\/product\/8697","targetHints":{"allow":["GET"]}}],"collection":[{"href":"https:\/\/www.kpnsafety.com\/colombia\/wp-json\/wp\/v2\/product"}],"about":[{"href":"https:\/\/www.kpnsafety.com\/colombia\/wp-json\/wp\/v2\/types\/product"}],"replies":[{"embeddable":true,"href":"https:\/\/www.kpnsafety.com\/colombia\/wp-json\/wp\/v2\/comments?post=8697"}],"wp:featuredmedia":[{"embeddable":true,"href":"https:\/\/www.kpnsafety.com\/colombia\/wp-json\/wp\/v2\/media\/8698"}],"wp:attachment":[{"href":"https:\/\/www.kpnsafety.com\/colombia\/wp-json\/wp\/v2\/media?parent=8697"}],"wp:term":[{"taxonomy":"product_brand","embeddable":true,"href":"https:\/\/www.kpnsafety.com\/colombia\/wp-json\/wp\/v2\/product_brand?post=8697"},{"taxonomy":"product_cat","embeddable":true,"href":"https:\/\/www.kpnsafety.com\/colombia\/wp-json\/wp\/v2\/product_cat?post=8697"},{"taxonomy":"product_tag","embeddable":true,"href":"https:\/\/www.kpnsafety.com\/colombia\/wp-json\/wp\/v2\/product_tag?post=8697"}],"curies":[{"name":"wp","href":"https:\/\/api.w.org\/{rel}","templated":true}]}}