{"id":8703,"date":"2020-09-09T18:58:08","date_gmt":"2020-09-09T23:58:08","guid":{"rendered":"https:\/\/www.kpnsafety.com\/colombia\/?post_type=product&#038;p=8703"},"modified":"2025-01-13T17:14:14","modified_gmt":"2025-01-13T22:14:14","slug":"guante-industrial-ironclad-cut-3","status":"publish","type":"product","link":"https:\/\/www.kpnsafety.com\/colombia\/product\/guante-industrial-ironclad-cut-3\/","title":{"rendered":"GUANTE INDUSTRIAL IRONCLAD CUT 3 TALLA\/M"},"content":{"rendered":"<p><strong>Especificaciones t\u00e9cnicas<\/strong><br \/>\nColor: Blanco \/ gris<br \/>\nCobertura de revestimiento de guantes: Palma y dedos<br \/>\nAcabado de revestimiento de guantes: Plano<br \/>\nMaterial de revestimiento de guantes: Poliuretano<\/p>\n","protected":false},"excerpt":{"rendered":"<p>Referencia: IKC3-03<\/p>\n<p>Marca: IRONCLAD<\/p>\n<p><strong>TALLA M<\/strong><\/p>\n<p>Los guantes de poliuretano est\u00e1n hechos para aplicaciones como ensamblaje automotriz, trabajo de mantenimiento general, ensamblaje ligero, fabricaci\u00f3n y manipulaci\u00f3n de piezas peque\u00f1as.<\/p>\n<p>&nbsp;<\/p>\n<p>&nbsp;<\/p>\n<p><strong>Tiempo de entrega de 45 a 60 d\u00edas si no se cuenta con stock<\/strong><\/p>\n<p><strong>Consulte disponibilidad con nuestros asesores especializados<\/strong><\/p>\n<p>&nbsp;<\/p>\n<p><a href=\"https:\/\/api.whatsapp.com\/send?phone=573147862881\" target=\"_blank\" rel=\"noopener\"><button class=\"boton\">Contactar un asesor<\/button><\/a><\/p>\n<p><a href=\"https:\/\/www.kpnsafety.com\/colombia\/contactanos\/\" target=\"_blank\" rel=\"noopener\"><button class=\"boton\">Solicitar presupuesto<\/button><\/a><\/p>\n","protected":false},"featured_media":8704,"comment_status":"closed","ping_status":"closed","template":"","meta":[],"product_brand":[],"product_cat":[117,115,129],"product_tag":[237,207],"class_list":{"0":"post-8703","1":"product","2":"type-product","3":"status-publish","4":"has-post-thumbnail","6":"product_cat-guantes-anti-corte","7":"product_cat-proteccion-manual","8":"product_cat-seguridad-industrial","9":"product_tag-guantes-anticorte","10":"product_tag-seguridad-industrial","11":"vtmin_rule_category-minimum-purchase-category","13":"first","14":"instock","15":"taxable","16":"shipping-taxable","17":"purchasable","18":"product-type-simple"},"_links":{"self":[{"href":"https:\/\/www.kpnsafety.com\/colombia\/wp-json\/wp\/v2\/product\/8703","targetHints":{"allow":["GET"]}}],"collection":[{"href":"https:\/\/www.kpnsafety.com\/colombia\/wp-json\/wp\/v2\/product"}],"about":[{"href":"https:\/\/www.kpnsafety.com\/colombia\/wp-json\/wp\/v2\/types\/product"}],"replies":[{"embeddable":true,"href":"https:\/\/www.kpnsafety.com\/colombia\/wp-json\/wp\/v2\/comments?post=8703"}],"wp:featuredmedia":[{"embeddable":true,"href":"https:\/\/www.kpnsafety.com\/colombia\/wp-json\/wp\/v2\/media\/8704"}],"wp:attachment":[{"href":"https:\/\/www.kpnsafety.com\/colombia\/wp-json\/wp\/v2\/media?parent=8703"}],"wp:term":[{"taxonomy":"product_brand","embeddable":true,"href":"https:\/\/www.kpnsafety.com\/colombia\/wp-json\/wp\/v2\/product_brand?post=8703"},{"taxonomy":"product_cat","embeddable":true,"href":"https:\/\/www.kpnsafety.com\/colombia\/wp-json\/wp\/v2\/product_cat?post=8703"},{"taxonomy":"product_tag","embeddable":true,"href":"https:\/\/www.kpnsafety.com\/colombia\/wp-json\/wp\/v2\/product_tag?post=8703"}],"curies":[{"name":"wp","href":"https:\/\/api.w.org\/{rel}","templated":true}]}}