{"id":8710,"date":"2020-09-10T09:21:50","date_gmt":"2020-09-10T14:21:50","guid":{"rendered":"https:\/\/www.kpnsafety.com\/colombia\/?post_type=product&#038;p=8710"},"modified":"2025-10-16T10:11:25","modified_gmt":"2025-10-16T15:11:25","slug":"guantin-blanco-antisudoral-en-algodon","status":"publish","type":"product","link":"https:\/\/www.kpnsafety.com\/colombia\/product\/guantin-blanco-antisudoral-en-algodon\/","title":{"rendered":"Guant\u00edn blanco antisudoral en algod\u00f3n"},"content":{"rendered":"","protected":false},"excerpt":{"rendered":"<p>Referencia: Guant\u00edn Blanco \/ KPN-0001<br \/>\nMarca: NACIONAL<\/p>\n<p>&nbsp;<\/p>\n<p><strong>Tiempo de entrega de 8 d\u00edas si no se cuenta con stock<\/strong><\/p>\n<p><strong>Consulte disponibilidad con nuestros asesores especializados<\/strong><\/p>\n<p><strong>1 A\u00f1o de Garant\u00eda con KPN<\/strong><\/p>\n<p><a href=\"https:\/\/api.whatsapp.com\/send?phone=573147862881\" target=\"_blank\" rel=\"noopener\"><button class=\"boton\">Contactar un asesor<\/button><\/a><\/p>\n<p><a href=\"https:\/\/www.kpnsafety.com\/colombia\/contactanos\/\" target=\"_blank\" rel=\"noopener\"><button class=\"boton\">Solicitar presupuesto<\/button><\/a><\/p>\n","protected":false},"featured_media":8711,"comment_status":"closed","ping_status":"closed","template":"","meta":[],"product_brand":[],"product_cat":[196,319,195,167,151,115,130,129,570],"product_tag":[],"class_list":{"0":"post-8710","1":"product","2":"type-product","3":"status-publish","4":"has-post-thumbnail","6":"product_cat-accesorios-guantes","7":"product_cat-equipos-proteccion-electrica","8":"product_cat-guantes","9":"product_cat-guantes-dielectricos","10":"product_cat-guantes-industriales","11":"product_cat-proteccion-manual","12":"product_cat-seguridad-electrica","13":"product_cat-seguridad-industrial","14":"product_cat-stock-disponible-electrico","15":"vtmin_rule_category-minimum-purchase-category","17":"first","18":"instock","19":"taxable","20":"shipping-taxable","21":"purchasable","22":"product-type-variable"},"_links":{"self":[{"href":"https:\/\/www.kpnsafety.com\/colombia\/wp-json\/wp\/v2\/product\/8710","targetHints":{"allow":["GET"]}}],"collection":[{"href":"https:\/\/www.kpnsafety.com\/colombia\/wp-json\/wp\/v2\/product"}],"about":[{"href":"https:\/\/www.kpnsafety.com\/colombia\/wp-json\/wp\/v2\/types\/product"}],"replies":[{"embeddable":true,"href":"https:\/\/www.kpnsafety.com\/colombia\/wp-json\/wp\/v2\/comments?post=8710"}],"wp:featuredmedia":[{"embeddable":true,"href":"https:\/\/www.kpnsafety.com\/colombia\/wp-json\/wp\/v2\/media\/8711"}],"wp:attachment":[{"href":"https:\/\/www.kpnsafety.com\/colombia\/wp-json\/wp\/v2\/media?parent=8710"}],"wp:term":[{"taxonomy":"product_brand","embeddable":true,"href":"https:\/\/www.kpnsafety.com\/colombia\/wp-json\/wp\/v2\/product_brand?post=8710"},{"taxonomy":"product_cat","embeddable":true,"href":"https:\/\/www.kpnsafety.com\/colombia\/wp-json\/wp\/v2\/product_cat?post=8710"},{"taxonomy":"product_tag","embeddable":true,"href":"https:\/\/www.kpnsafety.com\/colombia\/wp-json\/wp\/v2\/product_tag?post=8710"}],"curies":[{"name":"wp","href":"https:\/\/api.w.org\/{rel}","templated":true}]}}