{"id":8718,"date":"2020-09-10T09:58:55","date_gmt":"2020-09-10T14:58:55","guid":{"rendered":"https:\/\/www.kpnsafety.com\/colombia\/?post_type=product&#038;p=8718"},"modified":"2026-02-18T17:36:52","modified_gmt":"2026-02-18T22:36:52","slug":"guante-en-poliamida-con-recubrimiento-en-nitrilo-color-negro","status":"publish","type":"product","link":"https:\/\/www.kpnsafety.com\/colombia\/product\/guante-en-poliamida-con-recubrimiento-en-nitrilo-color-negro\/","title":{"rendered":"&#8220;ULTIMAS UNIDADES&#8221; Guante en poliamida con recubrimiento en nitrilo color negro"},"content":{"rendered":"<p><strong>Funciones espec\u00edficas<\/strong><br \/>\nEstanco al aceite en la palma y los nudillos, repele la penetraci\u00f3n del aceite y reduce el riesgo de sufrir dermatitis<br \/>\nEl recubrimiento Grip &amp; Proof asegura un agarre excelente en entornos aceitosos. Igualmente reduce la tensi\u00f3n muscular y estimula la productividad<br \/>\nExcelente resistencia a la abrasi\u00f3n gracias al recubrimiento de nitrilo<br \/>\nImbatible sensibilidad t\u00e1ctil<br \/>\nGuante de larga duraci\u00f3n y de gran rendimiento: lavable, no es necesario cambiarlo tan a menudo gracias a la estanqueidad al aceite<\/p>\n<p><strong>Aplicaciones<\/strong><\/p>\n<ul>\n<li><strong>Industria automovil\u00edstica\/mec\u00e1nica<\/strong><br \/>\nManipulaci\u00f3n y ordenaci\u00f3n de piezas peque\u00f1as y cortantes<br \/>\nManipulaci\u00f3n de piezas mec\u00e1nicas grasientas<br \/>\nManipulaci\u00f3n de metal en l\u00e1minas<br \/>\nMecanizado de piezas utilizando aceite de corte<\/li>\n<li><strong>Industria del vidrio<\/strong><br \/>\nManipulaci\u00f3n de l\u00e1minas de vidrio<br \/>\nAyuntamientos (trabajos de mantenimiento)<br \/>\nPeque\u00f1os trabajos de mantenimiento general<\/li>\n<li><strong>Industria mec\u00e1nica<\/strong><br \/>\nMontaje de piezas peque\u00f1as y grasientas<br \/>\nMantenimiento en entornos h\u00famedos (agua, aceite, grasas, hidrocarburos)<\/li>\n<li><strong>Sector agr\u00edcola<\/strong><br \/>\nActividades de reingreso<\/li>\n<\/ul>\n","protected":false},"excerpt":{"rendered":"<p>Referencia: MAPA-525-L<br \/>\nMarca: MAPA<\/p>\n<p>Agarre asegurado, piel protegida hasta los nudillos y un agarre imbatible en entornos aceitosos<\/p>\n<p>Protecci\u00f3n para mantenimiento<\/p>\n<p>&nbsp;<\/p>\n<p><strong>&#8220;\u00daltimas Unidades&#8221; Tiempo de entrega de 45 a 60 d\u00edas si no se cuenta con stock<\/strong><\/p>\n<p>&nbsp;<\/p>\n<p><a href=\"https:\/\/api.whatsapp.com\/send?phone=573147862881\" target=\"_blank\" rel=\"noopener\"><button class=\"boton\">Contactar un asesor<\/button><\/a><\/p>\n<p><a href=\"https:\/\/www.kpnsafety.com\/colombia\/contactanos\/\" target=\"_blank\" rel=\"noopener\"><button class=\"boton\">Solicitar presupuesto<\/button><\/a><\/p>\n","protected":false},"featured_media":8719,"comment_status":"closed","ping_status":"closed","template":"","meta":[],"product_brand":[],"product_cat":[115,120,129],"product_tag":[],"class_list":{"0":"post-8718","1":"product","2":"type-product","3":"status-publish","4":"has-post-thumbnail","6":"product_cat-proteccion-manual","7":"product_cat-proteccion-quimica","8":"product_cat-seguridad-industrial","9":"vtmin_rule_category-minimum-purchase-category","11":"first","12":"instock","13":"taxable","14":"shipping-taxable","15":"purchasable","16":"product-type-variable"},"_links":{"self":[{"href":"https:\/\/www.kpnsafety.com\/colombia\/wp-json\/wp\/v2\/product\/8718","targetHints":{"allow":["GET"]}}],"collection":[{"href":"https:\/\/www.kpnsafety.com\/colombia\/wp-json\/wp\/v2\/product"}],"about":[{"href":"https:\/\/www.kpnsafety.com\/colombia\/wp-json\/wp\/v2\/types\/product"}],"replies":[{"embeddable":true,"href":"https:\/\/www.kpnsafety.com\/colombia\/wp-json\/wp\/v2\/comments?post=8718"}],"wp:featuredmedia":[{"embeddable":true,"href":"https:\/\/www.kpnsafety.com\/colombia\/wp-json\/wp\/v2\/media\/8719"}],"wp:attachment":[{"href":"https:\/\/www.kpnsafety.com\/colombia\/wp-json\/wp\/v2\/media?parent=8718"}],"wp:term":[{"taxonomy":"product_brand","embeddable":true,"href":"https:\/\/www.kpnsafety.com\/colombia\/wp-json\/wp\/v2\/product_brand?post=8718"},{"taxonomy":"product_cat","embeddable":true,"href":"https:\/\/www.kpnsafety.com\/colombia\/wp-json\/wp\/v2\/product_cat?post=8718"},{"taxonomy":"product_tag","embeddable":true,"href":"https:\/\/www.kpnsafety.com\/colombia\/wp-json\/wp\/v2\/product_tag?post=8718"}],"curies":[{"name":"wp","href":"https:\/\/api.w.org\/{rel}","templated":true}]}}