{"id":8742,"date":"2020-09-10T11:30:45","date_gmt":"2020-09-10T16:30:45","guid":{"rendered":"https:\/\/www.kpnsafety.com\/colombia\/?post_type=product&#038;p=8742"},"modified":"2026-04-12T15:18:42","modified_gmt":"2026-04-12T20:18:42","slug":"guante-tuff-chix-evolution-color-rosado","status":"publish","type":"product","link":"https:\/\/www.kpnsafety.com\/colombia\/product\/guante-tuff-chix-evolution-color-rosado\/","title":{"rendered":"&#8220;ULTIMAS UNIDADES&#8221; Guante TUFF CHIX EVOLUTION color rosado"},"content":{"rendered":"<p><strong>PUNTAS DE LOS DEDOS ROLLTOP\u00ae PATENTADAS<\/strong><br \/>\nM\u00e1xima destreza y protecci\u00f3n de doble capa<\/p>\n<p><strong>PROTECTORES DE U\u00d1AS REFORZADOS<\/strong><br \/>\nProtege contra virutas y mellas.<\/p>\n<p><strong>DISE\u00d1O DE PALMA PATENTADO<\/strong><br \/>\nExcelente destreza y durabilidad<\/p>\n<p><strong>REFUERZOS DE CUERO SINT\u00c9TICO<\/strong><br \/>\nReforzado en \u00e1reas cr\u00edticas para m\u00e1xima durabilidad<\/p>\n<p><strong>TOALLITA PARA EL SUDOR DE FELPA<\/strong><br \/>\nConvenientemente ubicado en la parte posterior del pulgar<\/p>\n<p>&nbsp;<\/p>\n<p><img fetchpriority=\"high\" decoding=\"async\" class=\"size-full wp-image-12093 alignleft\" src=\"https:\/\/www.kpnsafety.com\/colombia\/wp-content\/uploads\/2020\/09\/tuff-chix1.jpg\" alt=\"\" width=\"300\" height=\"300\" srcset=\"https:\/\/www.kpnsafety.com\/colombia\/wp-content\/uploads\/2020\/09\/tuff-chix1.jpg 300w, https:\/\/www.kpnsafety.com\/colombia\/wp-content\/uploads\/2020\/09\/tuff-chix1-150x150.jpg 150w, https:\/\/www.kpnsafety.com\/colombia\/wp-content\/uploads\/2020\/09\/tuff-chix1-100x100.jpg 100w, https:\/\/www.kpnsafety.com\/colombia\/wp-content\/uploads\/2020\/09\/tuff-chix1-40x40.jpg 40w, https:\/\/www.kpnsafety.com\/colombia\/wp-content\/uploads\/2020\/09\/tuff-chix1-30x30.jpg 30w\" sizes=\"(max-width: 300px) 100vw, 300px\" \/><\/p>\n<h2 class=\"a-spacing-mini\">Dise\u00f1o de palma patentado &#8211; Patr\u00f3n de guante precurvado<\/h2>\n<p>El dise\u00f1o patentado de la palma proporciona una excelente destreza y durabilidad.\u00a0El patr\u00f3n de guante precurvado coincide con los contornos de la mano de una mujer.\u00a0(D514,771 Patente de EE. UU. 2006)<\/p>\n<p>&nbsp;<\/p>\n<p>&nbsp;<\/p>\n<p>&nbsp;<\/p>\n<p>&nbsp;<\/p>\n<p>&nbsp;<\/p>\n<h2 class=\"a-spacing-mini\"><img decoding=\"async\" class=\"size-full wp-image-12094 alignright\" src=\"https:\/\/www.kpnsafety.com\/colombia\/wp-content\/uploads\/2020\/09\/tuff-chix2.jpg\" alt=\"\" width=\"300\" height=\"300\" srcset=\"https:\/\/www.kpnsafety.com\/colombia\/wp-content\/uploads\/2020\/09\/tuff-chix2.jpg 300w, https:\/\/www.kpnsafety.com\/colombia\/wp-content\/uploads\/2020\/09\/tuff-chix2-150x150.jpg 150w, https:\/\/www.kpnsafety.com\/colombia\/wp-content\/uploads\/2020\/09\/tuff-chix2-100x100.jpg 100w, https:\/\/www.kpnsafety.com\/colombia\/wp-content\/uploads\/2020\/09\/tuff-chix2-40x40.jpg 40w, https:\/\/www.kpnsafety.com\/colombia\/wp-content\/uploads\/2020\/09\/tuff-chix2-30x30.jpg 30w\" sizes=\"(max-width: 300px) 100vw, 300px\" \/>Protecci\u00f3n acolchada para los nudillos &#8211; Puntas de los dedos enrollables<\/h2>\n<p>Protecci\u00f3n de nudillos acolchada que protege los nudillos del impacto y la abrasi\u00f3n.\u00a0Las yemas de los dedos Rolltop brindan la m\u00e1xima destreza y protecci\u00f3n de doble capa.<\/p>\n<p>&nbsp;<\/p>\n<p>&nbsp;<\/p>\n<p>&nbsp;<\/p>\n<p>&nbsp;<\/p>\n<p>&nbsp;<\/p>\n<h2 class=\"a-spacing-mini\"><img decoding=\"async\" class=\"size-full wp-image-12095 alignleft\" src=\"https:\/\/www.kpnsafety.com\/colombia\/wp-content\/uploads\/2020\/09\/tuff-chix3.jpg\" alt=\"\" width=\"300\" height=\"300\" srcset=\"https:\/\/www.kpnsafety.com\/colombia\/wp-content\/uploads\/2020\/09\/tuff-chix3.jpg 300w, https:\/\/www.kpnsafety.com\/colombia\/wp-content\/uploads\/2020\/09\/tuff-chix3-150x150.jpg 150w, https:\/\/www.kpnsafety.com\/colombia\/wp-content\/uploads\/2020\/09\/tuff-chix3-100x100.jpg 100w, https:\/\/www.kpnsafety.com\/colombia\/wp-content\/uploads\/2020\/09\/tuff-chix3-40x40.jpg 40w, https:\/\/www.kpnsafety.com\/colombia\/wp-content\/uploads\/2020\/09\/tuff-chix3-30x30.jpg 30w\" sizes=\"(max-width: 300px) 100vw, 300px\" \/>Protecci\u00f3n termopl\u00e1stica para el dorso de la mano<\/h2>\n<p>El logotipo de Tuff Chix en el dorso de la mano est\u00e1 hecho de caucho termopl\u00e1stico que brinda protecci\u00f3n al dorso de la mano<\/p>\n<p>&nbsp;<\/p>\n","protected":false},"excerpt":{"rendered":"<p>Referencia: TCX-23<br \/>\nMarca: IRONCLAD<\/p>\n<p>Sabemos que el espacio de trabajo de las mujeres necesitaba un guante que fuera lo suficientemente resistente para construir casas y que se ajustara a la mano de una mujer, el guante Tuff Chix est\u00e1 dise\u00f1ado y dimensionado para manos de mujeres. Mejores usos para herramientas manuales y el\u00e9ctricas, operaci\u00f3n de equipos, paisajismo, jardiner\u00eda y mantenimiento del hogar.<\/p>\n<p>&nbsp;<\/p>\n<p><a href=\"https:\/\/api.whatsapp.com\/send?phone=573147862881\" target=\"_blank\" rel=\"noopener\"><button class=\"boton\">Contactar un asesor<\/button><\/a><\/p>\n<p><a href=\"https:\/\/www.kpnsafety.com\/colombia\/contactanos\/\" target=\"_blank\" rel=\"noopener\"><button class=\"boton\">Solicitar presupuesto<\/button><\/a><\/p>\n<p>&nbsp;<\/p>\n<p>&nbsp;<\/p>\n","protected":false},"featured_media":8743,"comment_status":"closed","ping_status":"closed","template":"","meta":[],"product_brand":[],"product_cat":[151,115,129],"product_tag":[492,495,494,493],"class_list":{"0":"post-8742","1":"product","2":"type-product","3":"status-publish","4":"has-post-thumbnail","6":"product_cat-guantes-industriales","7":"product_cat-proteccion-manual","8":"product_cat-seguridad-industrial","9":"product_tag-guantes-de-seguridad","10":"product_tag-guantes-industriales","11":"product_tag-guantes-mujer","12":"product_tag-guantes-par-amujer","13":"vtmin_rule_category-minimum-purchase-category","15":"first","16":"instock","17":"sale","18":"featured","19":"taxable","20":"shipping-taxable","21":"purchasable","22":"product-type-variable"},"_links":{"self":[{"href":"https:\/\/www.kpnsafety.com\/colombia\/wp-json\/wp\/v2\/product\/8742","targetHints":{"allow":["GET"]}}],"collection":[{"href":"https:\/\/www.kpnsafety.com\/colombia\/wp-json\/wp\/v2\/product"}],"about":[{"href":"https:\/\/www.kpnsafety.com\/colombia\/wp-json\/wp\/v2\/types\/product"}],"replies":[{"embeddable":true,"href":"https:\/\/www.kpnsafety.com\/colombia\/wp-json\/wp\/v2\/comments?post=8742"}],"wp:featuredmedia":[{"embeddable":true,"href":"https:\/\/www.kpnsafety.com\/colombia\/wp-json\/wp\/v2\/media\/8743"}],"wp:attachment":[{"href":"https:\/\/www.kpnsafety.com\/colombia\/wp-json\/wp\/v2\/media?parent=8742"}],"wp:term":[{"taxonomy":"product_brand","embeddable":true,"href":"https:\/\/www.kpnsafety.com\/colombia\/wp-json\/wp\/v2\/product_brand?post=8742"},{"taxonomy":"product_cat","embeddable":true,"href":"https:\/\/www.kpnsafety.com\/colombia\/wp-json\/wp\/v2\/product_cat?post=8742"},{"taxonomy":"product_tag","embeddable":true,"href":"https:\/\/www.kpnsafety.com\/colombia\/wp-json\/wp\/v2\/product_tag?post=8742"}],"curies":[{"name":"wp","href":"https:\/\/api.w.org\/{rel}","templated":true}]}}