{"id":8807,"date":"2020-09-10T15:57:50","date_gmt":"2020-09-10T20:57:50","guid":{"rendered":"https:\/\/www.kpnsafety.com\/colombia\/?post_type=product&#038;p=8807"},"modified":"2025-10-23T12:45:01","modified_gmt":"2025-10-23T17:45:01","slug":"guante-vaqueta-protector-dielectrico-calse-1-y-2-amarillo-talla-unica","status":"publish","type":"product","link":"https:\/\/www.kpnsafety.com\/colombia\/product\/guante-vaqueta-protector-dielectrico-calse-1-y-2-amarillo-talla-unica\/","title":{"rendered":"GUANTE VAQUETA PROTECTOR GUANTE DIEL\u00c9CTRICO CLASE 2 AMARILLO TALLA UNICA"},"content":{"rendered":"<h2>Guante vaqueta para seguridad industrial<\/h2>\n<p><b>MATERIA PRIMA E INSUMOS:\u00a0<\/b><\/p>\n<ul>\n<li><span style=\"font-weight: 400;\">Cuero de bovino curtido al cromo, blanco o amarillo de 0.8 a 1 mm de espesor, textura,\u00a0 suave, flexible.\u00a0\u00a0<\/span><\/li>\n<li><span style=\"font-weight: 400;\">Tela cuerotex class suave y de colores, dependiendo la referencia\u00a0\u00a0<\/span><\/li>\n<li><span style=\"font-weight: 400;\">Cosido con Hilo Enka Ref. 940-1 Ribete en los bordes de color Negro, correa en reata y\u00a0 hebillas de ajuste<\/span><\/li>\n<\/ul>\n<p><b>USOS:\u00a0<\/b><\/p>\n<p><strong>A) Instrucci\u00f3n de colocaci\u00f3n y retiro adecuado. <\/strong><\/p>\n<ul>\n<li><strong>Colocaci\u00f3n:\u00a0\u00a0<\/strong><\/li>\n<\/ul>\n<ol>\n<li style=\"list-style-type: none;\">\n<ol>\n<li><span style=\"font-weight: 400;\">Posici\u00f3nelo en forma en que la boca del guante est\u00e9 frente a los dedos de la mano.<\/span><\/li>\n<li><span style=\"font-weight: 400;\">Proceda a pasar los dedos, tirando con la otra mano hacia el antebrazo, hasta pasar\u00a0 totalmente la mano.\u00a0<\/span><\/li>\n<li><span style=\"font-weight: 400;\">Ajuste los dedos acondicionando el equipo a la mano.\u00a0\u00a0<\/span><\/li>\n<\/ol>\n<\/li>\n<\/ol>\n<ul>\n<li><span style=\"font-weight: 400;\"><strong> Retiro:<\/strong> Evitar que la piel de la mano tenga contacto con el contaminante impregnado en el\u00a0 equipo.\u00a0\u00a0<\/span><\/li>\n<\/ul>\n<p><span style=\"font-weight: 400;\"><strong>B) Reposici\u00f3n<\/strong><\/span><\/p>\n<p><span style=\"font-weight: 400;\">El equipo de protecci\u00f3n personal requerir\u00e1 ser cambiado cuando\u00a0 termine su vida \u00fatil, o cuando ya no ofrece garant\u00edas por el desgaste o saturaci\u00f3n\u00a0 por las maniobras realizadas. El tiempo de vida \u00fatil est\u00e1 determinado por\u00a0 par\u00e1metros como (La operaci\u00f3n, el nivel de riesgo, el tiempo de exposici\u00f3n y la\u00a0<\/span><span style=\"font-weight: 400;\">forma de uso y\/o abuso del EPP.)\u00a0<\/span><\/p>\n<p><strong>C) Almacenamiento<\/strong><\/p>\n<p><span style=\"font-weight: 400;\">Se recomienda que durante su almacenamiento no se expongan\u00a0 est\u00e9n expuestos a la luz solar, mantenerlos empaquetados y libres de exposici\u00f3n a\u00a0 riesgos Qu\u00edmicos, F\u00edsicos (humedad, polvo, cambios bruscos de temperatura y\u00a0 altas o bajas temperaturas) y Biol\u00f3gicos.\u00a0\u00a0<\/span><\/p>\n<p><strong>D) Precauciones<\/strong><\/p>\n<p><span style=\"font-weight: 400;\">No es recomendable su uso para maniobras con materiales\u00a0 saturados de l\u00edquidos como agua, aceite o grasa excesiva y en operaciones con\u00a0 riesgos Qu\u00edmicos y El\u00e9ctricos. No se deber\u00e1 usar est\u00e9 equipo si est\u00e1 mojado,\u00a0 h\u00famedo, roto o descosido, ya que se atentar\u00eda contra la seguridad personal del\u00a0 usuario. No usarse en operaciones no recomendadas en el an\u00e1lisis de riesgo, se\u00a0 deber\u00e1 consultar al departamento de seguridad de LA EMPRESA para diagnosticar,\u00a0 validar sus aplicaciones y usos en forma adecuada.\u00a0\u00a0<\/span><\/p>\n<p><strong>E) Restricciones<\/strong><\/p>\n<p><span style=\"font-weight: 400;\">Prohibido estrictamente su uso en tareas con riesgos Qu\u00edmicos\u00a0 (\u00e1lcalis, \u00e1cidos, etc.), y con humedad.<\/span><\/p>\n","protected":false},"excerpt":{"rendered":"<p>Referencia: 344412-1-AMARILLO<br \/>\nMarca: Nacional<\/p>\n<p><span style=\"font-weight: 400;\">Guante en vaqueta, buen rango de comodidad, proporciona seguridad contra riesgos muy\u00a0 ligeros de abrasi\u00f3n se recomiendan para proteger el guante para uso diel\u00e9ctrico.<\/span><\/p>\n<p><strong>Tiempo de entrega de 8 d\u00edas si no se cuenta con stock<\/strong><\/p>\n<p><strong>Consulte disponibilidad con nuestros asesores especializados<\/strong><\/p>\n<p><strong>1 A\u00f1o de Garant\u00eda con KPN<\/strong><\/p>\n<p><a href=\"https:\/\/api.whatsapp.com\/send?phone=573147862881\" target=\"_blank\" rel=\"noopener\"><button class=\"boton\">Contactar un asesor<\/button><\/a><\/p>\n<p><a href=\"https:\/\/www.kpnsafety.com\/colombia\/contactanos\/\" target=\"_blank\" rel=\"noopener\"><button class=\"boton\">Solicitar presupuesto<\/button><\/a><\/p>\n<p>&nbsp;<\/p>\n","protected":false},"featured_media":9520,"comment_status":"closed","ping_status":"closed","template":"","meta":[],"product_brand":[],"product_cat":[195,167,115,130,129,570],"product_tag":[],"class_list":{"0":"post-8807","1":"product","2":"type-product","3":"status-publish","4":"has-post-thumbnail","6":"product_cat-guantes","7":"product_cat-guantes-dielectricos","8":"product_cat-proteccion-manual","9":"product_cat-seguridad-electrica","10":"product_cat-seguridad-industrial","11":"product_cat-stock-disponible-electrico","12":"vtmin_rule_category-minimum-purchase-category","14":"first","15":"instock","16":"taxable","17":"shipping-taxable","18":"purchasable","19":"product-type-simple"},"_links":{"self":[{"href":"https:\/\/www.kpnsafety.com\/colombia\/wp-json\/wp\/v2\/product\/8807","targetHints":{"allow":["GET"]}}],"collection":[{"href":"https:\/\/www.kpnsafety.com\/colombia\/wp-json\/wp\/v2\/product"}],"about":[{"href":"https:\/\/www.kpnsafety.com\/colombia\/wp-json\/wp\/v2\/types\/product"}],"replies":[{"embeddable":true,"href":"https:\/\/www.kpnsafety.com\/colombia\/wp-json\/wp\/v2\/comments?post=8807"}],"wp:featuredmedia":[{"embeddable":true,"href":"https:\/\/www.kpnsafety.com\/colombia\/wp-json\/wp\/v2\/media\/9520"}],"wp:attachment":[{"href":"https:\/\/www.kpnsafety.com\/colombia\/wp-json\/wp\/v2\/media?parent=8807"}],"wp:term":[{"taxonomy":"product_brand","embeddable":true,"href":"https:\/\/www.kpnsafety.com\/colombia\/wp-json\/wp\/v2\/product_brand?post=8807"},{"taxonomy":"product_cat","embeddable":true,"href":"https:\/\/www.kpnsafety.com\/colombia\/wp-json\/wp\/v2\/product_cat?post=8807"},{"taxonomy":"product_tag","embeddable":true,"href":"https:\/\/www.kpnsafety.com\/colombia\/wp-json\/wp\/v2\/product_tag?post=8807"}],"curies":[{"name":"wp","href":"https:\/\/api.w.org\/{rel}","templated":true}]}}