{"id":8860,"date":"2020-09-11T10:21:50","date_gmt":"2020-09-11T15:21:50","guid":{"rendered":"https:\/\/www.kpnsafety.com\/colombia\/?post_type=product&#038;p=8860"},"modified":"2026-02-18T17:48:31","modified_gmt":"2026-02-18T22:48:31","slug":"guantes-anticorte-nivel-3-gris","status":"publish","type":"product","link":"https:\/\/www.kpnsafety.com\/colombia\/product\/guantes-anticorte-nivel-3-gris\/","title":{"rendered":"&#8220;ULTIMAS UNIDADES&#8221; Guantes anticorte nivel 3 Gris"},"content":{"rendered":"<p><strong>INFORMACI\u00d3N T\u00c9CNICA<\/strong><br \/>\n<strong>Composici\u00f3n:<\/strong><\/p>\n<p>Anticorte HPPE. Nivel 3 recubierto en Poliuretano<\/p>\n<p>Polietileno de alto rendimiento: 80%<br \/>\nPoliuretano: 20%<\/p>\n<p><strong>Caracter\u00edsticas:<\/strong><\/p>\n<p>Protecci\u00f3n anticorte nivel 3 con recubrimiento de poliuretano que permite excelente destreza y maniobrabilidad.<br \/>\nSu dise\u00f1o y material permite un uso m\u00e1s largo y c\u00f3modo, sin puntos d\u00e9biles donde pueda rasgarse f\u00e1cilmente por el movimiento natural de la mano.<br \/>\nLa construcci\u00f3n de su tejido permite un excelente fluido del aire en la mano, de esta manera el usuario no sentir\u00e1 molestias causadas por el calor y sudor.<br \/>\nAplicaciones:<\/p>\n<p>Ensamblaje.<br \/>\nManipulaci\u00f3n de materiales y piezas filosas, cer\u00e1micas y vidrio.<br \/>\nEmpleo de herramientas y\/o instrumentos filosos.<br \/>\nProcesos Industriales.<\/p>\n<p><strong>NORMAS APLICADAS<\/strong><br \/>\nEl guante est\u00e1 dise\u00f1ado bajo los est\u00e1ndares de la norma EN 388&#8243;<\/p>\n","protected":false},"excerpt":{"rendered":"<p>Referencia: 33H3101<br \/>\nMarca: Sosega<\/p>\n<h2>Conoce las caracter\u00edsticas de los guantes anticorte<\/h2>\n<p>El guante SOSEGA H3101 Anticorte HPPE Nivel 3 Recubierto Poliuretano ha sido dise\u00f1ado para proteger a los usuarios en los procesos que puedan representar riesgo de corte y al mismo tiempo brindar un excelente nivel de destreza, agarre y confort. Tanto en condiciones h\u00famedas como en seco, este guante ofrece un magn\u00edfico<br \/>\nagarre, maniobrabilidad y un excelente comportamiento frente al corte, resultando a la vez muy c\u00f3modo.&#8221;<\/p>\n<p>&nbsp;<\/p>\n<p>&nbsp;<\/p>\n<p><strong>Tiempo de entrega de 45 a 60 d\u00edas si no se cuenta con stock<\/strong><\/p>\n<p><strong>Consulte disponibilidad con nuestros asesores especializados<\/strong><\/p>\n<p>&nbsp;<\/p>\n<p><a href=\"https:\/\/api.whatsapp.com\/send?phone=573147862881\" target=\"_blank\" rel=\"noopener\"><button class=\"boton\">Contactar un asesor<\/button><\/a><\/p>\n<p><a href=\"https:\/\/www.kpnsafety.com\/colombia\/contactanos\/\" target=\"_blank\" rel=\"noopener\"><button class=\"boton\">Solicitar presupuesto<\/button><\/a><\/p>\n","protected":false},"featured_media":8879,"comment_status":"closed","ping_status":"closed","template":"","meta":[],"product_brand":[],"product_cat":[117,115,129],"product_tag":[232,237,233,207,153],"class_list":{"0":"post-8860","1":"product","2":"type-product","3":"status-publish","4":"has-post-thumbnail","6":"product_cat-guantes-anti-corte","7":"product_cat-proteccion-manual","8":"product_cat-seguridad-industrial","9":"product_tag-guantes","10":"product_tag-guantes-anticorte","11":"product_tag-proteccion-manual","12":"product_tag-seguridad-industrial","13":"product_tag-sosega","14":"vtmin_rule_category-minimum-purchase-category","16":"first","17":"instock","18":"taxable","19":"shipping-taxable","20":"purchasable","21":"product-type-variable"},"_links":{"self":[{"href":"https:\/\/www.kpnsafety.com\/colombia\/wp-json\/wp\/v2\/product\/8860","targetHints":{"allow":["GET"]}}],"collection":[{"href":"https:\/\/www.kpnsafety.com\/colombia\/wp-json\/wp\/v2\/product"}],"about":[{"href":"https:\/\/www.kpnsafety.com\/colombia\/wp-json\/wp\/v2\/types\/product"}],"replies":[{"embeddable":true,"href":"https:\/\/www.kpnsafety.com\/colombia\/wp-json\/wp\/v2\/comments?post=8860"}],"wp:featuredmedia":[{"embeddable":true,"href":"https:\/\/www.kpnsafety.com\/colombia\/wp-json\/wp\/v2\/media\/8879"}],"wp:attachment":[{"href":"https:\/\/www.kpnsafety.com\/colombia\/wp-json\/wp\/v2\/media?parent=8860"}],"wp:term":[{"taxonomy":"product_brand","embeddable":true,"href":"https:\/\/www.kpnsafety.com\/colombia\/wp-json\/wp\/v2\/product_brand?post=8860"},{"taxonomy":"product_cat","embeddable":true,"href":"https:\/\/www.kpnsafety.com\/colombia\/wp-json\/wp\/v2\/product_cat?post=8860"},{"taxonomy":"product_tag","embeddable":true,"href":"https:\/\/www.kpnsafety.com\/colombia\/wp-json\/wp\/v2\/product_tag?post=8860"}],"curies":[{"name":"wp","href":"https:\/\/api.w.org\/{rel}","templated":true}]}}