{"id":8876,"date":"2020-09-11T10:53:24","date_gmt":"2020-09-11T15:53:24","guid":{"rendered":"https:\/\/www.kpnsafety.com\/colombia\/?post_type=product&#038;p=8876"},"modified":"2025-01-15T09:00:36","modified_gmt":"2025-01-15T14:00:36","slug":"guante-nitrosafe-chemical-verde","status":"publish","type":"product","link":"https:\/\/www.kpnsafety.com\/colombia\/product\/guante-nitrosafe-chemical-verde\/","title":{"rendered":"Guante Nitrosafe Chemical verde"},"content":{"rendered":"<p><strong>CARACTER\u00cdSTICAS T\u00c9CNICAS<\/strong><br \/>\nCertificado CE<br \/>\nGuante resistente a sustancias qu\u00edmicas<br \/>\nSuperficie texturada para mejor agarre<br \/>\nFlocado interior para mayor comodidad<br \/>\nMateriales: Nitrilo, Algod\u00f3n<\/p>\n<p><strong>NORMATIVA<\/strong><br \/>\nAS\/NZS 2161 .2<br \/>\nAS\/NZS 2161 .3<br \/>\nAS\/NZS 2161 .10.1<br \/>\nEN ISO 374-5 Micro Organisms Pass<br \/>\nEN 388:2016 &#8211; 3.1.0.1.X<br \/>\nEN ISO 374-1:2016 Type B J.K.L<br \/>\nEN 420<\/p>\n<p><strong>USOS RECOMENDADOS<\/strong><br \/>\nGuante adecuado para los trabajadores de industrias qu\u00edmicas, refiner\u00edas y alimentarias, y en todos aquellos lugares donde sea necesaria una protecci\u00f3n de manos frente a la manipulaci\u00f3n de productos qu\u00edmicos.&#8221;<\/p>\n","protected":false},"excerpt":{"rendered":"<p>Referencia: A810<br \/>\nMarca Portwest<\/p>\n<p>Guante con resistencia qu\u00edmica y relieve para un agarre mejor. Afelpado interiormente para m\u00e1s comodidad. En determinados trabajos hay sustancias qu\u00edmicas que pueden ser muy da\u00f1inas y la utilizaci\u00f3n de una protecci\u00f3n correcta es obligatoria. Portwest suministra una colecci\u00f3n de guantes certificados para proteger contra toda una variedad de productos qu\u00edmicos.<\/p>\n<p>&nbsp;<\/p>\n<p>&nbsp;<\/p>\n<p><strong>Tiempo de entrega de 45 a 60 d\u00edas si no se cuenta con stock<\/strong><\/p>\n<p><strong>Consulte disponibilidad con nuestros asesores especializados<\/strong><\/p>\n<p>&nbsp;<\/p>\n<p><a href=\"https:\/\/api.whatsapp.com\/send?phone=573147862881\" target=\"_blank\" rel=\"noopener\"><button class=\"boton\">Contactar un asesor<\/button><\/a><\/p>\n<p><a href=\"https:\/\/www.kpnsafety.com\/colombia\/contactanos\/\" target=\"_blank\" rel=\"noopener\"><button class=\"boton\">Solicitar presupuesto<\/button><\/a><\/p>\n","protected":false},"featured_media":8881,"comment_status":"closed","ping_status":"closed","template":"","meta":[],"product_brand":[],"product_cat":[115,120,129],"product_tag":[],"class_list":{"0":"post-8876","1":"product","2":"type-product","3":"status-publish","4":"has-post-thumbnail","6":"product_cat-proteccion-manual","7":"product_cat-proteccion-quimica","8":"product_cat-seguridad-industrial","9":"vtmin_rule_category-minimum-purchase-category","11":"first","12":"instock","13":"taxable","14":"shipping-taxable","15":"purchasable","16":"product-type-variable"},"_links":{"self":[{"href":"https:\/\/www.kpnsafety.com\/colombia\/wp-json\/wp\/v2\/product\/8876","targetHints":{"allow":["GET"]}}],"collection":[{"href":"https:\/\/www.kpnsafety.com\/colombia\/wp-json\/wp\/v2\/product"}],"about":[{"href":"https:\/\/www.kpnsafety.com\/colombia\/wp-json\/wp\/v2\/types\/product"}],"replies":[{"embeddable":true,"href":"https:\/\/www.kpnsafety.com\/colombia\/wp-json\/wp\/v2\/comments?post=8876"}],"wp:featuredmedia":[{"embeddable":true,"href":"https:\/\/www.kpnsafety.com\/colombia\/wp-json\/wp\/v2\/media\/8881"}],"wp:attachment":[{"href":"https:\/\/www.kpnsafety.com\/colombia\/wp-json\/wp\/v2\/media?parent=8876"}],"wp:term":[{"taxonomy":"product_brand","embeddable":true,"href":"https:\/\/www.kpnsafety.com\/colombia\/wp-json\/wp\/v2\/product_brand?post=8876"},{"taxonomy":"product_cat","embeddable":true,"href":"https:\/\/www.kpnsafety.com\/colombia\/wp-json\/wp\/v2\/product_cat?post=8876"},{"taxonomy":"product_tag","embeddable":true,"href":"https:\/\/www.kpnsafety.com\/colombia\/wp-json\/wp\/v2\/product_tag?post=8876"}],"curies":[{"name":"wp","href":"https:\/\/api.w.org\/{rel}","templated":true}]}}