{"id":8884,"date":"2020-09-11T11:09:39","date_gmt":"2020-09-11T16:09:39","guid":{"rendered":"https:\/\/www.kpnsafety.com\/colombia\/?post_type=product&#038;p=8884"},"modified":"2026-03-05T12:02:10","modified_gmt":"2026-03-05T17:02:10","slug":"guantes-de-neopreno-y-mezcla-de-latex-natural-flocados-de-algodon","status":"publish","type":"product","link":"https:\/\/www.kpnsafety.com\/colombia\/product\/guantes-de-neopreno-y-mezcla-de-latex-natural-flocados-de-algodon\/","title":{"rendered":"&#8220;ULTIMAS UNIDADES&#8221; Guantes de Neopreno y mezcla de l\u00e1tex natural flocados de algod\u00f3n"},"content":{"rendered":"<p><strong>Funciones espec\u00edficas<\/strong><br \/>\nSensibilidad t\u00e1ctil, gracias a la finura del guante<br \/>\nComodidad y absorci\u00f3n de sudor, gracias al flocado de algod\u00f3n<br \/>\nBuena sujeci\u00f3n, gracias al grabado antideslizante-<br \/>\nNombre previo: Duo-Mix 405<\/p>\n<p><strong>Aplicaciones<\/strong><\/p>\n<ul>\n<li><strong>Industria automovil\u00edstica\/mec\u00e1nica:<\/strong><br \/>\nPintura por rociado<\/li>\n<li><strong>Otras industrias<\/strong><br \/>\nLimpieza, mantenimiento industrial<\/li>\n<li><strong>Industria aeron\u00e1utica<\/strong><br \/>\nTrabajo con materiales compuestos (resinas)&#8221;<\/li>\n<\/ul>\n","protected":false},"excerpt":{"rendered":"<p>Referencia: ALTO-405<br \/>\nMarca: MAPA<\/p>\n<p>Finura y tacto para una protecci\u00f3n qu\u00edmica ligera<br \/>\nProtecci\u00f3n estanca<\/p>\n<p>&nbsp;<\/p>\n<p><strong>Tiempo de entrega de 45 a 60 d\u00edas si no se cuenta con stock<\/strong><\/p>\n<p>&nbsp;<\/p>\n<p><a href=\"https:\/\/api.whatsapp.com\/send?phone=573147862881\" target=\"_blank\" rel=\"noopener\"><button class=\"boton\">Contactar un asesor<\/button><\/a><\/p>\n<p><a href=\"https:\/\/www.kpnsafety.com\/colombia\/contactanos\/\" target=\"_blank\" rel=\"noopener\"><button class=\"boton\">Solicitar presupuesto<\/button><\/a><\/p>\n","protected":false},"featured_media":8891,"comment_status":"closed","ping_status":"closed","template":"","meta":[],"product_brand":[],"product_cat":[115,120,129],"product_tag":[232,239,240,233,207],"class_list":{"0":"post-8884","1":"product","2":"type-product","3":"status-publish","4":"has-post-thumbnail","6":"product_cat-proteccion-manual","7":"product_cat-proteccion-quimica","8":"product_cat-seguridad-industrial","9":"product_tag-guantes","10":"product_tag-guantes-neopreno","11":"product_tag-mapa","12":"product_tag-proteccion-manual","13":"product_tag-seguridad-industrial","14":"vtmin_rule_category-minimum-purchase-category","16":"first","17":"instock","18":"taxable","19":"shipping-taxable","20":"purchasable","21":"product-type-variable"},"_links":{"self":[{"href":"https:\/\/www.kpnsafety.com\/colombia\/wp-json\/wp\/v2\/product\/8884","targetHints":{"allow":["GET"]}}],"collection":[{"href":"https:\/\/www.kpnsafety.com\/colombia\/wp-json\/wp\/v2\/product"}],"about":[{"href":"https:\/\/www.kpnsafety.com\/colombia\/wp-json\/wp\/v2\/types\/product"}],"replies":[{"embeddable":true,"href":"https:\/\/www.kpnsafety.com\/colombia\/wp-json\/wp\/v2\/comments?post=8884"}],"wp:featuredmedia":[{"embeddable":true,"href":"https:\/\/www.kpnsafety.com\/colombia\/wp-json\/wp\/v2\/media\/8891"}],"wp:attachment":[{"href":"https:\/\/www.kpnsafety.com\/colombia\/wp-json\/wp\/v2\/media?parent=8884"}],"wp:term":[{"taxonomy":"product_brand","embeddable":true,"href":"https:\/\/www.kpnsafety.com\/colombia\/wp-json\/wp\/v2\/product_brand?post=8884"},{"taxonomy":"product_cat","embeddable":true,"href":"https:\/\/www.kpnsafety.com\/colombia\/wp-json\/wp\/v2\/product_cat?post=8884"},{"taxonomy":"product_tag","embeddable":true,"href":"https:\/\/www.kpnsafety.com\/colombia\/wp-json\/wp\/v2\/product_tag?post=8884"}],"curies":[{"name":"wp","href":"https:\/\/api.w.org\/{rel}","templated":true}]}}