{"id":8898,"date":"2020-09-11T11:40:17","date_gmt":"2020-09-11T16:40:17","guid":{"rendered":"https:\/\/www.kpnsafety.com\/colombia\/?post_type=product&#038;p=8898"},"modified":"2025-01-15T08:58:34","modified_gmt":"2025-01-15T13:58:34","slug":"guante-de-impacto-exot-psuy-ironclad","status":"publish","type":"product","link":"https:\/\/www.kpnsafety.com\/colombia\/product\/guante-de-impacto-exot-psuy-ironclad\/","title":{"rendered":"Guante de impacto EXO Tactical Public"},"content":{"rendered":"<p>100% Nylon<br \/>\nHigh Visibility Color<br \/>\nReflective Accents for Safety and Visibility<br \/>\nEXO Embossed Palm<br \/>\nSuede Cuff Puller<br \/>\nTerry Cloth Sweat Wipe<\/p>\n<p><strong>Tirador de pu\u00f1o<\/strong><br \/>\nEl extractor de pu\u00f1os de gamuza permite al operador colocar el guante en la posici\u00f3n adecuada m\u00e1s r\u00e1pido.<\/p>\n<p><strong>Palma en relieve Exo<\/strong><br \/>\nLa palma en relieve Exo ofrece un dise\u00f1o \u00fanico al tiempo que proporciona un agarre adicional.<\/p>\n<p><strong>Logotipo reflectante<\/strong><br \/>\nEl logotipo reflectante permite ver al operador en condiciones de poca luz.<\/p>\n","protected":false},"excerpt":{"rendered":"<p>Referencia: EXOT-PSUY<br \/>\nMarca: Ironclad<\/p>\n<p>El guante liviano definitivo con detalles reflectantes para mayor seguridad y visibilidad. Palma en relieve EXO, color de alta visibilidad, extractor de pu\u00f1os de gamuza y pa\u00f1o de felpa para el sudor.<\/p>\n<p>&nbsp;<\/p>\n<p>&nbsp;<\/p>\n<p><strong>Tiempo de entrega de 45 a 60 d\u00edas si no se cuenta con stock<\/strong><\/p>\n<p><strong>Consulte disponibilidad con nuestros asesores especializados<\/strong><\/p>\n<p>&nbsp;<\/p>\n<p><a href=\"https:\/\/api.whatsapp.com\/send?phone=573147862881\" target=\"_blank\" rel=\"noopener\"><button class=\"boton\">Contactar un asesor<\/button><\/a><\/p>\n<p><a href=\"https:\/\/www.kpnsafety.com\/colombia\/contactanos\/\" target=\"_blank\" rel=\"noopener\"><button class=\"boton\">Solicitar presupuesto<\/button><\/a><\/p>\n","protected":false},"featured_media":8902,"comment_status":"closed","ping_status":"closed","template":"","meta":[],"product_brand":[],"product_cat":[116,115,129],"product_tag":[232,243,242,233,207],"class_list":{"0":"post-8898","1":"product","2":"type-product","3":"status-publish","4":"has-post-thumbnail","6":"product_cat-guantes-anti-impacto","7":"product_cat-proteccion-manual","8":"product_cat-seguridad-industrial","9":"product_tag-guantes","10":"product_tag-guantes-anti-impacto","11":"product_tag-ironclad","12":"product_tag-proteccion-manual","13":"product_tag-seguridad-industrial","14":"vtmin_rule_category-minimum-purchase-category","16":"first","17":"instock","18":"taxable","19":"shipping-taxable","20":"purchasable","21":"product-type-variable"},"_links":{"self":[{"href":"https:\/\/www.kpnsafety.com\/colombia\/wp-json\/wp\/v2\/product\/8898","targetHints":{"allow":["GET"]}}],"collection":[{"href":"https:\/\/www.kpnsafety.com\/colombia\/wp-json\/wp\/v2\/product"}],"about":[{"href":"https:\/\/www.kpnsafety.com\/colombia\/wp-json\/wp\/v2\/types\/product"}],"replies":[{"embeddable":true,"href":"https:\/\/www.kpnsafety.com\/colombia\/wp-json\/wp\/v2\/comments?post=8898"}],"wp:featuredmedia":[{"embeddable":true,"href":"https:\/\/www.kpnsafety.com\/colombia\/wp-json\/wp\/v2\/media\/8902"}],"wp:attachment":[{"href":"https:\/\/www.kpnsafety.com\/colombia\/wp-json\/wp\/v2\/media?parent=8898"}],"wp:term":[{"taxonomy":"product_brand","embeddable":true,"href":"https:\/\/www.kpnsafety.com\/colombia\/wp-json\/wp\/v2\/product_brand?post=8898"},{"taxonomy":"product_cat","embeddable":true,"href":"https:\/\/www.kpnsafety.com\/colombia\/wp-json\/wp\/v2\/product_cat?post=8898"},{"taxonomy":"product_tag","embeddable":true,"href":"https:\/\/www.kpnsafety.com\/colombia\/wp-json\/wp\/v2\/product_tag?post=8898"}],"curies":[{"name":"wp","href":"https:\/\/api.w.org\/{rel}","templated":true}]}}