{"id":8969,"date":"2020-09-11T13:14:15","date_gmt":"2020-09-11T18:14:15","guid":{"rendered":"https:\/\/www.kpnsafety.com\/colombia\/?post_type=product&#038;p=8969"},"modified":"2025-12-23T10:12:48","modified_gmt":"2025-12-23T15:12:48","slug":"guantes-dielectricos-clase-0","status":"publish","type":"product","link":"https:\/\/www.kpnsafety.com\/colombia\/product\/guantes-dielectricos-clase-0\/","title":{"rendered":"Guantes Diel\u00e9ctricos Clase 0"},"content":{"rendered":"<p><strong>USO<\/strong><br \/>\nProducci\u00f3n el\u00e9ctrica, transporte, transformaci\u00f3n y distribuci\u00f3n, ferrocarriles, telecomunicaciones, construcci\u00f3n, mantenimiento en industrias, paneles fotovoltaicos, bater\u00edas de coches h\u00edbridos, etc.<\/p>\n<p><strong>RECOMENDACIONES<\/strong><br \/>\nSe recomienda llevar los guantes aislantes de l\u00e1tex junto con un sobreguante de cuero adecuado, para proporcionar protecci\u00f3n mec\u00e1nica frente a la abrasi\u00f3n, el corte, el desgarro y la perforaci\u00f3n.<\/p>\n<p>El guante de l\u00e1tex natural est\u00e1 disponible en color beige.<\/p>\n<p><strong>REQUISITOS MEC\u00c1NICOS Y T\u00c9RMICOS<\/strong><br \/>\nResistencia media a la tracci\u00f3n: \u226516 MPa<br \/>\nAlargamiento medio a la rotura: \u2265600%<br \/>\nResistencia a la perforaci\u00f3n: \u226518N\/mm<br \/>\nSet de tensi\u00f3n: \u226415%<br \/>\nResistencia a las bajas temperaturas: Acondicionamiento de los guantes durante 1 hora -25 \u00b13\u00b0C.<br \/>\nPrueba de no propagaci\u00f3n de llamas: Aplicaci\u00f3n de una llama durante 10 segundos en el extremo de un dedo.&#8221;<\/p>\n","protected":false},"excerpt":{"rendered":"<p>Referencia: SG-50<br \/>\nMarca: Sofamel<\/p>\n<p>Guantes Diel\u00e9ctricos Clase 0<\/p>\n<h2>Conoce las caracter\u00edsticas de los guantes diel\u00e9ctricos de baja tensi\u00f3n<\/h2>\n<p>La base de l\u00e1tex natural ofrece unas excelentes propiedades diel\u00e9ctricas.<br \/>\nCuanto m\u00e1s grueso es el guante mayor es la resistencia el\u00e9ctrica.<br \/>\nEl dise\u00f1o ergon\u00f3mico aumenta el confort, proporciona m\u00e1s suavidad al mismo tiempo que permite que el guante se ponga y se quite muy f\u00e1cilmente.<\/p>\n<p><strong>Tensi\u00f3n de trabajo (V) m\u00e1x.:\u00a0 1000 V AC<\/strong><\/p>\n<p>&nbsp;<\/p>\n<p><strong>Tiempo de entrega de 45 a 60 d\u00edas si no se cuenta con stock.<\/strong><\/p>\n<p><strong>Consulte disponibilidad con nuestros asesores especializados<\/strong><\/p>\n<p><a href=\"https:\/\/api.whatsapp.com\/send?phone=573147862881\" target=\"_blank\" rel=\"noopener\"><button class=\"boton\">Contactar un asesor<\/button><\/a><\/p>\n<p><a href=\"https:\/\/www.kpnsafety.com\/colombia\/contactanos\/\" target=\"_blank\" rel=\"noopener\"><button class=\"boton\">Solicitar presupuesto<\/button><\/a><\/p>\n","protected":false},"featured_media":8741,"comment_status":"closed","ping_status":"closed","template":"","meta":[],"product_brand":[],"product_cat":[195,167,516,130],"product_tag":[253,250,251,252],"class_list":{"0":"post-8969","1":"product","2":"type-product","3":"status-publish","4":"has-post-thumbnail","6":"product_cat-guantes","7":"product_cat-guantes-dielectricos","8":"product_cat-liquidacion","9":"product_cat-seguridad-electrica","10":"product_tag-arco-electrico","11":"product_tag-guantes-dielectricos","12":"product_tag-seguridad-electrica","13":"product_tag-sofamel","14":"vtmin_rule_category-minimum-purchase-category","16":"first","17":"outofstock","18":"taxable","19":"shipping-taxable","20":"product-type-variable"},"_links":{"self":[{"href":"https:\/\/www.kpnsafety.com\/colombia\/wp-json\/wp\/v2\/product\/8969","targetHints":{"allow":["GET"]}}],"collection":[{"href":"https:\/\/www.kpnsafety.com\/colombia\/wp-json\/wp\/v2\/product"}],"about":[{"href":"https:\/\/www.kpnsafety.com\/colombia\/wp-json\/wp\/v2\/types\/product"}],"replies":[{"embeddable":true,"href":"https:\/\/www.kpnsafety.com\/colombia\/wp-json\/wp\/v2\/comments?post=8969"}],"wp:featuredmedia":[{"embeddable":true,"href":"https:\/\/www.kpnsafety.com\/colombia\/wp-json\/wp\/v2\/media\/8741"}],"wp:attachment":[{"href":"https:\/\/www.kpnsafety.com\/colombia\/wp-json\/wp\/v2\/media?parent=8969"}],"wp:term":[{"taxonomy":"product_brand","embeddable":true,"href":"https:\/\/www.kpnsafety.com\/colombia\/wp-json\/wp\/v2\/product_brand?post=8969"},{"taxonomy":"product_cat","embeddable":true,"href":"https:\/\/www.kpnsafety.com\/colombia\/wp-json\/wp\/v2\/product_cat?post=8969"},{"taxonomy":"product_tag","embeddable":true,"href":"https:\/\/www.kpnsafety.com\/colombia\/wp-json\/wp\/v2\/product_tag?post=8969"}],"curies":[{"name":"wp","href":"https:\/\/api.w.org\/{rel}","templated":true}]}}