{"id":8997,"date":"2020-09-11T14:39:45","date_gmt":"2020-09-11T19:39:45","guid":{"rendered":"https:\/\/www.kpnsafety.com\/colombia\/?post_type=product&#038;p=8997"},"modified":"2025-01-17T08:33:26","modified_gmt":"2025-01-17T13:33:26","slug":"guante-anti-vibracion-ironclad","status":"publish","type":"product","link":"https:\/\/www.kpnsafety.com\/colombia\/product\/guante-anti-vibracion-ironclad\/","title":{"rendered":"&#8220;ULTIMAS TALLAS&#8221;GUANTE ANTI  VIBRACION IRONCLAD"},"content":{"rendered":"<ul>\n<li>Patr\u00f3n de la banda de rodadura dise\u00f1ado para canalizar lubricantes de alta viscosidad<\/li>\n<li>Base de la palma dise\u00f1ada para protecci\u00f3n contra impactos<\/li>\n<li>Patr\u00f3n flexible dise\u00f1ado para m\u00e1xima destreza<\/li>\n<li>No pierde color, se lava limpio<\/li>\n<li>Puntas de los dedos dise\u00f1adas para un agarre m\u00e1ximo en condiciones saturadas<\/li>\n<\/ul>\n","protected":false},"excerpt":{"rendered":"<p>Referencia: VIB-OBM<br \/>\nMarca: Ironclad<\/p>\n<p>El guante Vibram a base de aceite es el mejor guante de la industria del petr\u00f3leo para aquellos que exigen m\u00e1s de sus manos trabajadoras. Los guantes Vibram OBM son excelentes para entornos petroleros e ideales para plataformas petroleras. Estos guantes permitir\u00e1n que los aceites, el lodo y los lubricantes pasen a trav\u00e9s de los canales de la palma sin dejar de ofrecer una excelente destreza y protecci\u00f3n contra impactos. El tejido reflectante de tecnolog\u00eda \u00f3ptica Ironclad Visual Engineering aumenta el reconocimiento visual en condiciones de poca luz y durante la noche. Ironclad construy\u00f3 este guante Vibram con protecci\u00f3n en el dorso de la mano, protecci\u00f3n de tela Teflon + para una mayor resistencia al aceite y al agua y un pu\u00f1o de neopreno para un ajuste perfecto.<\/p>\n<p>&nbsp;<\/p>\n<p><strong>Tiempo de entrega de 45 a 60 d\u00edas si no se cuenta con stock<\/strong><\/p>\n<p>&nbsp;<\/p>\n<p><a href=\"https:\/\/api.whatsapp.com\/send?phone=573147862881\" target=\"_blank\" rel=\"noopener\"><button class=\"boton\">Contactar un asesor<\/button><\/a><\/p>\n<p><a href=\"https:\/\/www.kpnsafety.com\/colombia\/contactanos\/\" target=\"_blank\" rel=\"noopener\"><button class=\"boton\">Solicitar presupuesto<\/button><\/a><\/p>\n","protected":false},"featured_media":14157,"comment_status":"closed","ping_status":"closed","template":"","meta":[],"product_brand":[],"product_cat":[116,115],"product_tag":[232,243,242,233],"class_list":{"0":"post-8997","1":"product","2":"type-product","3":"status-publish","4":"has-post-thumbnail","6":"product_cat-guantes-anti-impacto","7":"product_cat-proteccion-manual","8":"product_tag-guantes","9":"product_tag-guantes-anti-impacto","10":"product_tag-ironclad","11":"product_tag-proteccion-manual","12":"vtmin_rule_category-minimum-purchase-category","14":"first","15":"instock","16":"taxable","17":"shipping-taxable","18":"purchasable","19":"product-type-variable"},"_links":{"self":[{"href":"https:\/\/www.kpnsafety.com\/colombia\/wp-json\/wp\/v2\/product\/8997","targetHints":{"allow":["GET"]}}],"collection":[{"href":"https:\/\/www.kpnsafety.com\/colombia\/wp-json\/wp\/v2\/product"}],"about":[{"href":"https:\/\/www.kpnsafety.com\/colombia\/wp-json\/wp\/v2\/types\/product"}],"replies":[{"embeddable":true,"href":"https:\/\/www.kpnsafety.com\/colombia\/wp-json\/wp\/v2\/comments?post=8997"}],"wp:featuredmedia":[{"embeddable":true,"href":"https:\/\/www.kpnsafety.com\/colombia\/wp-json\/wp\/v2\/media\/14157"}],"wp:attachment":[{"href":"https:\/\/www.kpnsafety.com\/colombia\/wp-json\/wp\/v2\/media?parent=8997"}],"wp:term":[{"taxonomy":"product_brand","embeddable":true,"href":"https:\/\/www.kpnsafety.com\/colombia\/wp-json\/wp\/v2\/product_brand?post=8997"},{"taxonomy":"product_cat","embeddable":true,"href":"https:\/\/www.kpnsafety.com\/colombia\/wp-json\/wp\/v2\/product_cat?post=8997"},{"taxonomy":"product_tag","embeddable":true,"href":"https:\/\/www.kpnsafety.com\/colombia\/wp-json\/wp\/v2\/product_tag?post=8997"}],"curies":[{"name":"wp","href":"https:\/\/api.w.org\/{rel}","templated":true}]}}