{"id":9003,"date":"2020-09-11T14:44:58","date_gmt":"2020-09-11T19:44:58","guid":{"rendered":"https:\/\/www.kpnsafety.com\/colombia\/?post_type=product&#038;p=9003"},"modified":"2025-01-17T08:27:08","modified_gmt":"2025-01-17T13:27:08","slug":"guante-vibram-rigger","status":"publish","type":"product","link":"https:\/\/www.kpnsafety.com\/colombia\/product\/guante-vibram-rigger\/","title":{"rendered":"&#8220;ULTIMAS TALLAS&#8221; GUANTE VIBRAM RIGGER"},"content":{"rendered":"<p><strong>Caracter\u00edsticas<\/strong><\/p>\n<p>El canal de cuerda biselado Vibram\u00ae 3-D maximiza el agarre direccional al manipular cuerdas y cables<br \/>\nBase de la palma dise\u00f1ada para protecci\u00f3n contra impactos<br \/>\nPatr\u00f3n flexible dise\u00f1ado para m\u00e1xima destreza<br \/>\nNo pierde color, se lava limpio<br \/>\nPuntas de los dedos dise\u00f1adas para un m\u00e1ximo agarre y destreza<br \/>\nTecnolog\u00eda \u00f3ptica pendiente de patente IVE \u2122 que ampl\u00eda el campo del reconocimiento visual<br \/>\nProtecci\u00f3n contra impactos de m\u00e1xima cobertura probada en dedos, pulgar, nudillos y huesos metacarpianos<br \/>\nPu\u00f1o de Airprene: ajuste ce\u00f1ido, f\u00e1cil de quitar, transpirable<br \/>\nTejido reflectante: visibilidad nocturna<\/p>\n<p><strong>Mejores usos:<\/strong><\/p>\n<p>Ambientes industriales pesados<br \/>\nExtracci\u00f3n y refinaci\u00f3n de aceite<br \/>\nMiner\u00eda<br \/>\nDemolici\u00f3n<br \/>\nAparejo<\/p>\n","protected":false},"excerpt":{"rendered":"<p>Referencia: VIB-RIG<br \/>\nMarca: Ironclad<\/p>\n<p>Los guantes Ironclad VIB-RIG est\u00e1n dise\u00f1ados con un canal de cuerda biselado en 3D, que maximiza el agarre direccional al manipular cuerdas y cables.<\/p>\n<p>&nbsp;<\/p>\n<p><strong>Tiempo de entrega de 45 a 60 d\u00edas si no se cuenta con stock<\/strong><\/p>\n<p>&nbsp;<\/p>\n<p><a href=\"https:\/\/api.whatsapp.com\/send?phone=573147862881\" target=\"_blank\" rel=\"noopener\"><button class=\"boton\">Contactar un asesor<\/button><\/a><\/p>\n<p><a href=\"https:\/\/www.kpnsafety.com\/colombia\/contactanos\/\" target=\"_blank\" rel=\"noopener\"><button class=\"boton\">Solicitar presupuesto<\/button><\/a><\/p>\n","protected":false},"featured_media":9007,"comment_status":"closed","ping_status":"closed","template":"","meta":[],"product_brand":[],"product_cat":[116,115],"product_tag":[232,243,242,233,207],"class_list":{"0":"post-9003","1":"product","2":"type-product","3":"status-publish","4":"has-post-thumbnail","6":"product_cat-guantes-anti-impacto","7":"product_cat-proteccion-manual","8":"product_tag-guantes","9":"product_tag-guantes-anti-impacto","10":"product_tag-ironclad","11":"product_tag-proteccion-manual","12":"product_tag-seguridad-industrial","13":"vtmin_rule_category-minimum-purchase-category","15":"first","16":"instock","17":"taxable","18":"shipping-taxable","19":"purchasable","20":"product-type-variable"},"_links":{"self":[{"href":"https:\/\/www.kpnsafety.com\/colombia\/wp-json\/wp\/v2\/product\/9003","targetHints":{"allow":["GET"]}}],"collection":[{"href":"https:\/\/www.kpnsafety.com\/colombia\/wp-json\/wp\/v2\/product"}],"about":[{"href":"https:\/\/www.kpnsafety.com\/colombia\/wp-json\/wp\/v2\/types\/product"}],"replies":[{"embeddable":true,"href":"https:\/\/www.kpnsafety.com\/colombia\/wp-json\/wp\/v2\/comments?post=9003"}],"wp:featuredmedia":[{"embeddable":true,"href":"https:\/\/www.kpnsafety.com\/colombia\/wp-json\/wp\/v2\/media\/9007"}],"wp:attachment":[{"href":"https:\/\/www.kpnsafety.com\/colombia\/wp-json\/wp\/v2\/media?parent=9003"}],"wp:term":[{"taxonomy":"product_brand","embeddable":true,"href":"https:\/\/www.kpnsafety.com\/colombia\/wp-json\/wp\/v2\/product_brand?post=9003"},{"taxonomy":"product_cat","embeddable":true,"href":"https:\/\/www.kpnsafety.com\/colombia\/wp-json\/wp\/v2\/product_cat?post=9003"},{"taxonomy":"product_tag","embeddable":true,"href":"https:\/\/www.kpnsafety.com\/colombia\/wp-json\/wp\/v2\/product_tag?post=9003"}],"curies":[{"name":"wp","href":"https:\/\/api.w.org\/{rel}","templated":true}]}}