{"id":9021,"date":"2020-09-11T15:06:24","date_gmt":"2020-09-11T20:06:24","guid":{"rendered":"https:\/\/www.kpnsafety.com\/colombia\/?post_type=product&#038;p=9021"},"modified":"2025-01-15T08:33:46","modified_gmt":"2025-01-15T13:33:46","slug":"guantes-krytech-color-negro","status":"publish","type":"product","link":"https:\/\/www.kpnsafety.com\/colombia\/product\/guantes-krytech-color-negro\/","title":{"rendered":"Guantes Krytech color negro"},"content":{"rendered":"<p><strong>Funciones espec\u00edficas<\/strong><br \/>\n\u00d3ptima resistencia la corte: nivel 5<br \/>\nExcelente resistencia a la abrasi\u00f3n: mayor durabilidad<br \/>\nIndicador de color del textil azul, para identificar f\u00e1cilmente el nivel de protecci\u00f3n, en el puesto de trabajo<br \/>\nEl rendimiento del guante est\u00e1 garantizado despu\u00e9s de 5 ciclos de lavado en m\u00e1quina lavadora (ver condiciones de lavado y secado)<br \/>\nNombre previo: Krynit 582<\/p>\n<p><strong>Aplicaciones<\/strong><\/p>\n<ul>\n<li>Industria automovil\u00edstica\/mec\u00e1nica<br \/>\nTrabajos de metal<br \/>\nMecanismo de l\u00e1minas finas de metal<br \/>\nArrollamiento, marcado y montaje de metal<br \/>\nManipulaci\u00f3n de piezas met\u00e1licas<br \/>\nAcabado de piezas cortantes<\/li>\n<li><strong>Industria del vidrio<\/strong><br \/>\nManipulaci\u00f3n de l\u00e1minas de vidrio<\/li>\n<li><strong>Industria mec\u00e1nica<\/strong><br \/>\nCorte y marcado de metales<\/li>\n<\/ul>\n","protected":false},"excerpt":{"rendered":"<p>Referencia: KryTech 582<br \/>\nMarca: MAPA<\/p>\n<p>Recubrimiento especial de nitrilo Grip&amp;Proof para una mejor estanqueidad y agarre al contacto con aceites<br \/>\nProtecci\u00f3n contra cortes<\/p>\n<p>&nbsp;<\/p>\n<p><strong>Tiempo de entrega de 45 a 60 d\u00edas si no se cuenta con stock<\/strong><\/p>\n<p>&nbsp;<\/p>\n<p><a href=\"https:\/\/api.whatsapp.com\/send?phone=573147862881\" target=\"_blank\" rel=\"noopener\"><button class=\"boton\">Contactar un asesor<\/button><\/a><\/p>\n<p><a href=\"https:\/\/www.kpnsafety.com\/colombia\/contactanos\/\" target=\"_blank\" rel=\"noopener\"><button class=\"boton\">Solicitar presupuesto<\/button><\/a><\/p>\n","protected":false},"featured_media":9026,"comment_status":"closed","ping_status":"closed","template":"","meta":[],"product_brand":[],"product_cat":[117,115,129],"product_tag":[232,237,233,207],"class_list":{"0":"post-9021","1":"product","2":"type-product","3":"status-publish","4":"has-post-thumbnail","6":"product_cat-guantes-anti-corte","7":"product_cat-proteccion-manual","8":"product_cat-seguridad-industrial","9":"product_tag-guantes","10":"product_tag-guantes-anticorte","11":"product_tag-proteccion-manual","12":"product_tag-seguridad-industrial","13":"vtmin_rule_category-minimum-purchase-category","15":"first","16":"instock","17":"taxable","18":"shipping-taxable","19":"purchasable","20":"product-type-variable"},"_links":{"self":[{"href":"https:\/\/www.kpnsafety.com\/colombia\/wp-json\/wp\/v2\/product\/9021","targetHints":{"allow":["GET"]}}],"collection":[{"href":"https:\/\/www.kpnsafety.com\/colombia\/wp-json\/wp\/v2\/product"}],"about":[{"href":"https:\/\/www.kpnsafety.com\/colombia\/wp-json\/wp\/v2\/types\/product"}],"replies":[{"embeddable":true,"href":"https:\/\/www.kpnsafety.com\/colombia\/wp-json\/wp\/v2\/comments?post=9021"}],"wp:featuredmedia":[{"embeddable":true,"href":"https:\/\/www.kpnsafety.com\/colombia\/wp-json\/wp\/v2\/media\/9026"}],"wp:attachment":[{"href":"https:\/\/www.kpnsafety.com\/colombia\/wp-json\/wp\/v2\/media?parent=9021"}],"wp:term":[{"taxonomy":"product_brand","embeddable":true,"href":"https:\/\/www.kpnsafety.com\/colombia\/wp-json\/wp\/v2\/product_brand?post=9021"},{"taxonomy":"product_cat","embeddable":true,"href":"https:\/\/www.kpnsafety.com\/colombia\/wp-json\/wp\/v2\/product_cat?post=9021"},{"taxonomy":"product_tag","embeddable":true,"href":"https:\/\/www.kpnsafety.com\/colombia\/wp-json\/wp\/v2\/product_tag?post=9021"}],"curies":[{"name":"wp","href":"https:\/\/api.w.org\/{rel}","templated":true}]}}