{"id":9036,"date":"2020-09-11T15:46:01","date_gmt":"2020-09-11T20:46:01","guid":{"rendered":"https:\/\/www.kpnsafety.com\/colombia\/?post_type=product&#038;p=9036"},"modified":"2025-01-15T12:11:25","modified_gmt":"2025-01-15T17:11:25","slug":"equipo-puesta-tierra-de-alta-tension-12007","status":"publish","type":"product","link":"https:\/\/www.kpnsafety.com\/colombia\/product\/equipo-puesta-tierra-de-alta-tension-12007\/","title":{"rendered":"&#8220;ULTIMAS UNIDADES&#8221; EQUIPO PUESTA TIERRA DE ALTA TENSION 12007"},"content":{"rendered":"<p><strong>Secc. Cable (mm2):\u00a0<\/strong> 120<\/p>\n<p><strong>Longitud:<\/strong> 7 metros<\/p>\n<p><strong>Corriente asignada ICC M\u00e1x:<\/strong> 30 KA\/1s<\/p>\n<p><strong>Compuesto por:<\/strong><\/p>\n<p>3 pinzas PA40-B (bayoneta) de aleaci\u00f3n de aluminio y apriete por tornillo. Para conductores cil\u00edndricos de di\u00e1metro comprendido entre 36 y 130 mm.<br \/>\n3 cables de cobre con cubierta de PVC aislante. Secci\u00f3n y longitud seg\u00fan modelo.<br \/>\n3 tornos de puesta a tierra TT-50.<br \/>\n3 bolsas para el transporte y almacenamiento del equipo.<\/p>\n","protected":false},"excerpt":{"rendered":"<p>Referencia: PATL-PA40\/12007<br \/>\nMarca: Sofamel<\/p>\n<p>Equipo puesta a tierra de alta tensi\u00f3n y cortocircuito para l\u00edneas a\u00e9reas de alta tensi\u00f3n.<br \/>\nEl objetivo principal de su instalaci\u00f3n es la protecci\u00f3n del trabajador ante la puesta en funcionamiento accidental o un posible retorno de tensi\u00f3n durante los trabajos de reparaci\u00f3n.<\/p>\n<p>Conforme a la norma IEC 61230.<\/p>\n<p>&nbsp;<\/p>\n<p><strong>Tiempo de entrega de 45 a 60 d\u00edas si no se cuenta con stock<\/strong><\/p>\n<p><strong>Consulte disponibilidad con nuestros asesores especializados<\/strong><\/p>\n<p>&nbsp;<\/p>\n<p><a href=\"https:\/\/api.whatsapp.com\/send?phone=573147862881\" target=\"_blank\" rel=\"noopener\"><button class=\"boton\">Contactar un asesor<\/button><\/a><\/p>\n<p><a href=\"https:\/\/www.kpnsafety.com\/colombia\/contactanos\/\" target=\"_blank\" rel=\"noopener\"><button class=\"boton\">Solicitar presupuesto<\/button><\/a><\/p>\n","protected":false},"featured_media":9037,"comment_status":"closed","ping_status":"closed","template":"","meta":[],"product_brand":[],"product_cat":[517,199,130],"product_tag":[253,260,251,252],"class_list":{"0":"post-9036","1":"product","2":"type-product","3":"status-publish","4":"has-post-thumbnail","6":"product_cat-equipos-especializados","7":"product_cat-puestas-a-tierra","8":"product_cat-seguridad-electrica","9":"product_tag-arco-electrico","10":"product_tag-puesta-a-tierra","11":"product_tag-seguridad-electrica","12":"product_tag-sofamel","13":"vtmin_rule_category-minimum-purchase-category","15":"first","16":"instock","17":"taxable","18":"shipping-taxable","19":"purchasable","20":"product-type-simple"},"_links":{"self":[{"href":"https:\/\/www.kpnsafety.com\/colombia\/wp-json\/wp\/v2\/product\/9036","targetHints":{"allow":["GET"]}}],"collection":[{"href":"https:\/\/www.kpnsafety.com\/colombia\/wp-json\/wp\/v2\/product"}],"about":[{"href":"https:\/\/www.kpnsafety.com\/colombia\/wp-json\/wp\/v2\/types\/product"}],"replies":[{"embeddable":true,"href":"https:\/\/www.kpnsafety.com\/colombia\/wp-json\/wp\/v2\/comments?post=9036"}],"wp:featuredmedia":[{"embeddable":true,"href":"https:\/\/www.kpnsafety.com\/colombia\/wp-json\/wp\/v2\/media\/9037"}],"wp:attachment":[{"href":"https:\/\/www.kpnsafety.com\/colombia\/wp-json\/wp\/v2\/media?parent=9036"}],"wp:term":[{"taxonomy":"product_brand","embeddable":true,"href":"https:\/\/www.kpnsafety.com\/colombia\/wp-json\/wp\/v2\/product_brand?post=9036"},{"taxonomy":"product_cat","embeddable":true,"href":"https:\/\/www.kpnsafety.com\/colombia\/wp-json\/wp\/v2\/product_cat?post=9036"},{"taxonomy":"product_tag","embeddable":true,"href":"https:\/\/www.kpnsafety.com\/colombia\/wp-json\/wp\/v2\/product_tag?post=9036"}],"curies":[{"name":"wp","href":"https:\/\/api.w.org\/{rel}","templated":true}]}}