{"id":9249,"date":"2020-09-21T15:15:01","date_gmt":"2020-09-21T20:15:01","guid":{"rendered":"https:\/\/www.kpnsafety.com\/colombia\/?post_type=product&#038;p=9249"},"modified":"2025-01-15T08:30:37","modified_gmt":"2025-01-15T13:30:37","slug":"guantes-de-proteccion-color-negro","status":"publish","type":"product","link":"https:\/\/www.kpnsafety.com\/colombia\/product\/guantes-de-proteccion-color-negro\/","title":{"rendered":"GUANTES DE PROTECCION TALLA\/M"},"content":{"rendered":"<p><strong>Composici\u00f3n:<\/strong><\/p>\n<p>Algod\u00f3n recubierto L\u00e1tex Rugoso Fuerte<\/p>\n<p>Nailon: 85%<br \/>\nPoli\u00e9ster: 15%<\/p>\n<p><strong>NORMAS APLICADAS<\/strong><br \/>\nEl guante est\u00e1 dise\u00f1ado bajo los est\u00e1ndares de la norma EN 388<\/p>\n","protected":false},"excerpt":{"rendered":"<p>Referencia: 33Y2100N<br \/>\nMarca: Sosega<\/p>\n<p>El guante SOSEGA Politech 33Y2100 nailon ha sido dise\u00f1ado para su uso en una extensa gama de aplicaciones de manipulaci\u00f3n y transporte. Este guante ofrece una magn\u00ed\ufb01ca maniobrabilidad y un excelente comportamiento frente al desgaste, resultando a la vez muy c\u00f3modo. Le ofrecer\u00e1 una productividad y una seguridad \u00f3ptimas.<\/p>\n<p>Disponible en talla M<\/p>\n<p><strong>Tiempo de entrega de 8 d\u00edas si no se cuenta con stock<\/strong><\/p>\n<p>&nbsp;<\/p>\n<p><a href=\"https:\/\/api.whatsapp.com\/send?phone=573147862881\" target=\"_blank\" rel=\"noopener\"><button class=\"boton\">Contactar un asesor<\/button><\/a><\/p>\n<p><a href=\"https:\/\/www.kpnsafety.com\/colombia\/contactanos\/\" target=\"_blank\" rel=\"noopener\"><button class=\"boton\">Solicitar presupuesto<\/button><\/a><\/p>\n","protected":false},"featured_media":9250,"comment_status":"closed","ping_status":"closed","template":"","meta":[],"product_brand":[],"product_cat":[151,115,129],"product_tag":[],"class_list":{"0":"post-9249","1":"product","2":"type-product","3":"status-publish","4":"has-post-thumbnail","6":"product_cat-guantes-industriales","7":"product_cat-proteccion-manual","8":"product_cat-seguridad-industrial","9":"vtmin_rule_category-minimum-purchase-category","11":"first","12":"instock","13":"taxable","14":"shipping-taxable","15":"purchasable","16":"product-type-simple"},"_links":{"self":[{"href":"https:\/\/www.kpnsafety.com\/colombia\/wp-json\/wp\/v2\/product\/9249","targetHints":{"allow":["GET"]}}],"collection":[{"href":"https:\/\/www.kpnsafety.com\/colombia\/wp-json\/wp\/v2\/product"}],"about":[{"href":"https:\/\/www.kpnsafety.com\/colombia\/wp-json\/wp\/v2\/types\/product"}],"replies":[{"embeddable":true,"href":"https:\/\/www.kpnsafety.com\/colombia\/wp-json\/wp\/v2\/comments?post=9249"}],"wp:featuredmedia":[{"embeddable":true,"href":"https:\/\/www.kpnsafety.com\/colombia\/wp-json\/wp\/v2\/media\/9250"}],"wp:attachment":[{"href":"https:\/\/www.kpnsafety.com\/colombia\/wp-json\/wp\/v2\/media?parent=9249"}],"wp:term":[{"taxonomy":"product_brand","embeddable":true,"href":"https:\/\/www.kpnsafety.com\/colombia\/wp-json\/wp\/v2\/product_brand?post=9249"},{"taxonomy":"product_cat","embeddable":true,"href":"https:\/\/www.kpnsafety.com\/colombia\/wp-json\/wp\/v2\/product_cat?post=9249"},{"taxonomy":"product_tag","embeddable":true,"href":"https:\/\/www.kpnsafety.com\/colombia\/wp-json\/wp\/v2\/product_tag?post=9249"}],"curies":[{"name":"wp","href":"https:\/\/api.w.org\/{rel}","templated":true}]}}