{"id":9488,"date":"2020-11-23T11:31:25","date_gmt":"2020-11-23T16:31:25","guid":{"rendered":"https:\/\/www.kpnsafety.com\/colombia\/?post_type=product&#038;p=9488"},"modified":"2025-12-23T11:02:58","modified_gmt":"2025-12-23T16:02:58","slug":"guante-vaqueta-corto-reforzado-en-palma-amarillo","status":"publish","type":"product","link":"https:\/\/www.kpnsafety.com\/colombia\/product\/guante-vaqueta-corto-reforzado-en-palma-amarillo\/","title":{"rendered":"&#8220;ULTIMAS UNIDADES&#8221; GUANTE VAQUETA CORTO TALLA UNICA"},"content":{"rendered":"<p>Material: cuero (Vaqueta).<br \/>\nRefuerzo interno para mayor protecci\u00f3n.<br \/>\nC\u00f3modos, flexibles.<br \/>\nProtecci\u00f3n: Abrasi\u00f3n, corte.<br \/>\nManga corta.<\/p>\n","protected":false},"excerpt":{"rendered":"<p>Referencia:<br \/>\nMarca: KPN-1<\/p>\n<p>Guante corto reforzado fabricado en vaqueta de res con pu\u00f1o el\u00e1stico Recomendado para usos en el sector metalmec\u00e1nico, para manipulaci\u00f3n de metales, flejes, varillas e incluso para labores de soldadura de punto \u00f3 el\u00e9ctrica, adem\u00e1s, altamente resistente para labores varias, como cargue y descargue de mercanc\u00eda etc.<\/p>\n<p>Color: Amarillo<br \/>\nTALLA: UNICA<\/p>\n<p>&nbsp;<\/p>\n<p><strong>Tiempo de entrega de 8 d\u00edas si no se cuenta con stock<\/strong><\/p>\n<p>&nbsp;<\/p>\n<p><a href=\"https:\/\/api.whatsapp.com\/send?phone=573147862881\" target=\"_blank\" rel=\"noopener\"><button class=\"boton\">Contactar un asesor<\/button><\/a><\/p>\n<p><a href=\"https:\/\/www.kpnsafety.com\/colombia\/contactanos\/\" target=\"_blank\" rel=\"noopener\"><button class=\"boton\">Solicitar presupuesto<\/button><\/a><\/p>\n","protected":false},"featured_media":9489,"comment_status":"closed","ping_status":"closed","template":"","meta":[],"product_brand":[],"product_cat":[117,118,151,115,129],"product_tag":[],"class_list":{"0":"post-9488","1":"product","2":"type-product","3":"status-publish","4":"has-post-thumbnail","6":"product_cat-guantes-anti-corte","7":"product_cat-guantes-de-soldadura","8":"product_cat-guantes-industriales","9":"product_cat-proteccion-manual","10":"product_cat-seguridad-industrial","12":"first","13":"instock","14":"taxable","15":"shipping-taxable","16":"purchasable","17":"product-type-simple"},"_links":{"self":[{"href":"https:\/\/www.kpnsafety.com\/colombia\/wp-json\/wp\/v2\/product\/9488","targetHints":{"allow":["GET"]}}],"collection":[{"href":"https:\/\/www.kpnsafety.com\/colombia\/wp-json\/wp\/v2\/product"}],"about":[{"href":"https:\/\/www.kpnsafety.com\/colombia\/wp-json\/wp\/v2\/types\/product"}],"replies":[{"embeddable":true,"href":"https:\/\/www.kpnsafety.com\/colombia\/wp-json\/wp\/v2\/comments?post=9488"}],"wp:featuredmedia":[{"embeddable":true,"href":"https:\/\/www.kpnsafety.com\/colombia\/wp-json\/wp\/v2\/media\/9489"}],"wp:attachment":[{"href":"https:\/\/www.kpnsafety.com\/colombia\/wp-json\/wp\/v2\/media?parent=9488"}],"wp:term":[{"taxonomy":"product_brand","embeddable":true,"href":"https:\/\/www.kpnsafety.com\/colombia\/wp-json\/wp\/v2\/product_brand?post=9488"},{"taxonomy":"product_cat","embeddable":true,"href":"https:\/\/www.kpnsafety.com\/colombia\/wp-json\/wp\/v2\/product_cat?post=9488"},{"taxonomy":"product_tag","embeddable":true,"href":"https:\/\/www.kpnsafety.com\/colombia\/wp-json\/wp\/v2\/product_tag?post=9488"}],"curies":[{"name":"wp","href":"https:\/\/api.w.org\/{rel}","templated":true}]}}