{"id":9807,"date":"2021-03-15T10:21:39","date_gmt":"2021-03-15T15:21:39","guid":{"rendered":"https:\/\/www.kpnsafety.com\/colombia\/?post_type=product&#038;p=9807"},"modified":"2025-01-15T08:25:53","modified_gmt":"2025-01-15T13:25:53","slug":"overol-ignifugo-bordado-2","status":"publish","type":"product","link":"https:\/\/www.kpnsafety.com\/colombia\/product\/overol-ignifugo-bordado-2\/","title":{"rendered":"&#8220;\u00daLTIMAS TALLAS&#8221; &#8211; Overol Ign\u00edfugo 11.2cal\/cm2"},"content":{"rendered":"<div class=\"wpb-content-wrapper\"><p>[vc_row][vc_column][vc_column_text]<strong>Caracter\u00edsticas<\/strong><br \/>\nCon resorte en la cintura y bandas reflectivas en brazos, piernas y espalda.[\/vc_column_text][\/vc_column][\/vc_row]<\/p>\n<p>CERTIFICACIONES<br \/>\nNFPA 2112<br \/>\nNFPA 70E\/ASTM F1506 &#8211; 02a (HRC 2)<br \/>\nASTM F1959<br \/>\nCAN\/CGSB &#8211; 155.20 &#8211; 2000<\/p>\n<\/div>","protected":false},"excerpt":{"rendered":"<p>Marca: Nacional<\/p>\n<p><strong>OVEROL IGN\u00cdFUGO FR\u00a0<\/strong> azul oscuro de 11.2 cal\/cm2 perteneciente a la categor\u00eda de <a href=\"https:\/\/www.kpnsafety.com\/colombia\/product-category\/seguridad-industrial\/proteccion-corporal\/prendas-ignifugas\/\" target=\"_blank\" rel=\"noopener noreferrer\">trajes ign\u00edfugos<\/a>, de tela retardante y resistente al fuego que te da segundos vitales y te protege de quemaduras directas a la piel. Apto para protecci\u00f3n de industrias, protecci\u00f3n personal contra incendios repentinos, exposici\u00f3n a electricidad moment\u00e1nea. Arco el\u00e9ctrico y peligros t\u00e9rmicos relacionados.<\/p>\n<h2>**\u00a1PRECIO ESPECIAL POR \u00daLTIMAS TALLAS!<\/h2>\n<p><strong>Disponibles solo en talla XS y S para entrega inmediata.<\/strong><\/p>\n<p><strong>Consulte disponibilidad con nuestros asesores especializados<\/strong><\/p>\n<p><a href=\"https:\/\/api.whatsapp.com\/send?phone=573147862881\" target=\"_blank\" rel=\"noopener\"><button class=\"boton\">Contactar un asesor<\/button><\/a><\/p>\n<p><a href=\"https:\/\/www.kpnsafety.com\/colombia\/contactanos\/\" target=\"_blank\" rel=\"noopener\"><button class=\"boton\">Solicitar presupuesto<\/button><\/a><\/p>\n","protected":false},"featured_media":10165,"comment_status":"closed","ping_status":"closed","template":"","meta":[],"product_brand":[],"product_cat":[187,319,190,127,130,129],"product_tag":[],"class_list":{"0":"post-9807","1":"product","2":"type-product","3":"status-publish","4":"has-post-thumbnail","6":"product_cat-arco-electrico","7":"product_cat-equipos-proteccion-electrica","8":"product_cat-prendas-ignifugas","9":"product_cat-proteccion-corporal","10":"product_cat-seguridad-electrica","11":"product_cat-seguridad-industrial","13":"first","14":"outofstock","15":"taxable","16":"shipping-taxable","17":"product-type-variable"},"_links":{"self":[{"href":"https:\/\/www.kpnsafety.com\/colombia\/wp-json\/wp\/v2\/product\/9807","targetHints":{"allow":["GET"]}}],"collection":[{"href":"https:\/\/www.kpnsafety.com\/colombia\/wp-json\/wp\/v2\/product"}],"about":[{"href":"https:\/\/www.kpnsafety.com\/colombia\/wp-json\/wp\/v2\/types\/product"}],"replies":[{"embeddable":true,"href":"https:\/\/www.kpnsafety.com\/colombia\/wp-json\/wp\/v2\/comments?post=9807"}],"wp:featuredmedia":[{"embeddable":true,"href":"https:\/\/www.kpnsafety.com\/colombia\/wp-json\/wp\/v2\/media\/10165"}],"wp:attachment":[{"href":"https:\/\/www.kpnsafety.com\/colombia\/wp-json\/wp\/v2\/media?parent=9807"}],"wp:term":[{"taxonomy":"product_brand","embeddable":true,"href":"https:\/\/www.kpnsafety.com\/colombia\/wp-json\/wp\/v2\/product_brand?post=9807"},{"taxonomy":"product_cat","embeddable":true,"href":"https:\/\/www.kpnsafety.com\/colombia\/wp-json\/wp\/v2\/product_cat?post=9807"},{"taxonomy":"product_tag","embeddable":true,"href":"https:\/\/www.kpnsafety.com\/colombia\/wp-json\/wp\/v2\/product_tag?post=9807"}],"curies":[{"name":"wp","href":"https:\/\/api.w.org\/{rel}","templated":true}]}}