{"id":114,"date":"2021-12-16T15:19:48","date_gmt":"2021-12-16T20:19:48","guid":{"rendered":"https:\/\/kpnsafety.com\/uy\/?page_id=114"},"modified":"2026-01-28T12:53:58","modified_gmt":"2026-01-28T17:53:58","slug":"sobre-nosotros","status":"publish","type":"page","link":"https:\/\/www.kpnsafety.com\/ec\/sobre-nosotros\/","title":{"rendered":"Sobre nosotros"},"content":{"rendered":"<p>[vc_section full_width=\u00bbstretch_row\u00bb content_placement=\u00bbmiddle\u00bb el_class=\u00bbbannerInt\u00bb css=\u00bb.vc_custom_1641307100070{background-image: url(https:\/\/kpnsafety.com\/ec\/wp-content\/uploads\/2022\/01\/KPN-Safety_sobre-nos.jpg?id=284) !important;background-position: center !important;background-repeat: no-repeat !important;background-size: cover !important;}\u00bb][vc_row][vc_column][vc_column_text css_animation=\u00bbfadeInRight\u00bb el_id=\u00bbtextBanner\u00bb]<\/p>\n<h1>Sobre <strong>Nosotros<\/strong><\/h1>\n<p><a href=\"https:\/\/kpnsafety.com\/ec\/\">Home<\/a> &gt;&gt; Sobre nosotros[\/vc_column_text][\/vc_column][\/vc_row][\/vc_section][vc_section full_width=\u00bbstretch_row\u00bb el_class=\u00bbcontenidoSobre\u00bb][vc_row content_placement=\u00bbmiddle\u00bb el_class=\u00bbcolFlex\u00bb][vc_column width=\u00bb1\/2&#8243; el_class=\u00bbcolImg\u00bb][vc_single_image image=\u00bb1133&#8243; img_size=\u00bbfull\u00bb alignment=\u00bbcenter\u00bb css_animation=\u00bbfadeInLeft\u00bb el_class=\u00bbimagen\u00bb][\/vc_column][vc_column width=\u00bb1\/2&#8243; el_class=\u00bbcolText\u00bb][vc_column_text css_animation=\u00bbfadeInRight\u00bb el_class=\u00bbtexto\u00bb]Somos una compa\u00f1\u00eda especializada en soluciones de seguridad industrial para los diferentes sectores econ\u00f3micos brindando asesor\u00eda personalizada por la protecci\u00f3n de quienes afrontan d\u00eda a d\u00eda labores que ponen en riesgo su integridad f\u00edsica, que lo arriesgan todo por sus familias y la sociedad, y que forman parte de nuestro objetivo como organizaci\u00f3n.<\/p>\n<p>Nuestro modelo de negocio es din\u00e1mico, otorgando a nuestros clientes valores agregados en productos y servicios, mediante la asesor\u00eda profesional de nuestro equipo comercial y capacitaciones enmarcadas en el programa KPN Academic, impartiendo as\u00ed nuestra experiencia y conocimiento a entidades privadas y gubernamentales.<\/p>\n<p>Queremos ir un paso m\u00e1s all\u00e1 para contribuir al \u00e1mbito social y ecol\u00f3gico, con el fin de impactar de manera inmediata y directa la vida de ciudadanos y comunidades, alcanzando nuestro principal objetivo:<\/p>\n<p>Disminuir las tasas de accidentalidad y permitir que nuestros clientes y aliados sean parte de la globalizaci\u00f3n gracias al cumplimiento de altos est\u00e1ndares de seguridad y cuidado de la vida.[\/vc_column_text][\/vc_column][\/vc_row][\/vc_section][vc_section full_width=\u00bbstretch_row\u00bb el_class=\u00bbcontSobreNosIconos\u00bb][vc_row][vc_column el_class=\u00bbcolFlex\u00bb][vc_column_text css_animation=\u00bbfadeInDown\u00bb el_class=\u00bbencabezado\u00bb]<\/p>\n<h2><span class=\"x_1241570771colour\"><span class=\"x_1241570771font\"><span class=\"x_1241570771size\">Juntos protegiendo vidas<\/span><\/span><\/span><\/h2>\n<p>[\/vc_column_text][vc_column_text css_animation=\u00bbfadeInUp\u00bb el_class=\u00bbitemIcono\u00bb]<img decoding=\"async\" class=\"alignnone size-medium wp-image-116\" src=\"https:\/\/kpnsafety.com\/ec\/wp-content\/uploads\/2021\/12\/iconEquipoSolido.svg\" alt=\"\" \/><\/p>\n<p>Productos<br \/>\ncertificados[\/vc_column_text][vc_column_text css_animation=\u00bbfadeInDown\u00bb el_class=\u00bbitemIcono\u00bb]<img decoding=\"async\" class=\"alignnone size-medium wp-image-116\" src=\"https:\/\/kpnsafety.com\/ec\/wp-content\/uploads\/2021\/12\/iconServicioPersonalizado.svg\" alt=\"\" \/><\/p>\n<p>Servicios<br \/>\npersonalizados[\/vc_column_text][vc_column_text css_animation=\u00bbfadeInUp\u00bb el_class=\u00bbitemIcono\u00bb]<img decoding=\"async\" class=\"alignnone size-medium wp-image-116\" src=\"https:\/\/kpnsafety.com\/ec\/wp-content\/uploads\/2021\/12\/iconEquipoSolido.svg\" alt=\"\" \/><\/p>\n<p>Equipo de<br \/>\ntrabajo s\u00f3lido[\/vc_column_text][\/vc_column][\/vc_row][\/vc_section][vc_section full_width=\u00bbstretch_row\u00bb el_class=\u00bbmisionVision\u00bb][vc_row el_class=\u00bbcolFlex\u00bb][vc_column width=\u00bb1\/2&#8243; el_class=\u00bbcolImg\u00bb][vc_single_image image=\u00bb1134&#8243; img_size=\u00bbfull\u00bb alignment=\u00bbcenter\u00bb css_animation=\u00bbfadeInLeft\u00bb el_class=\u00bbimagen\u00bb][\/vc_column][vc_column width=\u00bb1\/2&#8243; el_class=\u00bbcolText\u00bb][vc_column_text css_animation=\u00bbfadeInRight\u00bb el_class=\u00bbtexto\u00bb]<\/p>\n<h2>MISI\u00d3N:<\/h2>\n<p>&nbsp;<\/p>\n<p>Especializarnos en soluciones de seguridad industrial para los diferentes sectores econ\u00f3micos brindando asesor\u00eda personalizada por la protecci\u00f3n de la vida de aquellos que afrontan d\u00eda a d\u00eda labores que ponen en riesgo su integridad f\u00edsica, mediante el desarrollo de un modelo de negocio din\u00e1mico, que otorgue a nuestros clientes valores agregados en productos y servicios, con la asesor\u00eda profesional de nuestro equipo comercial y destacando nuestras capacitaciones a trav\u00e9s del programa KPN Academic con las cuales impartimos nuestra experiencia y conocimiento a entidades privadas y gubernamentales, formando profesionales capaces de atender cualquier situaci\u00f3n de emergencia.[\/vc_column_text][\/vc_column][\/vc_row][vc_row el_class=\u00bbcolFlex visao\u00bb][vc_column width=\u00bb1\/2&#8243; el_class=\u00bbcolText\u00bb][vc_column_text css_animation=\u00bbfadeInLeft\u00bb el_class=\u00bbtexto\u00bb]<\/p>\n<h2><b>VISI\u00d3N:<\/b><\/h2>\n<p>&nbsp;<\/p>\n<p>En cinco a\u00f1os KPN SAFETY SOLUTIONS estar\u00e1 posicionada como una marca innovadora, con procesos claros, r\u00e1pidos y eficientes que ayudar\u00e1n a dar respuestas m\u00e1s efectivas a nuestros clientes, optimizando tiempos y aumentando la productividad. As\u00ed mismo tendr\u00e1 un equipo conformado por los mejores talentos profesionales y seguir\u00e1 enfocado en el desarrollo y mejora continua del bienestar de los colaboradores. Nuestros valores est\u00e1n reflejados en el crecimiento y consolidaci\u00f3n de KPN FOUNDATION donde fomentaremos la \u00e9tica, el apoyo a la comunidad y el medio ambiente contribuyendo a la construcci\u00f3n del bien social bajo el reconocimiento constante de las necesidades de nuestros diferentes sectores de inter\u00e9s. De igual forma nuestro programa KPN ACADEMIC seguir\u00e1 impartiendo conocimiento en seguridad y salud en el trabajo, a trav\u00e9s de la educaci\u00f3n con el prop\u00f3sito de salvar m\u00e1s vidas.[\/vc_column_text][\/vc_column][vc_column width=\u00bb1\/2&#8243; el_class=\u00bbcolImg\u00bb][vc_single_image image=\u00bb1135&#8243; img_size=\u00bbfull\u00bb alignment=\u00bbcenter\u00bb css_animation=\u00bbfadeInRight\u00bb el_class=\u00bbimagen\u00bb][\/vc_column][\/vc_row][\/vc_section]<\/p>\n","protected":false},"excerpt":{"rendered":"<p>[vc_section full_width=\u00bbstretch_row\u00bb content_placement=\u00bbmiddle\u00bb el_class=\u00bbbannerInt\u00bb css=\u00bb.vc_custom_1641307100070{background-image: url(https:\/\/kpnsafety.com\/ec\/wp-content\/uploads\/2022\/01\/KPN-Safety_sobre-nos.jpg?id=284) !important;background-position: center !important;background-repeat: no-repeat !important;background-size: cover !important;}\u00bb][vc_row][vc_column][vc_column_text css_animation=\u00bbfadeInRight\u00bb el_id=\u00bbtextBanner\u00bb] Sobre Nosotros Home &gt;&gt; Sobre<\/p>\n","protected":false},"author":2,"featured_media":0,"parent":0,"menu_order":0,"comment_status":"closed","ping_status":"closed","template":"","meta":{"footnotes":""},"class_list":["post-114","page","type-page","status-publish","hentry"],"_links":{"self":[{"href":"https:\/\/www.kpnsafety.com\/ec\/wp-json\/wp\/v2\/pages\/114","targetHints":{"allow":["GET"]}}],"collection":[{"href":"https:\/\/www.kpnsafety.com\/ec\/wp-json\/wp\/v2\/pages"}],"about":[{"href":"https:\/\/www.kpnsafety.com\/ec\/wp-json\/wp\/v2\/types\/page"}],"author":[{"embeddable":true,"href":"https:\/\/www.kpnsafety.com\/ec\/wp-json\/wp\/v2\/users\/2"}],"replies":[{"embeddable":true,"href":"https:\/\/www.kpnsafety.com\/ec\/wp-json\/wp\/v2\/comments?post=114"}],"version-history":[{"count":22,"href":"https:\/\/www.kpnsafety.com\/ec\/wp-json\/wp\/v2\/pages\/114\/revisions"}],"predecessor-version":[{"id":2009,"href":"https:\/\/www.kpnsafety.com\/ec\/wp-json\/wp\/v2\/pages\/114\/revisions\/2009"}],"wp:attachment":[{"href":"https:\/\/www.kpnsafety.com\/ec\/wp-json\/wp\/v2\/media?parent=114"}],"curies":[{"name":"wp","href":"https:\/\/api.w.org\/{rel}","templated":true}]}}