{"id":1011,"date":"2022-07-25T11:01:13","date_gmt":"2022-07-25T16:01:13","guid":{"rendered":"https:\/\/kpnsafety.com\/uy\/?post_type=product&#038;p=1011"},"modified":"2024-02-13T09:59:06","modified_gmt":"2024-02-13T14:59:06","slug":"motobomba-portatil-bh1","status":"publish","type":"product","link":"https:\/\/www.kpnsafety.com\/ec\/producto\/motobomba-portatil-bh1\/","title":{"rendered":"Motobomba port\u00e1til BH1"},"content":{"rendered":"<p>[vc_row][vc_column][vc_column_text]<strong>CARACTER\u00cdSTICAS<\/strong><\/p>\n<ul>\n<li>Bomba centr\u00edfuga de 1 etapa<\/li>\n<li>Compacta, eficiente y fiable.<\/li>\n<li>Fabricada en aluminio anticorrosivo y endurecido.<\/li>\n<li>Ejes inoxidables sobre el cig\u00fce\u00f1al del motor.<\/li>\n<li>Sellos mec\u00e1nicos de alta calidad y turbinas de aluminio.<\/li>\n<li>Bomba de 1 etapa compatible con espum\u00f3geno.<\/li>\n<\/ul>\n<p><strong>Transporte confortable<\/strong><\/p>\n<p>Gracias a su peso de solo 9,5kg en seco, puede ser f\u00e1cilmente transportada en una mochila de carga, o mediante su asa ergon\u00f3mica.<\/p>\n<p><strong>Hecha para durar<\/strong><\/p>\n<p>Construida en aleaci\u00f3n de aluminio, con componentes de alta calidad y disponibilidad de recambios. Su base de polietileno cuenta con elementos antivibratorios (silentblock) para una mayor protecci\u00f3n.<\/p>\n<p><strong>Motor Honda GXH50<\/strong><\/p>\n<p>Motor de combusti\u00f3n de 4 tiempos alimentado con gasolina, con certificaciones CARB y EPA. Incorpora un embrague para arranque f\u00e1cil, y que permite detener la descarga de agua sin parar el motor.<\/p>\n<p><strong>Dos configuraciones posibles:<\/strong><\/p>\n<p>Con bomba de cebado manual o Sin bomba de cebado manual<\/p>\n<p><strong>Rendimiento<\/strong><\/p>\n<p>Hasta 6,9 bar y 260 l\/min.<\/p>\n<p><strong>Normativas<\/strong><\/p>\n<p>UNE-EN 14466:2006[\/vc_column_text][\/vc_column][\/vc_row][vc_row disable_element=\u00bbyes\u00bb][vc_column width=\u00bb1\/2&#8243;][vc_single_image image=\u00bb702&#8243; img_size=\u00bbfull\u00bb alignment=\u00bbcenter\u00bb][\/vc_column][vc_column width=\u00bb1\/2&#8243;][\/vc_column][\/vc_row]<\/p>\n","protected":false},"excerpt":{"rendered":"<p>Nueva motobomba port\u00e1til BH1, equipada con una bomba centr\u00edfuga de 1 etapa y un motor Honda de 4 tiempos que ofrece un rendimiento m\u00e1ximo de 6,9 bar de presi\u00f3n y 260l\/min. Una combinaci\u00f3n poderosa y equilibrada perfecta para maniobras de ataque directo con tendido de mangueras, autoprotecci\u00f3n con aspersores y bombeo en t\u00e1ndem de motobombas a largas distancias.<\/p>\n<p><a class=\"accion\" href=\"https:\/\/kpnsafety.com\/ec\/contacto\/\" target=\"_blank\" rel=\"noopener\">Solicitar presupuesto<\/a><\/p>\n<p><a class=\"accion\" href=\"https:\/\/api.whatsapp.com\/send?phone=573147862881\" target=\"_blank\" rel=\"noopener\">Contactar un consultor<\/a><\/p>\n","protected":false},"featured_media":1012,"template":"","meta":[],"product_brand":[],"product_cat":[179],"product_tag":[188,189,190,191,192],"class_list":{"0":"post-1011","1":"product","2":"type-product","3":"status-publish","4":"has-post-thumbnail","6":"product_cat-motobombas-contra-incendios","7":"product_tag-incendios-forestales","8":"product_tag-lucha-contra-incendios","9":"product_tag-motobomba","10":"product_tag-motobomba-portatil","11":"product_tag-proteccion-contra-incendios","13":"first","14":"instock","15":"shipping-taxable","16":"product-type-simple"},"_links":{"self":[{"href":"https:\/\/www.kpnsafety.com\/ec\/wp-json\/wp\/v2\/product\/1011","targetHints":{"allow":["GET"]}}],"collection":[{"href":"https:\/\/www.kpnsafety.com\/ec\/wp-json\/wp\/v2\/product"}],"about":[{"href":"https:\/\/www.kpnsafety.com\/ec\/wp-json\/wp\/v2\/types\/product"}],"wp:featuredmedia":[{"embeddable":true,"href":"https:\/\/www.kpnsafety.com\/ec\/wp-json\/wp\/v2\/media\/1012"}],"wp:attachment":[{"href":"https:\/\/www.kpnsafety.com\/ec\/wp-json\/wp\/v2\/media?parent=1011"}],"wp:term":[{"taxonomy":"product_brand","embeddable":true,"href":"https:\/\/www.kpnsafety.com\/ec\/wp-json\/wp\/v2\/product_brand?post=1011"},{"taxonomy":"product_cat","embeddable":true,"href":"https:\/\/www.kpnsafety.com\/ec\/wp-json\/wp\/v2\/product_cat?post=1011"},{"taxonomy":"product_tag","embeddable":true,"href":"https:\/\/www.kpnsafety.com\/ec\/wp-json\/wp\/v2\/product_tag?post=1011"}],"curies":[{"name":"wp","href":"https:\/\/api.w.org\/{rel}","templated":true}]}}