{"id":1855,"date":"2024-02-13T09:36:44","date_gmt":"2024-02-13T14:36:44","guid":{"rendered":"https:\/\/www.kpnsafety.com\/ec\/?post_type=product&#038;p=1855"},"modified":"2026-03-31T16:48:32","modified_gmt":"2026-03-31T21:48:32","slug":"kit-de-extincion-con-bomba-de-pistones","status":"publish","type":"product","link":"https:\/\/www.kpnsafety.com\/ec\/producto\/kit-de-extincion-con-bomba-de-pistones\/","title":{"rendered":"KIT DE EXTINCI\u00d3N CON BOMBA DE PISTONES"},"content":{"rendered":"<ul>\n<li>Componentes de alta calidad.<\/li>\n<li>Con la mejor relaci\u00f3n calidad\/precio.<\/li>\n<li>Gran disponibilidad de recambios.<\/li>\n<li>2 a\u00f1os de garant\u00eda.<\/li>\n<\/ul>\n<p>&nbsp;<\/p>\n<div class=\"titles3 titles--black\">\n<h4 class=\"title\">Cuadro de Mando<\/h4>\n<div class=\"subtitle\"><\/div>\n<\/div>\n<ul>\n<li>El kit incorpora un cuadro de mando completo fabricado en aluminio pintado que agrupa todos los mandos y v\u00e1lvulas, incluyendo el sistema de dosificaci\u00f3n de espuma, un cuenta horas y un man\u00f3metro.<\/li>\n<\/ul>\n<p>&nbsp;<\/p>\n<div class=\"titles3 titles--black\">\n<h4 class=\"title\">Dep\u00f3sito de agua- Configuraci\u00f3n a medida<\/h4>\n<\/div>\n<ul>\n<li>Capacidades: 120 \u2013 1.000 litros.<\/li>\n<li>M\u00faltiples materiales a elegir:<\/li>\n<li>Acero inoxidable<\/li>\n<li>Polietileno.<\/li>\n<li>Lona flexible.<\/li>\n<\/ul>\n","protected":false},"excerpt":{"rendered":"<p><strong>Kits de extinci\u00f3n de intervenci\u00f3n r\u00e1pida\u00a0<\/strong>dise\u00f1ados para veh\u00edculos Pickup y remolques, 100% personalizables equipados con bombas de pistones de hasta 280 bares y con un caudal m\u00e1ximo de hasta 42 l\/min.<\/p>\n<p>&nbsp;<\/p>\n<p><a class=\"accion\" href=\"https:\/\/kpnsafety.com\/ec\/contacto\/\" target=\"_blank\" rel=\"noopener\">Solicitar presupuesto<\/a><\/p>\n<p><a class=\"accion\" href=\"https:\/\/api.whatsapp.com\/send?phone=573147862881\" target=\"_blank\" rel=\"noopener\">Contactar un consultor<\/a><\/p>\n","protected":false},"featured_media":2046,"template":"","meta":[],"product_brand":[],"product_cat":[196],"product_tag":[193,188,194,195],"class_list":{"0":"post-1855","1":"product","2":"type-product","3":"status-publish","4":"has-post-thumbnail","6":"product_cat-kits-de-extincion","7":"product_tag-emergencias","8":"product_tag-incendios-forestales","9":"product_tag-kit-de-extincion-con-bomba-de-pistones","10":"product_tag-rescate","12":"first","13":"instock","14":"shipping-taxable","15":"product-type-simple"},"_links":{"self":[{"href":"https:\/\/www.kpnsafety.com\/ec\/wp-json\/wp\/v2\/product\/1855","targetHints":{"allow":["GET"]}}],"collection":[{"href":"https:\/\/www.kpnsafety.com\/ec\/wp-json\/wp\/v2\/product"}],"about":[{"href":"https:\/\/www.kpnsafety.com\/ec\/wp-json\/wp\/v2\/types\/product"}],"wp:featuredmedia":[{"embeddable":true,"href":"https:\/\/www.kpnsafety.com\/ec\/wp-json\/wp\/v2\/media\/2046"}],"wp:attachment":[{"href":"https:\/\/www.kpnsafety.com\/ec\/wp-json\/wp\/v2\/media?parent=1855"}],"wp:term":[{"taxonomy":"product_brand","embeddable":true,"href":"https:\/\/www.kpnsafety.com\/ec\/wp-json\/wp\/v2\/product_brand?post=1855"},{"taxonomy":"product_cat","embeddable":true,"href":"https:\/\/www.kpnsafety.com\/ec\/wp-json\/wp\/v2\/product_cat?post=1855"},{"taxonomy":"product_tag","embeddable":true,"href":"https:\/\/www.kpnsafety.com\/ec\/wp-json\/wp\/v2\/product_tag?post=1855"}],"curies":[{"name":"wp","href":"https:\/\/api.w.org\/{rel}","templated":true}]}}