{"id":1856,"date":"2024-02-13T09:40:11","date_gmt":"2024-02-13T14:40:11","guid":{"rendered":"https:\/\/www.kpnsafety.com\/ec\/?post_type=product&#038;p=1856"},"modified":"2024-02-13T09:57:33","modified_gmt":"2024-02-13T14:57:33","slug":"kit-de-extincion-con-bomba-de-membranas","status":"publish","type":"product","link":"https:\/\/www.kpnsafety.com\/ec\/producto\/kit-de-extincion-con-bomba-de-membranas\/","title":{"rendered":"KIT DE EXTINCI\u00d3N CON BOMBA DE MEMBRANAS"},"content":{"rendered":"<ul>\n<li>Componentes de alta calidad.<\/li>\n<li>La mejor relaci\u00f3n calidad \/ precio.<\/li>\n<li>Gran disponibilidad de recambios.<\/li>\n<li>2 a\u00f1os de garant\u00eda.<\/li>\n<\/ul>\n<div class=\"titles3 titles--black\">\n<ul>\n<li class=\"title\">Dep\u00f3sito de Agua- Configuraci\u00f3n a medida<\/li>\n<li class=\"title\">Capacidades: 120 \u2013 1.000 litros.<\/li>\n<li class=\"title\">M\u00faltiples materiales a elegir:<\/li>\n<li class=\"title\">Acero inoxidable<\/li>\n<li class=\"title\">Polietileno.<\/li>\n<li class=\"title\">Lona flexible.<\/li>\n<\/ul>\n<\/div>\n<div class=\"titles3 titles--black\">\n<h4 class=\"title\">Accesorios incluidos<\/h4>\n<ul>\n<li class=\"subtitle\">Devanadera, Lanza de ataque y mangote de succi\u00f3n<\/li>\n<li class=\"subtitle\"><strong>La devanadera<\/strong>\u00a0viene montada con conexi\u00f3n a la bomba de agua.\u00a0Manguera de 70 metros de caucho hasta 80 bar.<\/li>\n<li class=\"subtitle\"><strong>Lanza de alta presi\u00f3n<\/strong> y de largo alcance (700 mm.). Dispone de \u00e1ngulo variable con boquilla \u00d8 4,5. Conexi\u00f3n de entrada 1\/2\u201dM.<\/li>\n<li class=\"subtitle\"><strong>Mangote de succi\u00f3n<\/strong>\u00a0aspiralado transl\u00facido con una longitud de 5 metros.<\/li>\n<\/ul>\n<\/div>\n","protected":false},"excerpt":{"rendered":"<p><strong>Kits de extinci\u00f3n de intervenci\u00f3n r\u00e1pida<\/strong>\u00a0dise\u00f1ados para veh\u00edculos Pickup y remolques, equipados con bombas de membranas de hasta 50 bares y con un caudal m\u00e1ximo de hasta 102 l\/min.<\/p>\n<p>&nbsp;<\/p>\n<p><a class=\"accion\" href=\"https:\/\/kpnsafety.com\/ec\/contacto\/\" target=\"_blank\" rel=\"noopener\">Solicitar presupuesto<\/a><\/p>\n<p><a class=\"accion\" href=\"https:\/\/api.whatsapp.com\/send?phone=573147862881\" target=\"_blank\" rel=\"noopener\">Contactar un consultor<\/a><\/p>\n","protected":false},"featured_media":1857,"template":"","meta":[],"product_brand":[],"product_cat":[196],"product_tag":[188,197,198,195],"class_list":{"0":"post-1856","1":"product","2":"type-product","3":"status-publish","4":"has-post-thumbnail","6":"product_cat-kits-de-extincion","7":"product_tag-incendios-forestales","8":"product_tag-intervencion-rapida","9":"product_tag-kit-de-extincion-con-bomba-de-membranas","10":"product_tag-rescate","12":"first","13":"instock","14":"shipping-taxable","15":"product-type-simple"},"_links":{"self":[{"href":"https:\/\/www.kpnsafety.com\/ec\/wp-json\/wp\/v2\/product\/1856","targetHints":{"allow":["GET"]}}],"collection":[{"href":"https:\/\/www.kpnsafety.com\/ec\/wp-json\/wp\/v2\/product"}],"about":[{"href":"https:\/\/www.kpnsafety.com\/ec\/wp-json\/wp\/v2\/types\/product"}],"wp:featuredmedia":[{"embeddable":true,"href":"https:\/\/www.kpnsafety.com\/ec\/wp-json\/wp\/v2\/media\/1857"}],"wp:attachment":[{"href":"https:\/\/www.kpnsafety.com\/ec\/wp-json\/wp\/v2\/media?parent=1856"}],"wp:term":[{"taxonomy":"product_brand","embeddable":true,"href":"https:\/\/www.kpnsafety.com\/ec\/wp-json\/wp\/v2\/product_brand?post=1856"},{"taxonomy":"product_cat","embeddable":true,"href":"https:\/\/www.kpnsafety.com\/ec\/wp-json\/wp\/v2\/product_cat?post=1856"},{"taxonomy":"product_tag","embeddable":true,"href":"https:\/\/www.kpnsafety.com\/ec\/wp-json\/wp\/v2\/product_tag?post=1856"}],"curies":[{"name":"wp","href":"https:\/\/api.w.org\/{rel}","templated":true}]}}