{"id":1860,"date":"2024-02-13T09:42:49","date_gmt":"2024-02-13T14:42:49","guid":{"rendered":"https:\/\/www.kpnsafety.com\/ec\/?post_type=product&#038;p=1860"},"modified":"2024-02-13T09:56:51","modified_gmt":"2024-02-13T14:56:51","slug":"kit-de-extincion-con-bomba-centrifuga","status":"publish","type":"product","link":"https:\/\/www.kpnsafety.com\/ec\/producto\/kit-de-extincion-con-bomba-centrifuga\/","title":{"rendered":"KIT DE EXTINCI\u00d3N CON BOMBA CENTR\u00cdFUGA"},"content":{"rendered":"<ul>\n<li>Componentes de alta calidad<\/li>\n<li>Con la mejor relaci\u00f3n calidad\/precio.<\/li>\n<li>Gran disponibilidad de recambios<\/li>\n<li>2 a\u00f1os de garant\u00eda<\/li>\n<\/ul>\n<div class=\"titles3 titles--black\">\n<ul>\n<li>Dep\u00f3sito de agua \u2013 Configuraci\u00f3n a medida<\/li>\n<li><strong>Capacidades<\/strong>: 120 \u2013 1.000 litros.<\/li>\n<li><strong>M\u00faltiples materiales a elegir<\/strong><\/li>\n<li>Acero inoxidable.<\/li>\n<li>Polietileno.<\/li>\n<li>Lona flexible.<\/li>\n<\/ul>\n<\/div>\n<div class=\"titles3 titles--black\">\n<h3 class=\"title\">Accesorios incluidos<\/h3>\n<ul>\n<li class=\"subtitle\"><strong>Devanadera<\/strong>\u00a0montada en la estructura principal. Capacidad: 2 tramos de 20 metros y 25 mm. de di\u00e1metro.<\/li>\n<li class=\"subtitle\"><strong>Mangote de succi\u00f3n<\/strong>\u00a0aspiralado transl\u00facido con una longitud de 5 metros.<\/li>\n<\/ul>\n<\/div>\n","protected":false},"excerpt":{"rendered":"<p><strong>Kits de extinci\u00f3n de intervenci\u00f3n r\u00e1pida<\/strong>\u00a0dise\u00f1ados para veh\u00edculos PickUp y remolques, equipados con bombas centr\u00edfugas de hasta 25 bares y con un caudal m\u00e1ximo de hasta 390 litros minuto.<\/p>\n<p><a class=\"accion\" href=\"https:\/\/kpnsafety.com\/ec\/contacto\/\" target=\"_blank\" rel=\"noopener\">Solicitar presupuesto<\/a><\/p>\n<p><a class=\"accion\" href=\"https:\/\/api.whatsapp.com\/send?phone=573147862881\" target=\"_blank\" rel=\"noopener\">Contactar un consultor<\/a><\/p>\n","protected":false},"featured_media":1861,"template":"","meta":[],"product_brand":[],"product_cat":[196],"product_tag":[199,200,188,201,195],"class_list":{"0":"post-1860","1":"product","2":"type-product","3":"status-publish","4":"has-post-thumbnail","6":"product_cat-kits-de-extincion","7":"product_tag-bomba","8":"product_tag-incendios","9":"product_tag-incendios-forestales","10":"product_tag-kit-de-extincion-con-bomba-centrifuga","11":"product_tag-rescate","13":"first","14":"instock","15":"shipping-taxable","16":"product-type-simple"},"_links":{"self":[{"href":"https:\/\/www.kpnsafety.com\/ec\/wp-json\/wp\/v2\/product\/1860","targetHints":{"allow":["GET"]}}],"collection":[{"href":"https:\/\/www.kpnsafety.com\/ec\/wp-json\/wp\/v2\/product"}],"about":[{"href":"https:\/\/www.kpnsafety.com\/ec\/wp-json\/wp\/v2\/types\/product"}],"wp:featuredmedia":[{"embeddable":true,"href":"https:\/\/www.kpnsafety.com\/ec\/wp-json\/wp\/v2\/media\/1861"}],"wp:attachment":[{"href":"https:\/\/www.kpnsafety.com\/ec\/wp-json\/wp\/v2\/media?parent=1860"}],"wp:term":[{"taxonomy":"product_brand","embeddable":true,"href":"https:\/\/www.kpnsafety.com\/ec\/wp-json\/wp\/v2\/product_brand?post=1860"},{"taxonomy":"product_cat","embeddable":true,"href":"https:\/\/www.kpnsafety.com\/ec\/wp-json\/wp\/v2\/product_cat?post=1860"},{"taxonomy":"product_tag","embeddable":true,"href":"https:\/\/www.kpnsafety.com\/ec\/wp-json\/wp\/v2\/product_tag?post=1860"}],"curies":[{"name":"wp","href":"https:\/\/api.w.org\/{rel}","templated":true}]}}