{"id":859,"date":"2022-07-05T14:15:47","date_gmt":"2022-07-05T19:15:47","guid":{"rendered":"https:\/\/kpnsafety.com\/uy\/?post_type=product&#038;p=859"},"modified":"2026-03-31T16:53:12","modified_gmt":"2026-03-31T21:53:12","slug":"mascara-de-proteccion-sin-filtro","status":"publish","type":"product","link":"https:\/\/www.kpnsafety.com\/ec\/producto\/mascara-de-proteccion-sin-filtro\/","title":{"rendered":"M\u00e1scara de protecci\u00f3n sin filtro"},"content":{"rendered":"<p>[vc_row][vc_column][vc_column_text]<\/p>\n<ul>\n<li><strong>Composici\u00f3n del hilo<\/strong><br \/>\n100% alambre meta-aramida<\/li>\n<li><strong>Composici\u00f3n del tejido<\/strong><br \/>\nLenzing F.R. 65% | Nomex 30% | Kevlar 5%<\/li>\n<li><strong>Composici\u00f3n de tela reflectante de plata<\/strong><br \/>\n100% algod\u00f3n F.R<\/li>\n<li><strong>Composici\u00f3n del tejido de la zona de respiraci\u00f3n<\/strong><br \/>\n64% Viscosa | 34% de aramida | 2% antiest\u00e1tico<\/li>\n<li><strong>Gramaje<\/strong><br \/>\n270 g\/ m2<\/li>\n<li><strong>Peso<\/strong><br \/>\n120 g<\/li>\n<\/ul>\n<div class=\"titles3 titles--black\">\n<div class=\"title\"><strong>Perfecta integraci\u00f3n con el resto del equipo de protecci\u00f3n<\/strong><\/div>\n<ul>\n<li class=\"subtitle\">Ajustes r\u00e1pidos sin necesidad de quitarse el casco gracias a su sistema de doble velcro\u00ae. Dos posiciones: estado de uso y estado de descanso. Incluye bandas reflectantes en la parte frontal.}<\/li>\n<\/ul>\n<div><\/div>\n<\/div>\n<div>\n<div class=\"titles3 titles--black\">\n<div class=\"title\"><strong>M\u00e1xima protecci\u00f3n contra la radiaci\u00f3n<\/strong><\/div>\n<ul>\n<li class=\"subtitle\">Tejido doble capa con certificaci\u00f3n EN 15614:2007 + EN ISO 15384:2020 de patr\u00f3n ergon\u00f3mico que se adapta a cualquier tipo de fisonom\u00eda.<\/li>\n<\/ul>\n<\/div>\n<\/div>\n<div><\/div>\n<div>\n<div class=\"titles3 titles--black\">\n<div class=\"title\"><strong>Respirador intercambiable<\/strong><\/div>\n<ul>\n<li class=\"subtitle\">Su cavidad interior permite intercambiar el filtro de carbono activo de forma f\u00e1cil y r\u00e1pida. Dispone de una semiestructura r\u00edgida moldeable para adaptaci\u00f3n a la cavidad nasal.<\/li>\n<\/ul>\n<\/div>\n<\/div>\n<p>[\/vc_column_text][\/vc_column][\/vc_row][vc_row disable_element=\u00bbyes\u00bb][vc_column width=\u00bb1\/2&#8243;][vc_single_image image=\u00bb702&#8243; img_size=\u00bbfull\u00bb alignment=\u00bbcenter\u00bb][\/vc_column][vc_column width=\u00bb1\/2&#8243;][\/vc_column][\/vc_row]<\/p>\n","protected":false},"excerpt":{"rendered":"<p>La<strong>\u00a0m\u00e1scara\u00a0<\/strong>ofrece una\u00a0<strong>protecci\u00f3n total de la cara frente a la radiaci\u00f3n y part\u00edculas<\/strong>\u00a0incandescentes evitando quemaduras y reduciendo posibles inhalaciones de contaminantes gracias a su filtro de carbono activo intercambiable con v\u00e1lvula de exhalaci\u00f3n.<\/p>\n<p><em>Normas: EN ISO 11612\/15, EN 15614\/07 y EN 13688\/13<\/em><\/p>\n<p><a class=\"accion\" href=\"https:\/\/kpnsafety.com\/ec\/contacto\/\" target=\"_blank\" rel=\"noopener\">Solicitar presupuesto<\/a><\/p>\n<p><a class=\"accion\" href=\"https:\/\/api.whatsapp.com\/send?phone=573147862881\" target=\"_blank\" rel=\"noopener\">Contactar un consultor<\/a><\/p>\n","protected":false},"featured_media":766,"template":"","meta":[],"product_brand":[],"product_cat":[85],"product_tag":[203,188,192,209],"class_list":{"0":"post-859","1":"product","2":"type-product","3":"status-publish","4":"has-post-thumbnail","6":"product_cat-equipos-de-proteccion","7":"product_tag-epi-incendios-forestales","8":"product_tag-incendios-forestales","9":"product_tag-proteccion-contra-incendios","10":"product_tag-proteccion-respiratoria","12":"first","13":"instock","14":"shipping-taxable","15":"product-type-simple"},"_links":{"self":[{"href":"https:\/\/www.kpnsafety.com\/ec\/wp-json\/wp\/v2\/product\/859","targetHints":{"allow":["GET"]}}],"collection":[{"href":"https:\/\/www.kpnsafety.com\/ec\/wp-json\/wp\/v2\/product"}],"about":[{"href":"https:\/\/www.kpnsafety.com\/ec\/wp-json\/wp\/v2\/types\/product"}],"wp:featuredmedia":[{"embeddable":true,"href":"https:\/\/www.kpnsafety.com\/ec\/wp-json\/wp\/v2\/media\/766"}],"wp:attachment":[{"href":"https:\/\/www.kpnsafety.com\/ec\/wp-json\/wp\/v2\/media?parent=859"}],"wp:term":[{"taxonomy":"product_brand","embeddable":true,"href":"https:\/\/www.kpnsafety.com\/ec\/wp-json\/wp\/v2\/product_brand?post=859"},{"taxonomy":"product_cat","embeddable":true,"href":"https:\/\/www.kpnsafety.com\/ec\/wp-json\/wp\/v2\/product_cat?post=859"},{"taxonomy":"product_tag","embeddable":true,"href":"https:\/\/www.kpnsafety.com\/ec\/wp-json\/wp\/v2\/product_tag?post=859"}],"curies":[{"name":"wp","href":"https:\/\/api.w.org\/{rel}","templated":true}]}}