{"id":860,"date":"2022-07-05T14:17:43","date_gmt":"2022-07-05T19:17:43","guid":{"rendered":"https:\/\/kpnsafety.com\/uy\/?post_type=product&#038;p=860"},"modified":"2024-02-13T10:00:55","modified_gmt":"2024-02-13T15:00:55","slug":"casco-para-bombero-forestal","status":"publish","type":"product","link":"https:\/\/www.kpnsafety.com\/ec\/producto\/casco-para-bombero-forestal\/","title":{"rendered":"CASCO PARA BOMBERO FORESTAL"},"content":{"rendered":"<p>[vc_row][vc_column][vc_column_text]<\/p>\n<ul>\n<li><strong>Material de la carcasa<\/strong><br \/>\nPC \/ ABS (policarbonato \/ acrilonitrilo butadieno estireno)<\/li>\n<li><strong>Material de las piezas internas<\/strong><br \/>\npiel transpirable<\/li>\n<li><strong>Tama\u00f1os<\/strong><br \/>\nAjustable 52-64 cm.<\/li>\n<li><strong>Dimensiones<\/strong><br \/>\n27,7 x 24,5 x 19,3 cm<\/li>\n<li><strong>Peso<\/strong><br \/>\n650g +\/- 20g<\/li>\n<\/ul>\n<p>&nbsp;<\/p>\n<div class=\"titles3 titles--black\">\n<div class=\"title\"><strong>Mayor protecci\u00f3n y resistencia<\/strong><\/div>\n<ul>\n<li class=\"subtitle\">Dise\u00f1o envolvente fabricado en una sola pieza de PC\/ABS sin pinturas a\u00f1adidas con una visera protectora que ofrece una mayor protecci\u00f3n frente a los l\u00edquidos procedentes de descargas de medios a\u00e9reos con retardante para la llama.<\/li>\n<\/ul>\n<\/div>\n<div><\/div>\n<div>\n<div class=\"titles3 titles--black\">\n<div class=\"title\"><strong>Cresta longitudinal<\/strong><\/div>\n<ul>\n<li class=\"subtitle\">Cresta longitudinal de dise\u00f1o estructural y anillo trasero para una mayor protecci\u00f3n del cr\u00e1neo frente a posibles impactos.<\/li>\n<\/ul>\n<\/div>\n<\/div>\n<div><\/div>\n<div>\n<div class=\"titles3 titles--black\">\n<div class=\"title\"><strong>M\u00e1s c\u00f3modo y transpirable<\/strong><\/div>\n<ul>\n<li class=\"subtitle\">El nuevo casco cuenta con sistema de ventilaci\u00f3n en la parte superior para una mejor evacuaci\u00f3n del calor, seg\u00fan la norma EN 12492.<\/li>\n<\/ul>\n<\/div>\n<\/div>\n<div><\/div>\n<div>\n<div class=\"titles3 titles--black\">\n<div class=\"title\"><strong>Adaptaci\u00f3n total (Ajuste perfecto en cualquier cabeza)<\/strong><\/div>\n<\/div>\n<ul>\n<li>Arn\u00e9s interior multi-talla (de 54 a 62 cm.) con ajuste de rueda trasero y nuevo barboquejo\u00a0ign\u00edfugo con 6 puntos de regulaci\u00f3n que permiten que el\u00a0casco de protecci\u00f3n se adapte perfectamente a cualquier cabeza.<\/li>\n<\/ul>\n<div class=\"titles3 titles--black\">\n<div class=\"title\"><strong>Ergon\u00f3mico e higi\u00e9nico<\/strong><\/div>\n<ul>\n<li class=\"subtitle\">Arn\u00e9s con rejilla interior ergon\u00f3mica. Las protecciones textiles de los cascos son reemplazables y lavables, a diferencia de las de otros cascos del mercado.<\/li>\n<\/ul>\n<div><\/div>\n<div>\n<div class=\"titles3 titles--black\">\n<div class=\"title\"><strong>Sistema de acople r\u00e1pido Picatinny<\/strong><\/div>\n<ul>\n<li class=\"subtitle\">Inspirado en los equipos militares, el nuevo sistema\u00a0<strong>Picatinny Rail Adapter<\/strong>\u00a0permite un acople f\u00e1cil y r\u00e1pido de la mayor\u00eda de accesorios para cascos de protecci\u00f3n disponibles en el mercado. Soportes frontal y lateral.<\/li>\n<\/ul>\n<div><\/div>\n<div>\n<div class=\"titles3 titles--black\">\n<div class=\"title\"><strong>Un casco, m\u00faltiples soluciones<\/strong><\/div>\n<ul>\n<li class=\"subtitle\">Compatible con m\u00faltiples accesorios. Anclaje de gafas, pinzas de anclaje de sistema de luz frontal, anclaje de linterna, sistema abatible de pantalla de PC y de rejilla de desbroce. Pueden incorporarse protectores auditivos, cubrenucas, sistemas de radio y c\u00e1maras de video.<\/li>\n<\/ul>\n<div><\/div>\n<\/div>\n<div>\n<div class=\"titles3 titles--black\">\n<div class=\"title\"><strong>Personalizaci\u00f3n a medida<\/strong><\/div>\n<ul>\n<li class=\"subtitle\">Gran variedad de colores disponibles, bandas reflectantes con marcaje y posibilidad de a\u00f1adir escudo.<\/li>\n<\/ul>\n<\/div>\n<\/div>\n<\/div>\n<\/div>\n<\/div>\n<\/div>\n<\/div>\n<p>[\/vc_column_text][\/vc_column][\/vc_row][vc_row disable_element=\u00bbyes\u00bb][vc_column width=\u00bb1\/2&#8243;][vc_single_image image=\u00bb702&#8243; img_size=\u00bbfull\u00bb alignment=\u00bbcenter\u00bb][\/vc_column][vc_column width=\u00bb1\/2&#8243;][\/vc_column][\/vc_row]<\/p>\n","protected":false},"excerpt":{"rendered":"<p>El casco para bombero forestal con sistema de ventilaci\u00f3n en la parte superior, para una mejor evacuaci\u00f3n del calor. El casco tiene un dise\u00f1o envolvente, moderno y vers\u00e1til que permite el acople de\u00a0<strong>m\u00faltiples accesorios<\/strong>\u00a0adapt\u00e1ndose a las necesidades de los operativos m\u00e1s exigentes.<\/p>\n<p><a class=\"accion\" href=\"https:\/\/kpnsafety.com\/ec\/contacto\/\" target=\"_blank\" rel=\"noopener\">Solicitar presupuesto<\/a><\/p>\n<p><a class=\"accion\" href=\"https:\/\/api.whatsapp.com\/send?phone=573147862881\" target=\"_blank\" rel=\"noopener\">Contactar un consultor<\/a><\/p>\n","protected":false},"featured_media":1869,"template":"","meta":[],"product_brand":[],"product_cat":[85],"product_tag":[206,207,203,188,208,192],"class_list":{"0":"post-860","1":"product","2":"type-product","3":"status-publish","4":"has-post-thumbnail","6":"product_cat-equipos-de-proteccion","7":"product_tag-casco","8":"product_tag-casco-forestal","9":"product_tag-epi-incendios-forestales","10":"product_tag-incendios-forestales","11":"product_tag-proteccion-cabeza","12":"product_tag-proteccion-contra-incendios","14":"first","15":"instock","16":"shipping-taxable","17":"product-type-simple"},"_links":{"self":[{"href":"https:\/\/www.kpnsafety.com\/ec\/wp-json\/wp\/v2\/product\/860","targetHints":{"allow":["GET"]}}],"collection":[{"href":"https:\/\/www.kpnsafety.com\/ec\/wp-json\/wp\/v2\/product"}],"about":[{"href":"https:\/\/www.kpnsafety.com\/ec\/wp-json\/wp\/v2\/types\/product"}],"wp:featuredmedia":[{"embeddable":true,"href":"https:\/\/www.kpnsafety.com\/ec\/wp-json\/wp\/v2\/media\/1869"}],"wp:attachment":[{"href":"https:\/\/www.kpnsafety.com\/ec\/wp-json\/wp\/v2\/media?parent=860"}],"wp:term":[{"taxonomy":"product_brand","embeddable":true,"href":"https:\/\/www.kpnsafety.com\/ec\/wp-json\/wp\/v2\/product_brand?post=860"},{"taxonomy":"product_cat","embeddable":true,"href":"https:\/\/www.kpnsafety.com\/ec\/wp-json\/wp\/v2\/product_cat?post=860"},{"taxonomy":"product_tag","embeddable":true,"href":"https:\/\/www.kpnsafety.com\/ec\/wp-json\/wp\/v2\/product_tag?post=860"}],"curies":[{"name":"wp","href":"https:\/\/api.w.org\/{rel}","templated":true}]}}