{"id":1580,"date":"2022-11-22T15:21:49","date_gmt":"2022-11-22T20:21:49","guid":{"rendered":"https:\/\/www.kpnsafety.com\/pe\/?post_type=product&#038;p=1580"},"modified":"2026-01-28T17:03:06","modified_gmt":"2026-01-28T22:03:06","slug":"casco-vertex-blanco","status":"publish","type":"product","link":"https:\/\/www.kpnsafety.com\/pe\/producto\/casco-vertex-blanco\/","title":{"rendered":"CASCO PARA INDUSTRIA Y RESCATE BLANCO"},"content":{"rendered":"","protected":false},"excerpt":{"rendered":"<p>Casco para el trabajo en altura y rescate, Con su fuerte mentonera, el casco VERTEX VENT establece el est\u00e1ndar en la protecci\u00f3n de la cabeza para los trabajadores en altura. Tiene orificios de ventilaci\u00f3n con contraventanas deslizantes para permitir que la ventilaci\u00f3n se ajuste seg\u00fan sea necesario. Su suspensi\u00f3n textil de seis puntos garantiza la m\u00e1xima comodidad, y su sistema de ajuste CenterFit ajusta la diadema y mantiene el casco centrado en la cabeza.<\/p>\n<p><a class=\"accion\" href=\"https:\/\/api.whatsapp.com\/send?phone=573147862881\" target=\"_blank\" rel=\"noopener\">Contactar un consultor<\/a><\/p>\n<p><a class=\"accion\" href=\"https:\/\/www.kpnsafety.com\/pe\/contacto\/\" target=\"_blank\" rel=\"noopener\">Solicitar Presupuesto<\/a><\/p>\n","protected":false},"featured_media":1574,"template":"","meta":[],"product_brand":[],"product_cat":[162,16,56],"product_tag":[],"class_list":{"0":"post-1580","1":"product","2":"type-product","3":"status-publish","4":"has-post-thumbnail","6":"product_cat-stock-entrega-inmediata","7":"product_cat-seguridad-industrial","8":"product_cat-proteccion-alturas-y-rescate","10":"first","11":"instock","12":"featured","13":"shipping-taxable","14":"product-type-simple"},"_links":{"self":[{"href":"https:\/\/www.kpnsafety.com\/pe\/wp-json\/wp\/v2\/product\/1580","targetHints":{"allow":["GET"]}}],"collection":[{"href":"https:\/\/www.kpnsafety.com\/pe\/wp-json\/wp\/v2\/product"}],"about":[{"href":"https:\/\/www.kpnsafety.com\/pe\/wp-json\/wp\/v2\/types\/product"}],"wp:featuredmedia":[{"embeddable":true,"href":"https:\/\/www.kpnsafety.com\/pe\/wp-json\/wp\/v2\/media\/1574"}],"wp:attachment":[{"href":"https:\/\/www.kpnsafety.com\/pe\/wp-json\/wp\/v2\/media?parent=1580"}],"wp:term":[{"taxonomy":"product_brand","embeddable":true,"href":"https:\/\/www.kpnsafety.com\/pe\/wp-json\/wp\/v2\/product_brand?post=1580"},{"taxonomy":"product_cat","embeddable":true,"href":"https:\/\/www.kpnsafety.com\/pe\/wp-json\/wp\/v2\/product_cat?post=1580"},{"taxonomy":"product_tag","embeddable":true,"href":"https:\/\/www.kpnsafety.com\/pe\/wp-json\/wp\/v2\/product_tag?post=1580"}],"curies":[{"name":"wp","href":"https:\/\/api.w.org\/{rel}","templated":true}]}}