{"id":2201,"date":"2023-08-17T11:09:33","date_gmt":"2023-08-17T16:09:33","guid":{"rendered":"https:\/\/www.kpnsafety.com\/pe\/?post_type=product&#038;p=2201"},"modified":"2026-02-13T09:53:14","modified_gmt":"2026-02-13T14:53:14","slug":"traje-para-bombero-estructural","status":"publish","type":"product","link":"https:\/\/www.kpnsafety.com\/pe\/producto\/traje-para-bombero-estructural\/","title":{"rendered":"Traje para Bombero Estructural"},"content":{"rendered":"<p>Traje de Saco y Pantal\u00f3n de incendio de estructura certificado NFPA 1971:2013.<\/p>\n<p>Los tejidos de las capas de protecci\u00f3n son KEVLAR 60% NOMEX 40% , Stedair 3000 y Q8.<\/p>\n<p>Parte interna desmontable.<br \/>\nSaco con largo m\u00ednimo de 29- 35 pulgadas con apertura en zipper y velcro.<\/p>\n<p>Con arn\u00e9s DDR conforme NFPA. Sacocon 2 bolsillo externo, bolsillo para r\u00e1dio y bolsillo interno.<\/p>\n<p>Cintas reflectantes de 3 pulgadas de largo amarillo\/prata\/amarillo.<br \/>\nPantal\u00f3n con abertura de velcro y cintur\u00f3n frontal, con sistema de suspensi\u00f3n em H.<\/p>\n<p>Con 2 bolsillos laterales. Refuerzo en rodilla com Arashield<\/p>\n","protected":false},"excerpt":{"rendered":"<p>Traje para bombero estructural altamente confiable y certificado para soportar altas temperaturas<\/p>\n<p><a class=\"accion\" href=\"https:\/\/api.whatsapp.com\/send?phone=573147862881\" target=\"_blank\" rel=\"noopener\">Contactar un consultor<\/a><\/p>\n<p><a class=\"accion\" href=\"https:\/\/www.kpnsafety.com\/pe\/contacto\/\" target=\"_blank\" rel=\"noopener\">Solicitar Presupuesto<\/a><\/p>\n","protected":false},"featured_media":2202,"template":"","meta":[],"product_brand":[],"product_cat":[162,31,64],"product_tag":[168],"class_list":{"0":"post-2201","1":"product","2":"type-product","3":"status-publish","4":"has-post-thumbnail","6":"product_cat-stock-entrega-inmediata","7":"product_cat-proteccion-contra-incendios","8":"product_cat-incendios-estructurales","9":"product_tag-traje-estructural","11":"first","12":"instock","13":"shipping-taxable","14":"product-type-simple"},"_links":{"self":[{"href":"https:\/\/www.kpnsafety.com\/pe\/wp-json\/wp\/v2\/product\/2201","targetHints":{"allow":["GET"]}}],"collection":[{"href":"https:\/\/www.kpnsafety.com\/pe\/wp-json\/wp\/v2\/product"}],"about":[{"href":"https:\/\/www.kpnsafety.com\/pe\/wp-json\/wp\/v2\/types\/product"}],"wp:featuredmedia":[{"embeddable":true,"href":"https:\/\/www.kpnsafety.com\/pe\/wp-json\/wp\/v2\/media\/2202"}],"wp:attachment":[{"href":"https:\/\/www.kpnsafety.com\/pe\/wp-json\/wp\/v2\/media?parent=2201"}],"wp:term":[{"taxonomy":"product_brand","embeddable":true,"href":"https:\/\/www.kpnsafety.com\/pe\/wp-json\/wp\/v2\/product_brand?post=2201"},{"taxonomy":"product_cat","embeddable":true,"href":"https:\/\/www.kpnsafety.com\/pe\/wp-json\/wp\/v2\/product_cat?post=2201"},{"taxonomy":"product_tag","embeddable":true,"href":"https:\/\/www.kpnsafety.com\/pe\/wp-json\/wp\/v2\/product_tag?post=2201"}],"curies":[{"name":"wp","href":"https:\/\/api.w.org\/{rel}","templated":true}]}}