{"id":2211,"date":"2023-08-17T11:41:47","date_gmt":"2023-08-17T16:41:47","guid":{"rendered":"https:\/\/www.kpnsafety.com\/pe\/?post_type=product&#038;p=2211"},"modified":"2025-01-13T17:50:36","modified_gmt":"2025-01-13T22:50:36","slug":"mochila-de-extincion-kpn-20l-2","status":"publish","type":"product","link":"https:\/\/www.kpnsafety.com\/pe\/producto\/mochila-de-extincion-kpn-20l-2\/","title":{"rendered":"MOCHILA DE EXTINCI\u00d3N KPN 20L"},"content":{"rendered":"<h2><strong style=\"font-size: 16px;\">Capacidad<\/strong><\/h2>\n<div class=\"vc_row wpb_row vc_row-fluid\">\n<div class=\"wpb_column vc_column_container vc_col-sm-12\">\n<div class=\"vc_column-inner\">\n<div class=\"wpb_wrapper\">\n<div class=\"wpb_text_column wpb_content_element \">\n<div class=\"wpb_wrapper\">\n<p>20 litros<\/p>\n<p><strong>Longitud de la manguera<\/strong><br \/>\n1 m<\/p>\n<p><strong>Color<\/strong><br \/>\namarillo<\/p>\n<p><strong>Material de mochila<\/strong><br \/>\nCordura 1.000<\/p>\n<p><strong>Material del tanque<\/strong><br \/>\n100% Polyester H.T. 1.110 dtex + PVC<\/p>\n<p><strong>Peso<\/strong><br \/>\n2,54 kg<\/p>\n<p><strong>Peso sin lanza<\/strong><br \/>\n1,48 kg<\/p>\n<p><strong>Tama\u00f1o<\/strong><br \/>\n62 x 48 x 5 cm<\/p>\n<\/div>\n<\/div>\n<\/div>\n<\/div>\n<\/div>\n<\/div>\n","protected":false},"excerpt":{"rendered":"<p>La mochila de extinci\u00f3n KPN 20L\u00a0 ofrece m\u00e1xima comodidad, rendimiento y operatividad en las condiciones m\u00e1s adversas<\/p>\n<p>La mochila de extinci\u00f3n 20 L supone un avance a los equipos ergon\u00f3micos para los incendios forestales, que proporcionan comodidad, seguridad y mayor desempe\u00f1o en el trabajo con Herramientas para incendios Forestales manuales.<\/p>\n<p><a class=\"accion\" href=\"https:\/\/api.whatsapp.com\/send?phone=573147862881\" target=\"_blank\" rel=\"noopener\">Contactar un consultor<\/a><\/p>\n<p><a class=\"accion\" href=\"https:\/\/www.kpnsafety.com\/pe\/contacto\/\" target=\"_blank\" rel=\"noopener\">Solicitar Presupuesto<\/a><\/p>\n","protected":false},"featured_media":2216,"template":"","meta":[],"product_brand":[],"product_cat":[162,31,59,74],"product_tag":[],"class_list":{"0":"post-2211","1":"product","2":"type-product","3":"status-publish","4":"has-post-thumbnail","6":"product_cat-stock-entrega-inmediata","7":"product_cat-proteccion-contra-incendios","8":"product_cat-incendios-forestales","9":"product_cat-mochilas-extintoras-proteccion-contra-incendios","11":"first","12":"instock","13":"shipping-taxable","14":"product-type-simple"},"_links":{"self":[{"href":"https:\/\/www.kpnsafety.com\/pe\/wp-json\/wp\/v2\/product\/2211","targetHints":{"allow":["GET"]}}],"collection":[{"href":"https:\/\/www.kpnsafety.com\/pe\/wp-json\/wp\/v2\/product"}],"about":[{"href":"https:\/\/www.kpnsafety.com\/pe\/wp-json\/wp\/v2\/types\/product"}],"wp:featuredmedia":[{"embeddable":true,"href":"https:\/\/www.kpnsafety.com\/pe\/wp-json\/wp\/v2\/media\/2216"}],"wp:attachment":[{"href":"https:\/\/www.kpnsafety.com\/pe\/wp-json\/wp\/v2\/media?parent=2211"}],"wp:term":[{"taxonomy":"product_brand","embeddable":true,"href":"https:\/\/www.kpnsafety.com\/pe\/wp-json\/wp\/v2\/product_brand?post=2211"},{"taxonomy":"product_cat","embeddable":true,"href":"https:\/\/www.kpnsafety.com\/pe\/wp-json\/wp\/v2\/product_cat?post=2211"},{"taxonomy":"product_tag","embeddable":true,"href":"https:\/\/www.kpnsafety.com\/pe\/wp-json\/wp\/v2\/product_tag?post=2211"}],"curies":[{"name":"wp","href":"https:\/\/api.w.org\/{rel}","templated":true}]}}