{"id":2214,"date":"2023-08-17T14:13:41","date_gmt":"2023-08-17T19:13:41","guid":{"rendered":"https:\/\/www.kpnsafety.com\/pe\/?post_type=product&#038;p=2214"},"modified":"2026-01-28T17:25:51","modified_gmt":"2026-01-28T22:25:51","slug":"machete-recto-20","status":"publish","type":"product","link":"https:\/\/www.kpnsafety.com\/pe\/producto\/machete-recto-20\/","title":{"rendered":"MACHETE RECTO 20&#8243;"},"content":{"rendered":"<div class=\"large-12 columns\">\n<hr \/>\n<\/div>\n<div class=\"large-2 columns\"><\/div>\n<div class=\"large-10 columns\">\n<div id=\"section-description\" class=\"entry-content\">\n<p>Su construcci\u00f3n est\u00e1 pensada para resistir cargas por flexi\u00f3n e impacto sobre superficies duras. Su bajo peso optimiza la maniobrabilidad sin descuidar las prestaciones t\u00e9cnicas requeridas para la actividad.<\/p>\n<p>La hoja de acero laminado con tratamiento t\u00e9rmico asegura las prestaciones mec\u00e1nicas de la pieza y la larga vida del filo.<\/p>\n<p>El Machete cuenta con un mango que gracias a su forma asegura un agarre firme de la herramienta.<\/p>\n<p>El machete cuenta con una funda textil ambidiestra reforzada en la zonas de contacto con los filos que puede asegurarse a la cintura y pierna del usuario, brindado seguridad en el transporte y uso evitando accidentes o atascamientos.<\/p>\n<p>Como opcional se puede proveer con la lima de afilado incluida en la funda.<\/p>\n<p><strong>ESPECIFICACIONES T\u00c9CNICAS:<\/strong><\/p>\n<ul>\n<li><strong>Peso con funda:<\/strong>\u00a00,5 Kg<\/li>\n<li><strong>Largo con funda:<\/strong>\u00a0660 mm:<\/li>\n<li><strong>Tipo de funda:<\/strong>\u00a0Ambidiestra<\/li>\n<\/ul>\n<\/div>\n<\/div>\n","protected":false},"excerpt":{"rendered":"<p>Por su forma cuenta con un agarre firme y una maniobrabilidad \u00f3ptima por su bajo peso lo que lo hace ideal para trabajo de limpieza y corte forestal.<\/p>\n<p>El uso principal del machete es para abrirse paso en la vegetaci\u00f3n, \u00f3ptimo para trabajos de corte y limpieza forestal y para despejar zonas de paso y trabajo para el avance del personal y para apoyo del trabajo del motosierrista.<\/p>\n<p><a class=\"accion\" href=\"https:\/\/kpnsafety.com\/pe\/contacto\/\" target=\"_blank\" rel=\"noopener\">Solicitar presupuesto<\/a><\/p>\n<p><a class=\"accion\" href=\"https:\/\/api.whatsapp.com\/send?phone=573147862881\" target=\"_blank\" rel=\"noopener\">Contactar un consultor<\/a><\/p>\n","protected":false},"featured_media":2204,"template":"","meta":[],"product_brand":[],"product_cat":[162,31,72],"product_tag":[],"class_list":{"0":"post-2214","1":"product","2":"type-product","3":"status-publish","4":"has-post-thumbnail","6":"product_cat-stock-entrega-inmediata","7":"product_cat-proteccion-contra-incendios","8":"product_cat-herramientas-para-incendios-forestales-proteccion-contra-incendios","10":"first","11":"instock","12":"shipping-taxable","13":"product-type-simple"},"_links":{"self":[{"href":"https:\/\/www.kpnsafety.com\/pe\/wp-json\/wp\/v2\/product\/2214","targetHints":{"allow":["GET"]}}],"collection":[{"href":"https:\/\/www.kpnsafety.com\/pe\/wp-json\/wp\/v2\/product"}],"about":[{"href":"https:\/\/www.kpnsafety.com\/pe\/wp-json\/wp\/v2\/types\/product"}],"wp:featuredmedia":[{"embeddable":true,"href":"https:\/\/www.kpnsafety.com\/pe\/wp-json\/wp\/v2\/media\/2204"}],"wp:attachment":[{"href":"https:\/\/www.kpnsafety.com\/pe\/wp-json\/wp\/v2\/media?parent=2214"}],"wp:term":[{"taxonomy":"product_brand","embeddable":true,"href":"https:\/\/www.kpnsafety.com\/pe\/wp-json\/wp\/v2\/product_brand?post=2214"},{"taxonomy":"product_cat","embeddable":true,"href":"https:\/\/www.kpnsafety.com\/pe\/wp-json\/wp\/v2\/product_cat?post=2214"},{"taxonomy":"product_tag","embeddable":true,"href":"https:\/\/www.kpnsafety.com\/pe\/wp-json\/wp\/v2\/product_tag?post=2214"}],"curies":[{"name":"wp","href":"https:\/\/api.w.org\/{rel}","templated":true}]}}