{"id":2215,"date":"2023-08-17T14:19:06","date_gmt":"2023-08-17T19:19:06","guid":{"rendered":"https:\/\/www.kpnsafety.com\/pe\/?post_type=product&#038;p=2215"},"modified":"2025-01-13T17:46:55","modified_gmt":"2025-01-13T22:46:55","slug":"rastrillo-para-incendios-forestales","status":"publish","type":"product","link":"https:\/\/www.kpnsafety.com\/pe\/producto\/rastrillo-para-incendios-forestales\/","title":{"rendered":"RASTRILLO PARA INCENDIOS FORESTALES"},"content":{"rendered":"<p>Se recomienda su implementaci\u00f3n para remover grandes cantidades de vegetaci\u00f3n en el terreno y rastrillar combustible hasta suelo mineral, muy usada en suelos blandos y en zonas de plantaciones comerciales donde la acumulaci\u00f3n de carga vegetal es significativa.<\/p>\n<p><strong>ESPECIFICACIONES T\u00c9CNICAS:<\/strong><\/p>\n<ul>\n<li><strong>Peso:<\/strong>\u00a02,3 Kg<\/li>\n<li><strong>Longitud:<\/strong>\u00a01,2 m<\/li>\n<li><strong>Dimensiones de Pala:<\/strong>\u00a0285 mm x 235 mm<\/li>\n<li><strong>Cabo:<\/strong>\u00a0Madera<\/li>\n<\/ul>\n","protected":false},"excerpt":{"rendered":"<p>Su dise\u00f1o equilibrado y balanceado permiten una f\u00e1cil y segura manipulaci\u00f3n lo que genera mayor eficacia con menor esfuerzo.<\/p>\n<p>Nuestra herramienta posee un cabo que se puede desmontar de la pala de acero, la cual est\u00e1 construida en acero y una vez afilada es sometida a tratamiento t\u00e9rmico (48-52 HRC), con una terminaci\u00f3n en pintura horneada.<\/p>\n<p><a class=\"accion\" href=\"https:\/\/api.whatsapp.com\/send?phone=573147862881\" target=\"_blank\" rel=\"noopener\">Contactar un consultor<\/a><\/p>\n<p><a class=\"accion\" href=\"https:\/\/www.kpnsafety.com\/pe\/contacto\/\" target=\"_blank\" rel=\"noopener\">Solicitar Presupuesto<\/a><\/p>\n","protected":false},"featured_media":2207,"template":"","meta":[],"product_brand":[],"product_cat":[162,31,72],"product_tag":[172],"class_list":{"0":"post-2215","1":"product","2":"type-product","3":"status-publish","4":"has-post-thumbnail","6":"product_cat-stock-entrega-inmediata","7":"product_cat-proteccion-contra-incendios","8":"product_cat-herramientas-para-incendios-forestales-proteccion-contra-incendios","9":"product_tag-rastrillo-para-incendios-forestales","11":"first","12":"instock","13":"shipping-taxable","14":"product-type-simple"},"_links":{"self":[{"href":"https:\/\/www.kpnsafety.com\/pe\/wp-json\/wp\/v2\/product\/2215","targetHints":{"allow":["GET"]}}],"collection":[{"href":"https:\/\/www.kpnsafety.com\/pe\/wp-json\/wp\/v2\/product"}],"about":[{"href":"https:\/\/www.kpnsafety.com\/pe\/wp-json\/wp\/v2\/types\/product"}],"wp:featuredmedia":[{"embeddable":true,"href":"https:\/\/www.kpnsafety.com\/pe\/wp-json\/wp\/v2\/media\/2207"}],"wp:attachment":[{"href":"https:\/\/www.kpnsafety.com\/pe\/wp-json\/wp\/v2\/media?parent=2215"}],"wp:term":[{"taxonomy":"product_brand","embeddable":true,"href":"https:\/\/www.kpnsafety.com\/pe\/wp-json\/wp\/v2\/product_brand?post=2215"},{"taxonomy":"product_cat","embeddable":true,"href":"https:\/\/www.kpnsafety.com\/pe\/wp-json\/wp\/v2\/product_cat?post=2215"},{"taxonomy":"product_tag","embeddable":true,"href":"https:\/\/www.kpnsafety.com\/pe\/wp-json\/wp\/v2\/product_tag?post=2215"}],"curies":[{"name":"wp","href":"https:\/\/api.w.org\/{rel}","templated":true}]}}