{"id":2241,"date":"2023-09-14T15:26:43","date_gmt":"2023-09-14T20:26:43","guid":{"rendered":"https:\/\/www.kpnsafety.com\/pe\/?post_type=product&#038;p=2241"},"modified":"2026-01-28T16:26:12","modified_gmt":"2026-01-28T21:26:12","slug":"herramienta-combinada-para-rescate-vehicular","status":"publish","type":"product","link":"https:\/\/www.kpnsafety.com\/pe\/producto\/herramienta-combinada-para-rescate-vehicular\/","title":{"rendered":"HERRAMIENTA COMBINADA PARA RESCATE VEHICULAR"},"content":{"rendered":"<p><strong>Velocidad inigualable<\/strong><\/p>\n<ul>\n<li>La herramienta combinada m\u00e1s r\u00e1pida del mercado, gracias a la Tecnolog\u00eda de Maximizaci\u00f3n Continua de Velocidad (PATENTADA). Un sistema mecatr\u00f3nico ubicado dentro de la herramienta optimiza continuamente los ajustes del motor y de la bomba para proporcionar un flujo de aceite maximizado en todo el rango de presi\u00f3n. El resultado es una velocidad inigualable, no importando la fuerza que la herramienta tenga que generar.<\/li>\n<li>Mientras que todas las dem\u00e1s herramientas de rescate muestran una disminuci\u00f3n significativa de la velocidad al pasar a otra etapa para hacer frente a cargas m\u00e1s elevadas, las herramientas Pentheon de Holmatro mantienen la curva ideal de velocidad continua.<\/li>\n<\/ul>\n<p><strong>M\u00e1ximo control<\/strong><\/p>\n<ul>\n<li>Un exclusivo mando de control con dos modos de velocidad, proporciona la posibilidad, en cualquier momento durante el rescate, de cambiar entre los modos de alta y baja velocidad de la herramienta.<\/li>\n<li>Dentro de cada uno de los modos la velocidad sigue siendo proporcional a cu\u00e1n lejos gire el mando de control a su izquierda o derecha.<\/li>\n<\/ul>\n<p><strong>Tiempo de trabajo ampliado gracias a:<\/strong><\/p>\n<ul>\n<li>Una bater\u00eda construida especialmente para esa aplicaci\u00f3n y con mayor capacidad.<\/li>\n<li>La eficiencia energ\u00e9tica de nuestra tecnolog\u00eda mecatr\u00f3nica patentada.<\/li>\n<li>Una funci\u00f3n de Inicio\/Parada autom\u00e1tica. Cuando la herramienta no est\u00e1 siendo operada o cuando alcanza su presi\u00f3n m\u00e1xima, el motor se detiene autom\u00e1ticamente. Esto permite un ahorro significativo de la capacidad de la bater\u00eda. Solo hay que girar el mando de control para volver a encender la herramienta.<\/li>\n<li>Tecnolog\u00eda de Gerenciamiento de Temperatura. La temperatura de la herramienta y de la bater\u00eda se monitorean continuamente para asegurarse de que no lleguen a niveles elevados y evitar que la herramienta se apagara. A temperaturas extremadamente elevadas, las herramientas Pentheon pasan autom\u00e1ticamente a trabajar con un menor consumo de energ\u00eda, sin perder fuerza. Todo para asegurar que usted pueda seguir trabajando, incluso en condiciones de mucho calor y con cargas elevadas de la herramienta.<\/li>\n<\/ul>\n<p><strong>Sencillo manejo de bater\u00edas<\/strong><\/p>\n<ul>\n<li>Deje de intercambiar bater\u00edas con el Sistema de Carga Holmatro integrado en la herramienta. A partir de ahora, puede cargar una bater\u00eda mientras est\u00e1 puesta en la herramienta. Simplemente conecte su herramienta al cargador y todo el proceso de carga se regular\u00e1 autom\u00e1ticamente. La bater\u00eda que est\u00e1 en la herramienta tiene prioridad sobre la bater\u00eda del cargador, la cual reanudar\u00e1 la carga cuando la bater\u00eda de la herramienta est\u00e9 100% llena.<\/li>\n<li>Puede conectar hasta 3 cargadores en una toma de corriente. Esto le permite cargar hasta 6 bater\u00edas autom\u00e1ticamente, sea en el cargador o en la herramienta conectada al cargador.<\/li>\n<li>\u00a1Solo tiene que enchufarlas!<\/li>\n<\/ul>\n<p><strong>Uso bajo el agua<\/strong><\/p>\n<ul>\n<li>Si se encuentra en una situaci\u00f3n en la que necesita usar sus herramientas de rescate completamente sumergidas en el agua, \u00a1nuestras herramientas Pentheon estar\u00e1n listas para el trabajo!<\/li>\n<\/ul>\n<p><strong>Diagn\u00f3stico en tiempo real<\/strong><\/p>\n<ul>\n<li>Indicadores LED en la herramienta, la bater\u00eda y el cargador le proporcionan informaci\u00f3n directa sobre la temperatura, la carga y el estado de la bater\u00eda, as\u00ed como la temperatura de la herramienta y el momento en que se alcanz\u00f3 su presi\u00f3n m\u00e1xima.<\/li>\n<li>Para obtener informaci\u00f3n m\u00e1s detallada sobre la bater\u00eda, puede utilizar nuestro software de diagn\u00f3stico.<\/li>\n<li>Un software m\u00e1s extenso para los T\u00e9cnicos de Servicio Autorizados de Holmatro (distribuidor) les permitir\u00e1 entregar el mejor servicio para sus herramientas Pentheon. El sistema proporciona la combinaci\u00f3n de un diagn\u00f3stico completo de la herramienta con procedimientos de inspecci\u00f3n automatizados.<\/li>\n<\/ul>\n<p><strong>F\u00e1cil de usar<\/strong><\/p>\n<ul>\n<li>Mando de control en l\u00ednea y con acceso de 360\u00b0 para que el uso de la herramienta sea facilitado en los cuatro costados del veh\u00edculo.<\/li>\n<li>Asa de sujeci\u00f3n 360\u00b0. Rodea completamente la herramienta, de modo tal que puede sujetarla en cualquier posici\u00f3n. Incluye una empu\u00f1adura tipo maleta para facilitar el transporte. Est\u00e1 hecha de un pol\u00edmero sint\u00e9tico de alto grado: un material extremadamente resistente y el\u00e1stico que siempre vuelve a su forma original. \u00a1A prueba de da\u00f1os!<\/li>\n<li>Las luces LED del asa de sujeci\u00f3n se alimentan de la bater\u00eda principal. Esto significa que se encender\u00e1n y apagar\u00e1n autom\u00e1ticamente, junto con la herramienta. Hay un bot\u00f3n separado en la herramienta para apagar las luces, pero no se moleste: su consumo de energ\u00eda es pr\u00e1cticamente nulo.<\/li>\n<\/ul>\n<p><strong>Cuchillas de corte inclinadas, montadas en un \u00e1ngulo de 30\u00b0<\/strong><\/p>\n<ul>\n<li>Mayor ergonom\u00eda al cortar alto y bajo en el coche. Puede seguir usando la herramienta desde una altura c\u00f3moda al nivel de la cintura.<\/li>\n<li>Gracias al dise\u00f1o de cuchilla inclinada, cuando hay que cortar los pilares del coche desde un costado, tambi\u00e9n habr\u00e1 m\u00e1s espacio entre la herramienta y el lugar donde est\u00e1 el paciente. Esto resulta en un corte m\u00e1s seguro, r\u00e1pido y sencillo, sin tener que reposicionar todo el tiempo la cortadora para evitar que se quede bloqueada.<\/li>\n<\/ul>\n","protected":false},"excerpt":{"rendered":"<p>Herramienta combinada alimentada por bater\u00eda, parte de la serie Pentheon de Holmatro. Dise\u00f1ada para ofrecerle un rendimiento irrestricto, una velocidad inigualable y un nivel de control como nunca visto anteriormente.<\/p>\n<p><strong>EXCLUSIVOS DIENTES DE AGARRE<\/strong><\/p>\n<p>Estos dientes, a\u00f1adidos en la parte interior de las cuchillas de la herramienta combinada, evitan que el material se vea empujado hacia afuera durante el corte.<\/p>\n<p><strong>PUNTAS DE SEPARACI\u00d3N EXTRA\u00cdBLES<\/strong><\/p>\n<p>Las puntas de la herramienta combinada, especialmente dise\u00f1adas para tareas de separaci\u00f3n y compresi\u00f3n, pueden quitarse f\u00e1cilmente con la mano. Esto le permite cortar materiales sin aplastarlos.<\/p>\n<p><a class=\"accion\" href=\"https:\/\/api.whatsapp.com\/send?phone=573147862881\" target=\"_blank\" rel=\"noopener\">Contactar un consultor<\/a><\/p>\n<p><a class=\"accion\" href=\"https:\/\/www.kpnsafety.com\/pe\/contacto\/\" target=\"_blank\" rel=\"noopener\">Solicitar Presupuesto<\/a><\/p>\n<p>&nbsp;<\/p>\n","protected":false},"featured_media":2242,"template":"","meta":[],"product_brand":[],"product_cat":[181],"product_tag":[174,177,176,178,173],"class_list":{"0":"post-2241","1":"product","2":"type-product","3":"status-publish","4":"has-post-thumbnail","6":"product_cat-herramientas-de-extricacion-vehicular","7":"product_tag-extricacion-vehicular","8":"product_tag-herramienta-combinada","9":"product_tag-herramienta-de-rescate","10":"product_tag-rescate","11":"product_tag-rescate-vehicular","13":"first","14":"instock","15":"shipping-taxable","16":"product-type-simple"},"_links":{"self":[{"href":"https:\/\/www.kpnsafety.com\/pe\/wp-json\/wp\/v2\/product\/2241","targetHints":{"allow":["GET"]}}],"collection":[{"href":"https:\/\/www.kpnsafety.com\/pe\/wp-json\/wp\/v2\/product"}],"about":[{"href":"https:\/\/www.kpnsafety.com\/pe\/wp-json\/wp\/v2\/types\/product"}],"wp:featuredmedia":[{"embeddable":true,"href":"https:\/\/www.kpnsafety.com\/pe\/wp-json\/wp\/v2\/media\/2242"}],"wp:attachment":[{"href":"https:\/\/www.kpnsafety.com\/pe\/wp-json\/wp\/v2\/media?parent=2241"}],"wp:term":[{"taxonomy":"product_brand","embeddable":true,"href":"https:\/\/www.kpnsafety.com\/pe\/wp-json\/wp\/v2\/product_brand?post=2241"},{"taxonomy":"product_cat","embeddable":true,"href":"https:\/\/www.kpnsafety.com\/pe\/wp-json\/wp\/v2\/product_cat?post=2241"},{"taxonomy":"product_tag","embeddable":true,"href":"https:\/\/www.kpnsafety.com\/pe\/wp-json\/wp\/v2\/product_tag?post=2241"}],"curies":[{"name":"wp","href":"https:\/\/api.w.org\/{rel}","templated":true}]}}