{"id":2248,"date":"2023-09-14T16:18:58","date_gmt":"2023-09-14T21:18:58","guid":{"rendered":"https:\/\/www.kpnsafety.com\/pe\/?post_type=product&#038;p=2248"},"modified":"2025-01-13T17:45:58","modified_gmt":"2025-01-13T22:45:58","slug":"puntal-de-estabilizacion-de-vehiculos-puntal-v","status":"publish","type":"product","link":"https:\/\/www.kpnsafety.com\/pe\/producto\/puntal-de-estabilizacion-de-vehiculos-puntal-v\/","title":{"rendered":"PUNTAL DE ESTABILIZACI\u00d3N DE VEH\u00cdCULOS PUNTAL V"},"content":{"rendered":"<p><strong>Herramienta ligera para una estabilizaci\u00f3n instant\u00e1nea y segura<\/strong><\/p>\n<ul>\n<li>Puntal de estabilizaci\u00f3n de veh\u00edculos que lleva integrados cabezal, placa base y cinta de tensi\u00f3n con gancho y carraca<\/li>\n<li>Soluci\u00f3n todo en uno, sin partes sueltas que puedan perderse<\/li>\n<\/ul>\n<p><strong>Sistema exclusivo de autobloqueo<\/strong><\/p>\n<ul>\n<li>Se saca y se bloquea autom\u00e1ticamente en un solo movimiento<\/li>\n<li>No hace falta una operaci\u00f3n aparte para bloquear el puntal<\/li>\n<li>Agujeros de bloqueo a lo largo de todo el puntal a intervalos muy peque\u00f1os<\/li>\n<li>Permite ajustar la longitud de forma precisa<\/li>\n<\/ul>\n<p><strong>Mecanismo de apriete y empuje<\/strong><\/p>\n<ul>\n<li>Para soltar el puntal r\u00e1pida y f\u00e1cilmente despu\u00e9s de usarlo<\/li>\n<\/ul>\n<p><strong>Extremadamente ligero<\/strong><\/p>\n<ul>\n<li>F\u00e1cil de transportar<\/li>\n<li>F\u00e1cil de trabajar con \u00e9l<\/li>\n<\/ul>\n<p><strong>Cabezal serrado polivalente<\/strong><\/p>\n<ul>\n<li>Para un agarre \u00f3ptimo<\/li>\n<li>Apto para todo tipo de veh\u00edculos<\/li>\n<\/ul>\n<p><strong>Cinta de tensi\u00f3n<\/strong><\/p>\n<ul>\n<li>Cinta de tensi\u00f3n con gancho y carraca<\/li>\n<li>Para una fijaci\u00f3n r\u00e1pida y f\u00e1cil al veh\u00edculo<\/li>\n<li>Permite crear en seguida un tri\u00e1ngulo estable<\/li>\n<\/ul>\n<p><strong>Gancho mosquet\u00f3n<\/strong><\/p>\n<p>Para desenganchar y reenganchar r\u00e1pida y f\u00e1cilmente<\/p>\n<p><strong>Carrete para la cinta<\/strong><\/p>\n<ul>\n<li>Evita que la cinta de tensi\u00f3n se enrede<\/li>\n<li>Para que ocupe poco al guardarla<\/li>\n<\/ul>\n","protected":false},"excerpt":{"rendered":"<p>En un instante, estabilizaci\u00f3n segura de veh\u00edculos accidentados.<\/p>\n<p><strong>M\u00e1x. carga axial:<\/strong> 16 \/ 1.6 (kN\/t)<\/p>\n<p><strong>M\u00edn. longitud efectiva:<\/strong> 1080 mm<\/p>\n<p><strong>M\u00e1x. longitud efectiva:<\/strong> 1800 mm<\/p>\n<p><strong>Peso, listo para su uso:<\/strong> 7.9 kg<\/p>\n<p><strong>Dimensiones (AxBxC):<\/strong> 1080 x 149 x 210 mm<\/p>\n<p><a class=\"accion\" href=\"https:\/\/api.whatsapp.com\/send?phone=573147862881\" target=\"_blank\" rel=\"noopener\">Contactar un consultor<\/a><\/p>\n<p><a class=\"accion\" href=\"https:\/\/www.kpnsafety.com\/pe\/contacto\/\" target=\"_blank\" rel=\"noopener\">Solicitar Presupuesto<\/a><\/p>\n","protected":false},"featured_media":2249,"template":"","meta":[],"product_brand":[],"product_cat":[181],"product_tag":[180,174,176,178,173],"class_list":{"0":"post-2248","1":"product","2":"type-product","3":"status-publish","4":"has-post-thumbnail","6":"product_cat-herramientas-de-extricacion-vehicular","7":"product_tag-estabilizador-de-vehiculos","8":"product_tag-extricacion-vehicular","9":"product_tag-herramienta-de-rescate","10":"product_tag-rescate","11":"product_tag-rescate-vehicular","13":"first","14":"instock","15":"shipping-taxable","16":"product-type-simple"},"_links":{"self":[{"href":"https:\/\/www.kpnsafety.com\/pe\/wp-json\/wp\/v2\/product\/2248","targetHints":{"allow":["GET"]}}],"collection":[{"href":"https:\/\/www.kpnsafety.com\/pe\/wp-json\/wp\/v2\/product"}],"about":[{"href":"https:\/\/www.kpnsafety.com\/pe\/wp-json\/wp\/v2\/types\/product"}],"wp:featuredmedia":[{"embeddable":true,"href":"https:\/\/www.kpnsafety.com\/pe\/wp-json\/wp\/v2\/media\/2249"}],"wp:attachment":[{"href":"https:\/\/www.kpnsafety.com\/pe\/wp-json\/wp\/v2\/media?parent=2248"}],"wp:term":[{"taxonomy":"product_brand","embeddable":true,"href":"https:\/\/www.kpnsafety.com\/pe\/wp-json\/wp\/v2\/product_brand?post=2248"},{"taxonomy":"product_cat","embeddable":true,"href":"https:\/\/www.kpnsafety.com\/pe\/wp-json\/wp\/v2\/product_cat?post=2248"},{"taxonomy":"product_tag","embeddable":true,"href":"https:\/\/www.kpnsafety.com\/pe\/wp-json\/wp\/v2\/product_tag?post=2248"}],"curies":[{"name":"wp","href":"https:\/\/api.w.org\/{rel}","templated":true}]}}