{"id":2291,"date":"2023-11-16T15:11:45","date_gmt":"2023-11-16T20:11:45","guid":{"rendered":"https:\/\/www.kpnsafety.com\/pe\/?post_type=product&#038;p=2291"},"modified":"2026-02-13T10:03:16","modified_gmt":"2026-02-13T15:03:16","slug":"linterna-nightstick-intrant-2","status":"publish","type":"product","link":"https:\/\/www.kpnsafety.com\/pe\/producto\/linterna-nightstick-intrant-2\/","title":{"rendered":"LINTERNA NIGHTSTICK INTRANT"},"content":{"rendered":"<div class=\"section-block__header text-left\">\n<h2 class=\"h1--mini section-block__title\">CARACTER\u00cdSTICAS<\/h2>\n<\/div>\n<ul>\n<li>Intr\u00ednsecamente seguro listado por cULus, ATEX, IECEx e INMETRO<\/li>\n<li>Linterna \u2013 Proyector \u2013 Doble luz<\/li>\n<li>tecnolog\u00eda LED<\/li>\n<li>8 configuraciones de brillo seleccionables por el usuario para la linterna y el reflector, incluido un modo de supervivencia de 20 l\u00famenes<\/li>\n<li>Reflector parab\u00f3lico profundo de alta eficiencia que crea un haz de linterna bien enfocado<\/li>\n<li>La luz dual (tanto la linterna como el reflector encendidos al mismo tiempo) proporciona la m\u00e1xima versatilidad de iluminaci\u00f3n y seguridad para el usuario<\/li>\n<li>Carcasa de pol\u00edmero de nailon relleno de vidrio<\/li>\n<li>Interruptores de doble cuerpo<\/li>\n<li>Clip de bolsillo de acero inoxidable resistente<\/li>\n<li>Indicador de estado de carga de la bater\u00eda (solo para uso con bater\u00eda recargable)<\/li>\n<li>IP-67 a prueba de polvo \/ impermeable<\/li>\n<li>Resistente a impactos y qu\u00edmicos<\/li>\n<li>Cumple con los requisitos de NFPA-1971-8.6 (2013)<\/li>\n<li>Alimentado por una bater\u00eda recargable de iones de litio (incluida)<\/li>\n<li>Serializado para identificaci\u00f3n personal<\/li>\n<li>Incluye un portador de bater\u00eda AA para energ\u00eda de respaldo si es necesario<\/li>\n<li>Entrada de carga: 12 VCC m\u00e1x.<\/li>\n<li>Garantia limitada de por vida<\/li>\n<\/ul>\n","protected":false},"excerpt":{"rendered":"<p>La Linterna Nightstick <strong>INTRANT\u00ae<\/strong> es una linterna, un proyector y una luz de \u00e1ngulo de doble luz con certificaci\u00f3n cULus, ATEX Zona 0, IECEx e INMETRO como intr\u00ednsecamente segura.<\/p>\n<p>La linterna gira 90 grados hacia arriba y hacia abajo con un reflector en \u00e1ngulo hacia abajo de 45 grados.\u00a0M\u00faltiples configuraciones ofrecen un brillo seleccionable por el usuario de 200, 110 y 60 l\u00famenes con una distancia de haz de 401 metros.\u00a0El haz ultrafino es perfecto para atravesar el humo e iluminar objetos a grandes distancias.\u00a0La configuraci\u00f3n del reflector tiene configuraciones de brillo seleccionables por el usuario de 100, 40 y un modo de supervivencia de 20 l\u00famenes que proporciona suficiente luz en una situaci\u00f3n de emergencia con un tiempo de ejecuci\u00f3n de 27 horas.\u00a0El modo Dual-Light\u2122 permite al usuario ver simult\u00e1neamente objetos a distancia o a trav\u00e9s del humo, as\u00ed como ver el suelo frente a ellos mientras caminan o trabajan.<\/p>\n<p>Alimentado por un paquete de bater\u00edas recargables de iones de litio e incluye un portador de bater\u00eda AA para proporcionar energ\u00eda de respaldo si es necesario.\u00a0Clasificaci\u00f3n IP-67 a prueba de polvo\/impermeable.\u00a0Cumple con los requisitos de NFPA-1971-8.6 (2013).<\/p>\n<p><a class=\"accion\" href=\"https:\/\/api.whatsapp.com\/send?phone=573147862881\" target=\"_blank\" rel=\"noopener\">Contactar un consultor<\/a><\/p>\n<p><a class=\"accion\" href=\"https:\/\/www.kpnsafety.com\/pe\/contacto\/\" target=\"_blank\" rel=\"noopener\">Solicitar Presupuesto<\/a><\/p>\n","protected":false},"featured_media":2298,"template":"","meta":[],"product_brand":[],"product_cat":[183,16],"product_tag":[185,186,184],"class_list":{"0":"post-2291","1":"product","2":"type-product","3":"status-publish","4":"has-post-thumbnail","6":"product_cat-busqueda-y-rescate","7":"product_cat-seguridad-industrial","8":"product_tag-busqueda-y-rescate","9":"product_tag-iluminacion-para-rescate","10":"product_tag-linterna","12":"first","13":"instock","14":"shipping-taxable","15":"product-type-simple"},"_links":{"self":[{"href":"https:\/\/www.kpnsafety.com\/pe\/wp-json\/wp\/v2\/product\/2291","targetHints":{"allow":["GET"]}}],"collection":[{"href":"https:\/\/www.kpnsafety.com\/pe\/wp-json\/wp\/v2\/product"}],"about":[{"href":"https:\/\/www.kpnsafety.com\/pe\/wp-json\/wp\/v2\/types\/product"}],"wp:featuredmedia":[{"embeddable":true,"href":"https:\/\/www.kpnsafety.com\/pe\/wp-json\/wp\/v2\/media\/2298"}],"wp:attachment":[{"href":"https:\/\/www.kpnsafety.com\/pe\/wp-json\/wp\/v2\/media?parent=2291"}],"wp:term":[{"taxonomy":"product_brand","embeddable":true,"href":"https:\/\/www.kpnsafety.com\/pe\/wp-json\/wp\/v2\/product_brand?post=2291"},{"taxonomy":"product_cat","embeddable":true,"href":"https:\/\/www.kpnsafety.com\/pe\/wp-json\/wp\/v2\/product_cat?post=2291"},{"taxonomy":"product_tag","embeddable":true,"href":"https:\/\/www.kpnsafety.com\/pe\/wp-json\/wp\/v2\/product_tag?post=2291"}],"curies":[{"name":"wp","href":"https:\/\/api.w.org\/{rel}","templated":true}]}}