{"id":2305,"date":"2023-11-16T16:23:22","date_gmt":"2023-11-16T21:23:22","guid":{"rendered":"https:\/\/www.kpnsafety.com\/pe\/?post_type=product&#038;p=2305"},"modified":"2025-01-13T17:00:58","modified_gmt":"2025-01-13T22:00:58","slug":"guante-para-bombero","status":"publish","type":"product","link":"https:\/\/www.kpnsafety.com\/pe\/producto\/guante-para-bombero\/","title":{"rendered":"GUANTE PARA BOMBERO Fire GBT"},"content":{"rendered":"<p>Color Negro<\/p>\n<p>NormativaEN 388.2003 \/ EN 407 \/ EN 659Gama de guantesBombero<\/p>\n<p>Uso de guantesB\u00fasqueda y rescate<\/p>\n<p>MaterialTextil con aramida y con reflectantes, con pu\u00f1o corto el\u00e1stico<\/p>\n<p>SectoresBomberos, Forestales<\/p>\n<p>Niveles de Protecci\u00f3n GUANTES4543 \/ 4242XX<\/p>\n","protected":false},"excerpt":{"rendered":"<p>GUANTE PARA BOMBERO textil con pu\u00f1o y con banda autorreflectante certificado de acuerdo a la norma EN 659 y con una desteridad de nivel cinco. Realizado con un patr\u00f3n precurvado para adapatarse a forma an\u00e1tomica de la mano. Excelente flexibilidad gracias a la ausencia de laminaci\u00f3n entre sus capas. Especialmente dise\u00f1ado para bomberos, tanto urbanos como forestales y tambi\u00e9n para b\u00fasqueda y rescate.<\/p>\n<p><a class=\"accion\" href=\"https:\/\/api.whatsapp.com\/send?phone=573147862881\" target=\"_blank\" rel=\"noopener\">Contactar un consultor<\/a><\/p>\n<p><a class=\"accion\" href=\"https:\/\/www.kpnsafety.com\/pe\/contacto\/\" target=\"_blank\" rel=\"noopener\">Solicitar Presupuesto<\/a><\/p>\n","protected":false},"featured_media":2308,"template":"","meta":[],"product_brand":[],"product_cat":[31,64],"product_tag":[188],"class_list":{"0":"post-2305","1":"product","2":"type-product","3":"status-publish","4":"has-post-thumbnail","6":"product_cat-proteccion-contra-incendios","7":"product_cat-incendios-estructurales","8":"product_tag-guantes-para-bombero","10":"first","11":"instock","12":"shipping-taxable","13":"product-type-simple"},"_links":{"self":[{"href":"https:\/\/www.kpnsafety.com\/pe\/wp-json\/wp\/v2\/product\/2305","targetHints":{"allow":["GET"]}}],"collection":[{"href":"https:\/\/www.kpnsafety.com\/pe\/wp-json\/wp\/v2\/product"}],"about":[{"href":"https:\/\/www.kpnsafety.com\/pe\/wp-json\/wp\/v2\/types\/product"}],"wp:featuredmedia":[{"embeddable":true,"href":"https:\/\/www.kpnsafety.com\/pe\/wp-json\/wp\/v2\/media\/2308"}],"wp:attachment":[{"href":"https:\/\/www.kpnsafety.com\/pe\/wp-json\/wp\/v2\/media?parent=2305"}],"wp:term":[{"taxonomy":"product_brand","embeddable":true,"href":"https:\/\/www.kpnsafety.com\/pe\/wp-json\/wp\/v2\/product_brand?post=2305"},{"taxonomy":"product_cat","embeddable":true,"href":"https:\/\/www.kpnsafety.com\/pe\/wp-json\/wp\/v2\/product_cat?post=2305"},{"taxonomy":"product_tag","embeddable":true,"href":"https:\/\/www.kpnsafety.com\/pe\/wp-json\/wp\/v2\/product_tag?post=2305"}],"curies":[{"name":"wp","href":"https:\/\/api.w.org\/{rel}","templated":true}]}}